{"id":92819,"date":"2024-01-17T16:03:59","date_gmt":"2024-01-17T15:03:59","guid":{"rendered":"https:\/\/www.hotelgalli.it\/imprint\/"},"modified":"2024-01-17T16:03:59","modified_gmt":"2024-01-17T15:03:59","slug":"imprint","status":"publish","type":"page","link":"https:\/\/www.hotelgalli.it\/fr\/imprint\/","title":{"rendered":"Imprint"},"content":{"rendered":"\n<!-- Legal document generated by Complianz | GDPR\/CCPA Cookie Consent https:\/\/wordpress.org\/plugins\/complianz-gdpr -->\n<div id=\"cmplz-document\" class=\"cmplz-document impressum cmplz-document-all\"><p><i>Cette imprint a \u00e9t\u00e9 mise \u00e0 jour pour la derni\u00e8re fois le 15 mai 2025.<\/i><\/p><p class=\"cmplz-subtitle\">Le propri\u00e9taire de ce site web est\u00a0:<\/p><p>Hotel Galli <br>Via delle Fornaci 87, 57034 Campo nell'Elba (LI)<br>Italie<br>E-mail\u00a0:&nbsp;<span class=\"cmplz-obfuscate\">inf&#111;@<span class=\"cmplz-fmail-domain\">ex.&#099;o&#109;<\/span>&#104;o&#116;&#101;&#108;gall&#105;&#046;it<\/span><br>Num\u00e9ro de t\u00e9l\u00e9phone\u00a0: +39 0565 988035<br>ID TVA\u00a0:&nbsp;00142610492<\/p><p class=\"cmplz-subtitle\">Le(s) repr\u00e9sentant(s) l\u00e9gal(aux) de Hotel Galli \u00a0:<\/p><p>Tiziana Galli, Emanuela Sardi<\/p><h2>1. G\u00e9n\u00e9ral<\/h2><p class=\"cmplz-subtitle\">1.1 Nous sommes enregistr\u00e9s chez Registro Imprese CCIA di Livorno sous le num\u00e9ro de licence ou d\u2019enregistrement\u00a0:<\/p><p>00161660493<\/p><p>Nous ne sommes ni dispos\u00e9s ni oblig\u00e9s de participer \u00e0 des proc\u00e9dures de r\u00e8glement des litiges devant une commission d\u2019arbitrage des consommateurs.<\/p><h2>2. Les informations suivantes sont obligatoires selon la loi allemande.<\/h2><p class=\"cmplz-subtitle\">2.1 Die Eigentumsanteile der Gesellschaft (Aktienkapital), die von ihr ausgegeben wurden:<\/p><p>\u20ac 90.000<\/p><\/div>\n","protected":false},"excerpt":{"rendered":"","protected":false},"author":1,"featured_media":0,"parent":0,"menu_order":99,"comment_status":"closed","ping_status":"closed","template":"","meta":{"_joinchat":[],"footnotes":""},"class_list":["post-92819","page","type-page","status-publish","hentry"],"yoast_head":"<!-- This site is optimized with the Yoast SEO plugin v27.4 - https:\/\/yoast.com\/product\/yoast-seo-wordpress\/ -->\n<title>Imprint - Hotel Galli Wellness &amp; SPA - Fetovaia, Isola d&#039;Elba<\/title>\n<meta name=\"robots\" content=\"index, follow, max-snippet:-1, max-image-preview:large, max-video-preview:-1\" \/>\n<link rel=\"canonical\" href=\"https:\/\/www.hotelgalli.it\/fr\/imprint\/\" \/>\n<meta property=\"og:locale\" content=\"fr_FR\" \/>\n<meta property=\"og:type\" content=\"article\" \/>\n<meta property=\"og:title\" content=\"Imprint - Hotel Galli Wellness &amp; SPA - Fetovaia, Isola d&#039;Elba\" \/>\n<meta property=\"og:url\" content=\"https:\/\/www.hotelgalli.it\/fr\/imprint\/\" \/>\n<meta property=\"og:site_name\" content=\"Hotel Galli Wellness &amp; SPA\" \/>\n<meta property=\"article:publisher\" content=\"https:\/\/www.facebook.com\/hotelgalli.fetovaia\/\" \/>\n<meta name=\"twitter:card\" content=\"summary_large_image\" \/>\n<script type=\"application\/ld+json\" class=\"yoast-schema-graph\">{\"@context\":\"https:\\\/\\\/schema.org\",\"@graph\":[{\"@type\":\"WebPage\",\"@id\":\"https:\\\/\\\/www.hotelgalli.it\\\/fr\\\/imprint\\\/\",\"url\":\"https:\\\/\\\/www.hotelgalli.it\\\/fr\\\/imprint\\\/\",\"name\":\"Imprint - Hotel Galli Wellness &amp; SPA - Fetovaia, Isola d'Elba\",\"isPartOf\":{\"@id\":\"https:\\\/\\\/www.hotelgalli.it\\\/fr\\\/#website\"},\"datePublished\":\"2024-01-17T15:03:59+00:00\",\"breadcrumb\":{\"@id\":\"https:\\\/\\\/www.hotelgalli.it\\\/fr\\\/imprint\\\/#breadcrumb\"},\"inLanguage\":\"fr-FR\",\"potentialAction\":[{\"@type\":\"ReadAction\",\"target\":[\"https:\\\/\\\/www.hotelgalli.it\\\/fr\\\/imprint\\\/\"]}]},{\"@type\":\"BreadcrumbList\",\"@id\":\"https:\\\/\\\/www.hotelgalli.it\\\/fr\\\/imprint\\\/#breadcrumb\",\"itemListElement\":[{\"@type\":\"ListItem\",\"position\":1,\"name\":\"Home\",\"item\":\"https:\\\/\\\/www.hotelgalli.it\\\/fr\\\/\"},{\"@type\":\"ListItem\",\"position\":2,\"name\":\"Imprint\"}]},{\"@type\":\"WebSite\",\"@id\":\"https:\\\/\\\/www.hotelgalli.it\\\/fr\\\/#website\",\"url\":\"https:\\\/\\\/www.hotelgalli.it\\\/fr\\\/\",\"name\":\"Hotel Galli Wellness & Spa\",\"description\":\"Fetovaia - Isola d&#039;Elba\",\"publisher\":{\"@id\":\"https:\\\/\\\/www.hotelgalli.it\\\/fr\\\/#organization\"},\"potentialAction\":[{\"@type\":\"SearchAction\",\"target\":{\"@type\":\"EntryPoint\",\"urlTemplate\":\"https:\\\/\\\/www.hotelgalli.it\\\/fr\\\/?s={search_term_string}\"},\"query-input\":{\"@type\":\"PropertyValueSpecification\",\"valueRequired\":true,\"valueName\":\"search_term_string\"}}],\"inLanguage\":\"fr-FR\"},{\"@type\":\"Organization\",\"@id\":\"https:\\\/\\\/www.hotelgalli.it\\\/fr\\\/#organization\",\"name\":\"Hotel Galli Wellness & Spa\",\"url\":\"https:\\\/\\\/www.hotelgalli.it\\\/fr\\\/\",\"logo\":{\"@type\":\"ImageObject\",\"inLanguage\":\"fr-FR\",\"@id\":\"https:\\\/\\\/www.hotelgalli.it\\\/fr\\\/#\\\/schema\\\/logo\\\/image\\\/\",\"url\":\"https:\\\/\\\/www.hotelgalli.it\\\/wp-content\\\/uploads\\\/hotel_galli_wellness_spa_web.png\",\"contentUrl\":\"https:\\\/\\\/www.hotelgalli.it\\\/wp-content\\\/uploads\\\/hotel_galli_wellness_spa_web.png\",\"width\":300,\"height\":101,\"caption\":\"Hotel Galli Wellness & Spa\"},\"image\":{\"@id\":\"https:\\\/\\\/www.hotelgalli.it\\\/fr\\\/#\\\/schema\\\/logo\\\/image\\\/\"},\"sameAs\":[\"https:\\\/\\\/www.facebook.com\\\/hotelgalli.fetovaia\\\/\",\"https:\\\/\\\/www.instagram.com\\\/hotelgalli_elba\\\/\"]}]}<\/script>\n<!-- \/ Yoast SEO plugin. -->","yoast_head_json":{"title":"Imprint - Hotel Galli Wellness &amp; SPA - Fetovaia, Isola d'Elba","robots":{"index":"index","follow":"follow","max-snippet":"max-snippet:-1","max-image-preview":"max-image-preview:large","max-video-preview":"max-video-preview:-1"},"canonical":"https:\/\/www.hotelgalli.it\/fr\/imprint\/","og_locale":"fr_FR","og_type":"article","og_title":"Imprint - Hotel Galli Wellness &amp; SPA - Fetovaia, Isola d'Elba","og_url":"https:\/\/www.hotelgalli.it\/fr\/imprint\/","og_site_name":"Hotel Galli Wellness &amp; SPA","article_publisher":"https:\/\/www.facebook.com\/hotelgalli.fetovaia\/","twitter_card":"summary_large_image","schema":{"@context":"https:\/\/schema.org","@graph":[{"@type":"WebPage","@id":"https:\/\/www.hotelgalli.it\/fr\/imprint\/","url":"https:\/\/www.hotelgalli.it\/fr\/imprint\/","name":"Imprint - Hotel Galli Wellness &amp; SPA - Fetovaia, Isola d'Elba","isPartOf":{"@id":"https:\/\/www.hotelgalli.it\/fr\/#website"},"datePublished":"2024-01-17T15:03:59+00:00","breadcrumb":{"@id":"https:\/\/www.hotelgalli.it\/fr\/imprint\/#breadcrumb"},"inLanguage":"fr-FR","potentialAction":[{"@type":"ReadAction","target":["https:\/\/www.hotelgalli.it\/fr\/imprint\/"]}]},{"@type":"BreadcrumbList","@id":"https:\/\/www.hotelgalli.it\/fr\/imprint\/#breadcrumb","itemListElement":[{"@type":"ListItem","position":1,"name":"Home","item":"https:\/\/www.hotelgalli.it\/fr\/"},{"@type":"ListItem","position":2,"name":"Imprint"}]},{"@type":"WebSite","@id":"https:\/\/www.hotelgalli.it\/fr\/#website","url":"https:\/\/www.hotelgalli.it\/fr\/","name":"Hotel Galli Wellness & Spa","description":"Fetovaia - Isola d&#039;Elba","publisher":{"@id":"https:\/\/www.hotelgalli.it\/fr\/#organization"},"potentialAction":[{"@type":"SearchAction","target":{"@type":"EntryPoint","urlTemplate":"https:\/\/www.hotelgalli.it\/fr\/?s={search_term_string}"},"query-input":{"@type":"PropertyValueSpecification","valueRequired":true,"valueName":"search_term_string"}}],"inLanguage":"fr-FR"},{"@type":"Organization","@id":"https:\/\/www.hotelgalli.it\/fr\/#organization","name":"Hotel Galli Wellness & Spa","url":"https:\/\/www.hotelgalli.it\/fr\/","logo":{"@type":"ImageObject","inLanguage":"fr-FR","@id":"https:\/\/www.hotelgalli.it\/fr\/#\/schema\/logo\/image\/","url":"https:\/\/www.hotelgalli.it\/wp-content\/uploads\/hotel_galli_wellness_spa_web.png","contentUrl":"https:\/\/www.hotelgalli.it\/wp-content\/uploads\/hotel_galli_wellness_spa_web.png","width":300,"height":101,"caption":"Hotel Galli Wellness & Spa"},"image":{"@id":"https:\/\/www.hotelgalli.it\/fr\/#\/schema\/logo\/image\/"},"sameAs":["https:\/\/www.facebook.com\/hotelgalli.fetovaia\/","https:\/\/www.instagram.com\/hotelgalli_elba\/"]}]}},"_links":{"self":[{"href":"https:\/\/www.hotelgalli.it\/fr\/wp-json\/wp\/v2\/pages\/92819","targetHints":{"allow":["GET"]}}],"collection":[{"href":"https:\/\/www.hotelgalli.it\/fr\/wp-json\/wp\/v2\/pages"}],"about":[{"href":"https:\/\/www.hotelgalli.it\/fr\/wp-json\/wp\/v2\/types\/page"}],"author":[{"embeddable":true,"href":"https:\/\/www.hotelgalli.it\/fr\/wp-json\/wp\/v2\/users\/1"}],"replies":[{"embeddable":true,"href":"https:\/\/www.hotelgalli.it\/fr\/wp-json\/wp\/v2\/comments?post=92819"}],"version-history":[{"count":0,"href":"https:\/\/www.hotelgalli.it\/fr\/wp-json\/wp\/v2\/pages\/92819\/revisions"}],"wp:attachment":[{"href":"https:\/\/www.hotelgalli.it\/fr\/wp-json\/wp\/v2\/media?parent=92819"}],"curies":[{"name":"wp","href":"https:\/\/api.w.org\/{rel}","templated":true}]}}