{"id":92705,"date":"2023-12-07T15:00:56","date_gmt":"2023-12-07T14:00:56","guid":{"rendered":"https:\/\/www.hotelgalli.it\/noleggio-auto\/"},"modified":"2025-05-16T16:07:29","modified_gmt":"2025-05-16T14:07:29","slug":"location-de-vehicule","status":"publish","type":"page","link":"https:\/\/www.hotelgalli.it\/fr\/location-de-vehicule\/","title":{"rendered":"Location de V\u00e9hicule"},"content":{"rendered":"\t\t<div data-elementor-type=\"wp-page\" data-elementor-id=\"92705\" class=\"elementor elementor-92705 elementor-89686\">\n\t\t\t\t\t\t<section class=\"elementor-section elementor-top-section elementor-element elementor-element-9c2cbcd elementor-section-stretched elementor-section-full_width elementor-section-height-default elementor-section-height-default tm-col-stretched-none tm-bg-color-over-image\" data-id=\"9c2cbcd\" data-element_type=\"section\" data-settings=\"{&quot;stretch_section&quot;:&quot;section-stretched&quot;,&quot;background_background&quot;:&quot;classic&quot;}\">\n\t\t\t\t\t\t<div class=\"elementor-container elementor-column-gap-default\">\n\t\t\t\t\t<div class=\"elementor-column elementor-col-100 elementor-top-column elementor-element elementor-element-492a908 tm-bg-color-over-image\" data-id=\"492a908\" data-element_type=\"column\">\n\t\t\t<div class=\"elementor-widget-wrap elementor-element-populated\">\n\t\t\t\t\t\t<div class=\"elementor-element elementor-element-87d993f elementor-widget elementor-widget-spacer\" data-id=\"87d993f\" data-element_type=\"widget\" data-widget_type=\"spacer.default\">\n\t\t\t\t<div class=\"elementor-widget-container\">\n\t\t\t\t\t\t\t<div class=\"elementor-spacer\">\n\t\t\t<div class=\"elementor-spacer-inner\"><\/div>\n\t\t<\/div>\n\t\t\t\t\t\t<\/div>\n\t\t\t\t<\/div>\n\t\t\t\t\t<\/div>\n\t\t<\/div>\n\t\t\t\t\t<\/div>\n\t\t<\/section>\n\t\t\t\t<section class=\"elementor-section elementor-top-section elementor-element elementor-element-2f61b088 boxbook elementor-section-boxed elementor-section-height-default elementor-section-height-default tm-col-stretched-none tm-bg-color-over-image\" data-id=\"2f61b088\" data-element_type=\"section\" data-settings=\"{&quot;background_background&quot;:&quot;classic&quot;}\">\n\t\t\t\t\t\t<div class=\"elementor-container elementor-column-gap-extended\">\n\t\t\t\t\t<div class=\"elementor-column elementor-col-100 elementor-top-column elementor-element elementor-element-50e86b59 tm-bg-color-over-image\" data-id=\"50e86b59\" data-element_type=\"column\">\n\t\t\t<div class=\"elementor-widget-wrap elementor-element-populated\">\n\t\t\t\t\t\t<section class=\"elementor-section elementor-inner-section elementor-element elementor-element-74c633ee elementor-section-content-middle elementor-section-boxed elementor-section-height-default elementor-section-height-default tm-col-stretched-none tm-bg-color-over-image\" data-id=\"74c633ee\" data-element_type=\"section\">\n\t\t\t\t\t\t<div class=\"elementor-container elementor-column-gap-default\">\n\t\t\t\t\t<div class=\"elementor-column elementor-col-100 elementor-inner-column elementor-element elementor-element-62efe77b tm-bg-color-over-image\" data-id=\"62efe77b\" data-element_type=\"column\">\n\t\t\t<div class=\"elementor-widget-wrap elementor-element-populated\">\n\t\t\t\t\t\t<div class=\"elementor-element elementor-element-caeda3a elementor-widget__width-auto elementor-widget elementor-widget-shortcode\" data-id=\"caeda3a\" data-element_type=\"widget\" data-widget_type=\"shortcode.default\">\n\t\t\t\t<div class=\"elementor-widget-container\">\n\t\t\t\t\t\t\t<div class=\"elementor-shortcode\"><\/div>\n\t\t\t\t\t\t<\/div>\n\t\t\t\t<\/div>\n\t\t\t\t\t<\/div>\n\t\t<\/div>\n\t\t\t\t\t<\/div>\n\t\t<\/section>\n\t\t\t\t\t<\/div>\n\t\t<\/div>\n\t\t\t\t\t<\/div>\n\t\t<\/section>\n\t\t\t\t<section class=\"elementor-section elementor-top-section elementor-element elementor-element-6d804b5 elementor-section-stretched elementor-section-boxed elementor-section-height-default elementor-section-height-default tm-col-stretched-none tm-bg-color-over-image\" data-id=\"6d804b5\" data-element_type=\"section\" data-settings=\"{&quot;stretch_section&quot;:&quot;section-stretched&quot;}\">\n\t\t\t\t\t\t\t<div class=\"elementor-background-overlay\"><\/div>\n\t\t\t\t\t\t\t<div class=\"elementor-container elementor-column-gap-extended\">\n\t\t\t\t\t<div class=\"elementor-column elementor-col-100 elementor-top-column elementor-element elementor-element-30a1abe tm-bg-color-over-image\" data-id=\"30a1abe\" data-element_type=\"column\">\n\t\t\t<div class=\"elementor-widget-wrap elementor-element-populated\">\n\t\t\t\t\t\t<div class=\"elementor-element elementor-element-1bc8128 horizontal-line-align-left vertical-line-align-bottom elementor-widget elementor-widget-tm-ele-section-title\" data-id=\"1bc8128\" data-element_type=\"widget\" data-widget_type=\"tm-ele-section-title.default\">\n\t\t\t\t<div class=\"elementor-widget-container\">\n\t\t\t\t\t<div class=\"tm-sc-section-title section-title line-left-current-theme \">\r\n\t<div class=\"title-wrapper\">\r\n\t\t\t\t\t\t<h6 class=\"subtitle \">\r\n\r\n\t\t\r\n\t\t\u00cele d'Elbe\t<\/h6>\r\n\t\t\t\t<h2 class=\"title \">\r\n\r\n\t\t\r\n\t\t\t\t<span class=\"title-part1 \">Location de V\u00e9hicule<\/span>\r\n\t\t\t\t\r\n\t\t\r\n\t<\/h2>\r\n\t<div class=\"title-seperator-line\"><\/div>\t\t\t\t\t\t<\/div>\r\n<\/div>\t\t\t\t<\/div>\n\t\t\t\t<\/div>\n\t\t\t\t\t<\/div>\n\t\t<\/div>\n\t\t\t\t\t<\/div>\n\t\t<\/section>\n\t\t\t\t<section class=\"elementor-section elementor-top-section elementor-element elementor-element-935ddad elementor-section-stretched elementor-section-boxed elementor-section-height-default elementor-section-height-default tm-col-stretched-none tm-bg-color-over-image\" data-id=\"935ddad\" data-element_type=\"section\" data-settings=\"{&quot;stretch_section&quot;:&quot;section-stretched&quot;,&quot;background_background&quot;:&quot;classic&quot;}\">\n\t\t\t\t\t\t\t<div class=\"elementor-background-overlay\"><\/div>\n\t\t\t\t\t\t\t<div class=\"elementor-container elementor-column-gap-extended\">\n\t\t\t\t\t<div class=\"elementor-column elementor-col-100 elementor-top-column elementor-element elementor-element-eec9332 tm-bg-color-over-image\" data-id=\"eec9332\" data-element_type=\"column\">\n\t\t\t<div class=\"elementor-widget-wrap elementor-element-populated\">\n\t\t\t\t\t\t<div class=\"elementor-element elementor-element-cd5da7b elementor-widget elementor-widget-html\" data-id=\"cd5da7b\" data-element_type=\"widget\" data-widget_type=\"html.default\">\n\t\t\t\t<div class=\"elementor-widget-container\">\n\t\t\t\t\t<p style=\"text-align:center;\">Location de V\u00e9hicule \u00cele d\u2019Elbe: pour louer un v\u00e9hicule sur l\u2019Ile d\u2019Elbe, veuillez remplir le formulaire suivant.<\/p>\n<iframe width=\"100%\" height=\"700px\" frameBorder=\"0\" scrolling=\"no\" src=\"https:\/\/www.elba4fun.it\/index\/iframewrapiframe?affiliato_id=38\"><\/iframe>\t\t\t\t<\/div>\n\t\t\t\t<\/div>\n\t\t\t\t\t<\/div>\n\t\t<\/div>\n\t\t\t\t\t<\/div>\n\t\t<\/section>\n\t\t\t\t<\/div>\n\t\t","protected":false},"excerpt":{"rendered":"<p>\u00cele d&#8217;Elbe Location de V\u00e9hicule Location de V\u00e9hicule \u00cele d\u2019Elbe: pour louer un v\u00e9hicule sur l\u2019Ile d\u2019Elbe, veuillez remplir le&#8230;<\/p>\n","protected":false},"author":1,"featured_media":0,"parent":0,"menu_order":17,"comment_status":"closed","ping_status":"closed","template":"","meta":{"_joinchat":[],"footnotes":""},"class_list":["post-92705","page","type-page","status-publish","hentry"],"yoast_head":"<!-- This site is optimized with the Yoast SEO plugin v26.8 - https:\/\/yoast.com\/product\/yoast-seo-wordpress\/ -->\n<title>Location de V\u00e9hicule - Hotel Galli Wellness &amp; SPA - Fetovaia<\/title>\n<meta name=\"description\" content=\"Location de V\u00e9hicule \u00cele d\u2019Elbe: pour louer un v\u00e9hicule sur l\u2019Ile d\u2019Elbe, veuillez remplir le formulaire suivant..\" \/>\n<meta name=\"robots\" content=\"index, follow, max-snippet:-1, max-image-preview:large, max-video-preview:-1\" \/>\n<link rel=\"canonical\" href=\"https:\/\/www.hotelgalli.it\/fr\/location-de-vehicule\/\" \/>\n<meta property=\"og:locale\" content=\"fr_FR\" \/>\n<meta property=\"og:type\" content=\"article\" \/>\n<meta property=\"og:title\" content=\"Location de V\u00e9hicule - Hotel Galli Wellness &amp; SPA - Fetovaia\" \/>\n<meta property=\"og:description\" content=\"Location de V\u00e9hicule \u00cele d\u2019Elbe: pour louer un v\u00e9hicule sur l\u2019Ile d\u2019Elbe, veuillez remplir le formulaire suivant..\" \/>\n<meta property=\"og:url\" content=\"https:\/\/www.hotelgalli.it\/fr\/location-de-vehicule\/\" \/>\n<meta property=\"og:site_name\" content=\"Hotel Galli Wellness &amp; SPA\" \/>\n<meta property=\"article:publisher\" content=\"https:\/\/www.facebook.com\/hotelgalli.fetovaia\/\" \/>\n<meta property=\"article:modified_time\" content=\"2025-05-16T14:07:29+00:00\" \/>\n<meta name=\"twitter:card\" content=\"summary_large_image\" \/>\n<script type=\"application\/ld+json\" class=\"yoast-schema-graph\">{\"@context\":\"https:\/\/schema.org\",\"@graph\":[{\"@type\":\"WebPage\",\"@id\":\"https:\/\/www.hotelgalli.it\/fr\/location-de-vehicule\/\",\"url\":\"https:\/\/www.hotelgalli.it\/fr\/location-de-vehicule\/\",\"name\":\"Location de V\u00e9hicule - Hotel Galli Wellness &amp; SPA - Fetovaia\",\"isPartOf\":{\"@id\":\"https:\/\/www.hotelgalli.it\/fr\/#website\"},\"datePublished\":\"2023-12-07T14:00:56+00:00\",\"dateModified\":\"2025-05-16T14:07:29+00:00\",\"description\":\"Location de V\u00e9hicule \u00cele d\u2019Elbe: pour louer un v\u00e9hicule sur l\u2019Ile d\u2019Elbe, veuillez remplir le formulaire suivant..\",\"breadcrumb\":{\"@id\":\"https:\/\/www.hotelgalli.it\/fr\/location-de-vehicule\/#breadcrumb\"},\"inLanguage\":\"fr-FR\",\"potentialAction\":[{\"@type\":\"ReadAction\",\"target\":[\"https:\/\/www.hotelgalli.it\/fr\/location-de-vehicule\/\"]}]},{\"@type\":\"BreadcrumbList\",\"@id\":\"https:\/\/www.hotelgalli.it\/fr\/location-de-vehicule\/#breadcrumb\",\"itemListElement\":[{\"@type\":\"ListItem\",\"position\":1,\"name\":\"Home\",\"item\":\"https:\/\/www.hotelgalli.it\/fr\/\"},{\"@type\":\"ListItem\",\"position\":2,\"name\":\"Location de V\u00e9hicule\"}]},{\"@type\":\"WebSite\",\"@id\":\"https:\/\/www.hotelgalli.it\/fr\/#website\",\"url\":\"https:\/\/www.hotelgalli.it\/fr\/\",\"name\":\"Hotel Galli Wellness & Spa\",\"description\":\"Fetovaia - Isola d&#039;Elba\",\"publisher\":{\"@id\":\"https:\/\/www.hotelgalli.it\/fr\/#organization\"},\"potentialAction\":[{\"@type\":\"SearchAction\",\"target\":{\"@type\":\"EntryPoint\",\"urlTemplate\":\"https:\/\/www.hotelgalli.it\/fr\/?s={search_term_string}\"},\"query-input\":{\"@type\":\"PropertyValueSpecification\",\"valueRequired\":true,\"valueName\":\"search_term_string\"}}],\"inLanguage\":\"fr-FR\"},{\"@type\":\"Organization\",\"@id\":\"https:\/\/www.hotelgalli.it\/fr\/#organization\",\"name\":\"Hotel Galli Wellness & Spa\",\"url\":\"https:\/\/www.hotelgalli.it\/fr\/\",\"logo\":{\"@type\":\"ImageObject\",\"inLanguage\":\"fr-FR\",\"@id\":\"https:\/\/www.hotelgalli.it\/fr\/#\/schema\/logo\/image\/\",\"url\":\"https:\/\/www.hotelgalli.it\/wp-content\/uploads\/hotel_galli_wellness_spa_web.png\",\"contentUrl\":\"https:\/\/www.hotelgalli.it\/wp-content\/uploads\/hotel_galli_wellness_spa_web.png\",\"width\":300,\"height\":101,\"caption\":\"Hotel Galli Wellness & Spa\"},\"image\":{\"@id\":\"https:\/\/www.hotelgalli.it\/fr\/#\/schema\/logo\/image\/\"},\"sameAs\":[\"https:\/\/www.facebook.com\/hotelgalli.fetovaia\/\",\"https:\/\/www.instagram.com\/hotelgalli_elba\/\"]}]}<\/script>\n<!-- \/ Yoast SEO plugin. -->","yoast_head_json":{"title":"Location de V\u00e9hicule - Hotel Galli Wellness &amp; SPA - Fetovaia","description":"Location de V\u00e9hicule \u00cele d\u2019Elbe: pour louer un v\u00e9hicule sur l\u2019Ile d\u2019Elbe, veuillez remplir le formulaire suivant..","robots":{"index":"index","follow":"follow","max-snippet":"max-snippet:-1","max-image-preview":"max-image-preview:large","max-video-preview":"max-video-preview:-1"},"canonical":"https:\/\/www.hotelgalli.it\/fr\/location-de-vehicule\/","og_locale":"fr_FR","og_type":"article","og_title":"Location de V\u00e9hicule - Hotel Galli Wellness &amp; SPA - Fetovaia","og_description":"Location de V\u00e9hicule \u00cele d\u2019Elbe: pour louer un v\u00e9hicule sur l\u2019Ile d\u2019Elbe, veuillez remplir le formulaire suivant..","og_url":"https:\/\/www.hotelgalli.it\/fr\/location-de-vehicule\/","og_site_name":"Hotel Galli Wellness &amp; SPA","article_publisher":"https:\/\/www.facebook.com\/hotelgalli.fetovaia\/","article_modified_time":"2025-05-16T14:07:29+00:00","twitter_card":"summary_large_image","schema":{"@context":"https:\/\/schema.org","@graph":[{"@type":"WebPage","@id":"https:\/\/www.hotelgalli.it\/fr\/location-de-vehicule\/","url":"https:\/\/www.hotelgalli.it\/fr\/location-de-vehicule\/","name":"Location de V\u00e9hicule - Hotel Galli Wellness &amp; SPA - Fetovaia","isPartOf":{"@id":"https:\/\/www.hotelgalli.it\/fr\/#website"},"datePublished":"2023-12-07T14:00:56+00:00","dateModified":"2025-05-16T14:07:29+00:00","description":"Location de V\u00e9hicule \u00cele d\u2019Elbe: pour louer un v\u00e9hicule sur l\u2019Ile d\u2019Elbe, veuillez remplir le formulaire suivant..","breadcrumb":{"@id":"https:\/\/www.hotelgalli.it\/fr\/location-de-vehicule\/#breadcrumb"},"inLanguage":"fr-FR","potentialAction":[{"@type":"ReadAction","target":["https:\/\/www.hotelgalli.it\/fr\/location-de-vehicule\/"]}]},{"@type":"BreadcrumbList","@id":"https:\/\/www.hotelgalli.it\/fr\/location-de-vehicule\/#breadcrumb","itemListElement":[{"@type":"ListItem","position":1,"name":"Home","item":"https:\/\/www.hotelgalli.it\/fr\/"},{"@type":"ListItem","position":2,"name":"Location de V\u00e9hicule"}]},{"@type":"WebSite","@id":"https:\/\/www.hotelgalli.it\/fr\/#website","url":"https:\/\/www.hotelgalli.it\/fr\/","name":"Hotel Galli Wellness & Spa","description":"Fetovaia - Isola d&#039;Elba","publisher":{"@id":"https:\/\/www.hotelgalli.it\/fr\/#organization"},"potentialAction":[{"@type":"SearchAction","target":{"@type":"EntryPoint","urlTemplate":"https:\/\/www.hotelgalli.it\/fr\/?s={search_term_string}"},"query-input":{"@type":"PropertyValueSpecification","valueRequired":true,"valueName":"search_term_string"}}],"inLanguage":"fr-FR"},{"@type":"Organization","@id":"https:\/\/www.hotelgalli.it\/fr\/#organization","name":"Hotel Galli Wellness & Spa","url":"https:\/\/www.hotelgalli.it\/fr\/","logo":{"@type":"ImageObject","inLanguage":"fr-FR","@id":"https:\/\/www.hotelgalli.it\/fr\/#\/schema\/logo\/image\/","url":"https:\/\/www.hotelgalli.it\/wp-content\/uploads\/hotel_galli_wellness_spa_web.png","contentUrl":"https:\/\/www.hotelgalli.it\/wp-content\/uploads\/hotel_galli_wellness_spa_web.png","width":300,"height":101,"caption":"Hotel Galli Wellness & Spa"},"image":{"@id":"https:\/\/www.hotelgalli.it\/fr\/#\/schema\/logo\/image\/"},"sameAs":["https:\/\/www.facebook.com\/hotelgalli.fetovaia\/","https:\/\/www.instagram.com\/hotelgalli_elba\/"]}]}},"_links":{"self":[{"href":"https:\/\/www.hotelgalli.it\/fr\/wp-json\/wp\/v2\/pages\/92705","targetHints":{"allow":["GET"]}}],"collection":[{"href":"https:\/\/www.hotelgalli.it\/fr\/wp-json\/wp\/v2\/pages"}],"about":[{"href":"https:\/\/www.hotelgalli.it\/fr\/wp-json\/wp\/v2\/types\/page"}],"author":[{"embeddable":true,"href":"https:\/\/www.hotelgalli.it\/fr\/wp-json\/wp\/v2\/users\/1"}],"replies":[{"embeddable":true,"href":"https:\/\/www.hotelgalli.it\/fr\/wp-json\/wp\/v2\/comments?post=92705"}],"version-history":[{"count":7,"href":"https:\/\/www.hotelgalli.it\/fr\/wp-json\/wp\/v2\/pages\/92705\/revisions"}],"predecessor-version":[{"id":96480,"href":"https:\/\/www.hotelgalli.it\/fr\/wp-json\/wp\/v2\/pages\/92705\/revisions\/96480"}],"wp:attachment":[{"href":"https:\/\/www.hotelgalli.it\/fr\/wp-json\/wp\/v2\/media?parent=92705"}],"curies":[{"name":"wp","href":"https:\/\/api.w.org\/{rel}","templated":true}]}}