{"id":92683,"date":"2023-12-07T12:25:37","date_gmt":"2023-12-07T11:25:37","guid":{"rendered":"https:\/\/www.hotelgalli.it\/prenotazione-traghetti\/"},"modified":"2026-02-11T15:02:50","modified_gmt":"2026-02-11T14:02:50","slug":"reservation-de-ferry","status":"publish","type":"page","link":"https:\/\/www.hotelgalli.it\/fr\/reservation-de-ferry\/","title":{"rendered":"R\u00e9servation de Ferry"},"content":{"rendered":"\t\t<div data-elementor-type=\"wp-page\" data-elementor-id=\"92683\" class=\"elementor elementor-92683 elementor-89653\">\n\t\t\t\t\t\t<section class=\"elementor-section elementor-top-section elementor-element elementor-element-9c2cbcd elementor-section-stretched elementor-section-full_width elementor-section-height-default elementor-section-height-default tm-col-stretched-none tm-bg-color-over-image\" data-id=\"9c2cbcd\" data-element_type=\"section\" data-settings=\"{&quot;stretch_section&quot;:&quot;section-stretched&quot;,&quot;background_background&quot;:&quot;classic&quot;}\">\n\t\t\t\t\t\t<div class=\"elementor-container elementor-column-gap-default\">\n\t\t\t\t\t<div class=\"elementor-column elementor-col-100 elementor-top-column elementor-element elementor-element-492a908 tm-bg-color-over-image\" data-id=\"492a908\" data-element_type=\"column\">\n\t\t\t<div class=\"elementor-widget-wrap elementor-element-populated\">\n\t\t\t\t\t\t<div class=\"elementor-element elementor-element-87d993f elementor-widget elementor-widget-spacer\" data-id=\"87d993f\" data-element_type=\"widget\" data-widget_type=\"spacer.default\">\n\t\t\t\t<div class=\"elementor-widget-container\">\n\t\t\t\t\t\t\t<div class=\"elementor-spacer\">\n\t\t\t<div class=\"elementor-spacer-inner\"><\/div>\n\t\t<\/div>\n\t\t\t\t\t\t<\/div>\n\t\t\t\t<\/div>\n\t\t\t\t\t<\/div>\n\t\t<\/div>\n\t\t\t\t\t<\/div>\n\t\t<\/section>\n\t\t\t\t<section class=\"elementor-section elementor-top-section elementor-element elementor-element-2f61b088 boxbook elementor-section-boxed elementor-section-height-default elementor-section-height-default tm-col-stretched-none tm-bg-color-over-image\" data-id=\"2f61b088\" data-element_type=\"section\" data-settings=\"{&quot;background_background&quot;:&quot;classic&quot;}\">\n\t\t\t\t\t\t<div class=\"elementor-container elementor-column-gap-extended\">\n\t\t\t\t\t<div class=\"elementor-column elementor-col-100 elementor-top-column elementor-element elementor-element-50e86b59 tm-bg-color-over-image\" data-id=\"50e86b59\" data-element_type=\"column\">\n\t\t\t<div class=\"elementor-widget-wrap elementor-element-populated\">\n\t\t\t\t\t\t<section class=\"elementor-section elementor-inner-section elementor-element elementor-element-74c633ee elementor-section-content-middle elementor-section-boxed elementor-section-height-default elementor-section-height-default tm-col-stretched-none tm-bg-color-over-image\" data-id=\"74c633ee\" data-element_type=\"section\">\n\t\t\t\t\t\t<div class=\"elementor-container elementor-column-gap-default\">\n\t\t\t\t\t<div class=\"elementor-column elementor-col-100 elementor-inner-column elementor-element elementor-element-62efe77b tm-bg-color-over-image\" data-id=\"62efe77b\" data-element_type=\"column\">\n\t\t\t<div class=\"elementor-widget-wrap elementor-element-populated\">\n\t\t\t\t\t\t<div class=\"elementor-element elementor-element-caeda3a elementor-widget__width-auto elementor-widget elementor-widget-shortcode\" data-id=\"caeda3a\" data-element_type=\"widget\" data-widget_type=\"shortcode.default\">\n\t\t\t\t<div class=\"elementor-widget-container\">\n\t\t\t\t\t\t\t<div class=\"elementor-shortcode\"><\/div>\n\t\t\t\t\t\t<\/div>\n\t\t\t\t<\/div>\n\t\t\t\t\t<\/div>\n\t\t<\/div>\n\t\t\t\t\t<\/div>\n\t\t<\/section>\n\t\t\t\t\t<\/div>\n\t\t<\/div>\n\t\t\t\t\t<\/div>\n\t\t<\/section>\n\t\t\t\t<section class=\"elementor-section elementor-top-section elementor-element elementor-element-6d804b5 elementor-section-stretched elementor-section-boxed elementor-section-height-default elementor-section-height-default tm-col-stretched-none tm-bg-color-over-image\" data-id=\"6d804b5\" data-element_type=\"section\" data-settings=\"{&quot;stretch_section&quot;:&quot;section-stretched&quot;}\">\n\t\t\t\t\t\t\t<div class=\"elementor-background-overlay\"><\/div>\n\t\t\t\t\t\t\t<div class=\"elementor-container elementor-column-gap-extended\">\n\t\t\t\t\t<div class=\"elementor-column elementor-col-100 elementor-top-column elementor-element elementor-element-30a1abe tm-bg-color-over-image\" data-id=\"30a1abe\" data-element_type=\"column\">\n\t\t\t<div class=\"elementor-widget-wrap elementor-element-populated\">\n\t\t\t\t\t\t<div class=\"elementor-element elementor-element-1bc8128 horizontal-line-align-left vertical-line-align-bottom elementor-widget elementor-widget-tm-ele-section-title\" data-id=\"1bc8128\" data-element_type=\"widget\" data-widget_type=\"tm-ele-section-title.default\">\n\t\t\t\t<div class=\"elementor-widget-container\">\n\t\t\t\t\t<div class=\"tm-sc-section-title section-title line-left-current-theme \">\r\n\t<div class=\"title-wrapper\">\r\n\t\t\t\t\t\t<h6 class=\"subtitle \">\r\n\r\n\t\t\r\n\t\t\u00cele d'Elbe\t<\/h6>\r\n\t\t\t\t<h2 class=\"title \">\r\n\r\n\t\t\r\n\t\t\t\t<span class=\"title-part1 \">R\u00e9servation de Ferry<\/span>\r\n\t\t\t\t\r\n\t\t\r\n\t<\/h2>\r\n\t<div class=\"title-seperator-line\"><\/div>\t\t\t\t\t\t<\/div>\r\n<\/div>\t\t\t\t<\/div>\n\t\t\t\t<\/div>\n\t\t\t\t<div class=\"elementor-element elementor-element-2eb8a36 elementor-widget elementor-widget-tm-ele-text-editor\" data-id=\"2eb8a36\" data-element_type=\"widget\" data-widget_type=\"tm-ele-text-editor.default\">\n\t\t\t\t<div class=\"elementor-widget-container\">\n\t\t\t\t\t\t\t<div class=\"tm-text-editor\">\r\n\t\t<strong>BLU NAVY<\/strong> appliquera \u00e0 nos clients une remise allant de 20% \u00e0 40% selon les jours et horaires choisis.\t\t<\/div>\r\n\t\t\t\t\t<\/div>\n\t\t\t\t<\/div>\n\t\t\t\t<div class=\"elementor-element elementor-element-81aa5f5 elementor-widget elementor-widget-tm-ele-text-editor\" data-id=\"81aa5f5\" data-element_type=\"widget\" data-widget_type=\"tm-ele-text-editor.default\">\n\t\t\t\t<div class=\"elementor-widget-container\">\n\t\t\t\t\t\t\t<div class=\"tm-text-editor\">\r\n\t\t<p><strong>MOBY &amp; TOREMAR<\/strong> appliqueront une remise fixe de 10 % sur tous les trajets et le billet sera \u00e9galement valable pour tous les trajets ant\u00e9rieurs \u00e0 celui r\u00e9serv\u00e9 (\u00abD\u00e9parts anticip\u00e9s\u00bb). En revanche, certains trajets b\u00e9n\u00e9ficieront d\u2019une remise de 35% mais ce tarif sp\u00e9cial, contrairement aux autres, n\u2019est PAS soumis aux \u00abD\u00e9parts Anticip\u00e9s\u00bb et il n\u2019est PAS remboursable ni modifiable.<\/p>\t\t<\/div>\r\n\t\t\t\t\t<\/div>\n\t\t\t\t<\/div>\n\t\t\t\t<div class=\"elementor-element elementor-element-bca9763 elementor-widget elementor-widget-tm-ele-text-editor\" data-id=\"bca9763\" data-element_type=\"widget\" data-widget_type=\"tm-ele-text-editor.default\">\n\t\t\t\t<div class=\"elementor-widget-container\">\n\t\t\t\t\t\t\t<div class=\"tm-text-editor\">\r\n\t\tNous vous rappelons que le code de r\u00e9duction:\t\t<\/div>\r\n\t\t\t\t\t<\/div>\n\t\t\t\t<\/div>\n\t\t\t\t<div class=\"elementor-element elementor-element-50982fe0 elementor-widget elementor-widget-tm-ele-list\" data-id=\"50982fe0\" data-element_type=\"widget\" data-widget_type=\"tm-ele-list.default\">\n\t\t\t\t<div class=\"elementor-widget-container\">\n\t\t\t\t\t<ul class=\"tm-sc-list listella\">\r\n\t<li class=\"\">\r\n\t\t\t\t<i aria-hidden=\"true\" class=\" flaticon-common-check-1\"><\/i>\t\t\t\t<span>\r\n\tn\u2019est pas valable pour les achats en billetterie<\/span><\/li>\t<li class=\"\">\r\n\t\t\t\t<i aria-hidden=\"true\" class=\" flaticon-common-check-1\"><\/i>\t\t\t\t<span>\r\n\tdoit \u00eatre saisi au d\u00e9but de la phase de r\u00e9servation<\/span><\/li>\t<li class=\"\">\r\n\t\t\t\t<i aria-hidden=\"true\" class=\" flaticon-common-check-1\"><\/i>\t\t\t\t<span>\r\n\til est \u00e9galement valable pour le passager uniquement<\/span><\/li>\t<li class=\"\">\r\n\t\t\t\t<i aria-hidden=\"true\" class=\" flaticon-common-check-1\"><\/i>\t\t\t\t<span>\r\n\til ne peut pas \u00eatre utilis\u00e9 en pr\u00e9sence de v\u00e9hicules utilitaires et\/ou de camions immatricul\u00e9s<\/span><\/li><\/ul>\t\t\t\t<\/div>\n\t\t\t\t<\/div>\n\t\t\t\t\t<\/div>\n\t\t<\/div>\n\t\t\t\t\t<\/div>\n\t\t<\/section>\n\t\t\t\t<section class=\"elementor-section elementor-top-section elementor-element elementor-element-935ddad elementor-section-stretched elementor-section-boxed elementor-section-height-default elementor-section-height-default tm-col-stretched-none tm-bg-color-over-image\" data-id=\"935ddad\" data-element_type=\"section\" data-settings=\"{&quot;stretch_section&quot;:&quot;section-stretched&quot;,&quot;background_background&quot;:&quot;classic&quot;}\">\n\t\t\t\t\t\t\t<div class=\"elementor-background-overlay\"><\/div>\n\t\t\t\t\t\t\t<div class=\"elementor-container elementor-column-gap-extended\">\n\t\t\t\t\t<div class=\"elementor-column elementor-col-100 elementor-top-column elementor-element elementor-element-eec9332 tm-bg-color-over-image\" data-id=\"eec9332\" data-element_type=\"column\">\n\t\t\t<div class=\"elementor-widget-wrap elementor-element-populated\">\n\t\t\t\t\t\t<div class=\"elementor-element elementor-element-94212ca horizontal-line-align-left vertical-line-align-bottom elementor-widget elementor-widget-tm-ele-section-title\" data-id=\"94212ca\" data-element_type=\"widget\" data-widget_type=\"tm-ele-section-title.default\">\n\t\t\t\t<div class=\"elementor-widget-container\">\n\t\t\t\t\t<div class=\"tm-sc-section-title section-title line-left-current-theme \">\r\n\t<div class=\"title-wrapper\">\r\n\t\t\t\t\t\t<h6 class=\"subtitle \">\r\n\r\n\t\t\r\n\t\tBlu Navy\t<\/h6>\r\n\t\t\t\t<h3 class=\"title \">\r\n\r\n\t\t\r\n\t\t\t\t<span class=\"title-part1 \">Entrez ici le code de r\u00e9duction de la soci\u00e9t\u00e9 Blu Navy<\/span>\r\n\t\t\t\t\r\n\t\t\r\n\t<\/h3>\r\n\t<div class=\"title-seperator-line\"><\/div>\t\t\t\t\t\t<\/div>\r\n<\/div>\t\t\t\t<\/div>\n\t\t\t\t<\/div>\n\t\t\t\t<div class=\"elementor-element elementor-element-5c03f63 elementor-widget elementor-widget-spacer\" data-id=\"5c03f63\" data-element_type=\"widget\" data-widget_type=\"spacer.default\">\n\t\t\t\t<div class=\"elementor-widget-container\">\n\t\t\t\t\t\t\t<div class=\"elementor-spacer\">\n\t\t\t<div class=\"elementor-spacer-inner\"><\/div>\n\t\t<\/div>\n\t\t\t\t\t\t<\/div>\n\t\t\t\t<\/div>\n\t\t\t\t<div class=\"elementor-element elementor-element-cd5da7b elementor-widget elementor-widget-html\" data-id=\"cd5da7b\" data-element_type=\"widget\" data-widget_type=\"html.default\">\n\t\t\t\t<div class=\"elementor-widget-container\">\n\t\t\t\t\t<div style=\"margin: 0 auto;\"><iframe style=\"border: none; filter:drop-shadow(0px 3px 10px rgba(0,0,0,.2));\" src=\"https:\/\/blunavytraghetti.com\/fr\/hotel\/hotel-galli\/?iframe=banner\" width=\"100%\" height=\"100%\" allowtransparency=\"true\" class=\"blunavyembed\"><\/iframe><script src=\"https:\/\/blunavytraghetti.com\/wp-content\/themes\/cosmo\/assets\/js\/iframe\/embed.js\"><\/script><span style=\" font-family: sans-serif; color: #292C7E; font-size: 14px; padding-top: 10px;display: flex; align-items:center; justify-content:center; flex-wrap: wrap; gap: 10px; vertical-gap: 10px; \">Un service de travers\u00e9e en ferry vers l'\u00eele d'Elbe propos\u00e9 par <a style=\"font-family: sans-serif; color: #292C7E; font-size: 14px; text-decoration: none;\" href=\"https:\/\/blunavytraghetti.com\/fr\/?utm_source=snippet-embed\">Blunavytraghetti.com<\/a> <a href=\"https:\/\/blunavytraghetti.com\/fr\/?utm_source=snippet-embed\"><img decoding=\"async\" style=\"width: 80px;\" src=\"https:\/\/blunavytraghetti.com\/wp-content\/themes\/cosmo\/assets\/images\/logo-blunavy-traghetti.png\" alt=\"Logo BluNavy traghetti Elba\"\/><\/a><\/span><\/div>\t\t\t\t<\/div>\n\t\t\t\t<\/div>\n\t\t\t\t\t<\/div>\n\t\t<\/div>\n\t\t\t\t\t<\/div>\n\t\t<\/section>\n\t\t\t\t<section class=\"elementor-section elementor-top-section elementor-element elementor-element-e48911f elementor-section-stretched elementor-section-boxed elementor-section-height-default elementor-section-height-default tm-col-stretched-none tm-bg-color-over-image\" data-id=\"e48911f\" data-element_type=\"section\" data-settings=\"{&quot;stretch_section&quot;:&quot;section-stretched&quot;,&quot;background_background&quot;:&quot;classic&quot;}\">\n\t\t\t\t\t\t\t<div class=\"elementor-background-overlay\"><\/div>\n\t\t\t\t\t\t\t<div class=\"elementor-container elementor-column-gap-extended\">\n\t\t\t\t\t<div class=\"elementor-column elementor-col-100 elementor-top-column elementor-element elementor-element-8d9f94a tm-bg-color-over-image\" data-id=\"8d9f94a\" data-element_type=\"column\">\n\t\t\t<div class=\"elementor-widget-wrap elementor-element-populated\">\n\t\t\t\t\t\t<div class=\"elementor-element elementor-element-4de6aa5 horizontal-line-align-left vertical-line-align-bottom elementor-widget elementor-widget-tm-ele-section-title\" data-id=\"4de6aa5\" data-element_type=\"widget\" data-widget_type=\"tm-ele-section-title.default\">\n\t\t\t\t<div class=\"elementor-widget-container\">\n\t\t\t\t\t<div class=\"tm-sc-section-title section-title line-left-current-theme \">\r\n\t<div class=\"title-wrapper\">\r\n\t\t\t\t\t\t<h6 class=\"subtitle \">\r\n\r\n\t\t\r\n\t\tMoby & Toremar, Elba Ferries\t<\/h6>\r\n\t\t\t\t<h3 class=\"title \">\r\n\r\n\t\t\r\n\t\t\t\t<span class=\"title-part1 \">Entrez ici le code de r\u00e9duction pour les soci\u00e9t\u00e9s Moby et Toremar<\/span>\r\n\t\t\t\t\r\n\t\t\r\n\t<\/h3>\r\n\t<div class=\"title-seperator-line\"><\/div>\t\t\t\t\t\t<\/div>\r\n<\/div>\t\t\t\t<\/div>\n\t\t\t\t<\/div>\n\t\t\t\t<div class=\"elementor-element elementor-element-4b58b6d elementor-widget elementor-widget-spacer\" data-id=\"4b58b6d\" data-element_type=\"widget\" data-widget_type=\"spacer.default\">\n\t\t\t\t<div class=\"elementor-widget-container\">\n\t\t\t\t\t\t\t<div class=\"elementor-spacer\">\n\t\t\t<div class=\"elementor-spacer-inner\"><\/div>\n\t\t<\/div>\n\t\t\t\t\t\t<\/div>\n\t\t\t\t<\/div>\n\t\t\t\t<div class=\"elementor-element elementor-element-1b66723 elementor-widget elementor-widget-html\" data-id=\"1b66723\" data-element_type=\"widget\" data-widget_type=\"html.default\">\n\t\t\t\t<div class=\"elementor-widget-container\">\n\t\t\t\t\t<div style=\"margin-left: auto; margin-right: auto; max-width: 1200px;\"><iframe id=\"tlines\" class=\"tlines_frame\" style=\"border: 0px; width: 100%;\" src=\"https:\/\/www.traghettilines.it\/fr\/ile-d-elbe-ferries.aspx?AID=24604&amp;UID=48741&amp;iframe_booking=true&amp;v2=true\" width=\"300\" height=\"150\" scrolling=\"no\"><\/iframe><span id=\"span_tlines\"><\/span><script type=\"text\/javascript\" src=\"https:\/\/www.traghettilines.it\/Ajax\/tlines_resp.ashx?&lang=fr&AID=24604&UID=48741&cat0=3\"><\/script><\/div>\t\t\t\t<\/div>\n\t\t\t\t<\/div>\n\t\t\t\t\t<\/div>\n\t\t<\/div>\n\t\t\t\t\t<\/div>\n\t\t<\/section>\n\t\t\t\t<\/div>\n\t\t","protected":false},"excerpt":{"rendered":"<p>\u00cele d&#8217;Elbe R\u00e9servation de Ferry BLU NAVY appliquera \u00e0 nos clients une remise allant de 20% \u00e0 40% selon les&#8230;<\/p>\n","protected":false},"author":1,"featured_media":0,"parent":0,"menu_order":16,"comment_status":"closed","ping_status":"closed","template":"","meta":{"_joinchat":[],"footnotes":""},"class_list":["post-92683","page","type-page","status-publish","hentry"],"yoast_head":"<!-- This site is optimized with the Yoast SEO plugin v26.8 - https:\/\/yoast.com\/product\/yoast-seo-wordpress\/ -->\n<title>R\u00e9servation de Ferry - Hotel Galli Wellness &amp; SPA - Fetovaia<\/title>\n<meta name=\"description\" content=\"BLU NAVY appliquera \u00e0 nos clients une remise allant de 20% \u00e0 40% selon les jours et horaires choisis.\" \/>\n<meta name=\"robots\" content=\"index, follow, max-snippet:-1, max-image-preview:large, max-video-preview:-1\" \/>\n<link rel=\"canonical\" href=\"https:\/\/www.hotelgalli.it\/fr\/reservation-de-ferry\/\" \/>\n<meta property=\"og:locale\" content=\"fr_FR\" \/>\n<meta property=\"og:type\" content=\"article\" \/>\n<meta property=\"og:title\" content=\"R\u00e9servation de Ferry - Hotel Galli Wellness &amp; SPA - Fetovaia\" \/>\n<meta property=\"og:description\" content=\"BLU NAVY appliquera \u00e0 nos clients une remise allant de 20% \u00e0 40% selon les jours et horaires choisis.\" \/>\n<meta property=\"og:url\" content=\"https:\/\/www.hotelgalli.it\/fr\/reservation-de-ferry\/\" \/>\n<meta property=\"og:site_name\" content=\"Hotel Galli Wellness &amp; SPA\" \/>\n<meta property=\"article:publisher\" content=\"https:\/\/www.facebook.com\/hotelgalli.fetovaia\/\" \/>\n<meta property=\"article:modified_time\" content=\"2026-02-11T14:02:50+00:00\" \/>\n<meta property=\"og:image\" content=\"https:\/\/blunavytraghetti.com\/wp-content\/themes\/cosmo\/assets\/images\/logo-blunavy-traghetti.png\" \/>\n<meta name=\"twitter:card\" content=\"summary_large_image\" \/>\n<meta name=\"twitter:label1\" content=\"Dur\u00e9e de lecture estim\u00e9e\" \/>\n\t<meta name=\"twitter:data1\" content=\"1 minute\" \/>\n<script type=\"application\/ld+json\" class=\"yoast-schema-graph\">{\"@context\":\"https:\/\/schema.org\",\"@graph\":[{\"@type\":\"WebPage\",\"@id\":\"https:\/\/www.hotelgalli.it\/fr\/reservation-de-ferry\/\",\"url\":\"https:\/\/www.hotelgalli.it\/fr\/reservation-de-ferry\/\",\"name\":\"R\u00e9servation de Ferry - Hotel Galli Wellness &amp; SPA - Fetovaia\",\"isPartOf\":{\"@id\":\"https:\/\/www.hotelgalli.it\/fr\/#website\"},\"primaryImageOfPage\":{\"@id\":\"https:\/\/www.hotelgalli.it\/fr\/reservation-de-ferry\/#primaryimage\"},\"image\":{\"@id\":\"https:\/\/www.hotelgalli.it\/fr\/reservation-de-ferry\/#primaryimage\"},\"thumbnailUrl\":\"https:\/\/blunavytraghetti.com\/wp-content\/themes\/cosmo\/assets\/images\/logo-blunavy-traghetti.png\",\"datePublished\":\"2023-12-07T11:25:37+00:00\",\"dateModified\":\"2026-02-11T14:02:50+00:00\",\"description\":\"BLU NAVY appliquera \u00e0 nos clients une remise allant de 20% \u00e0 40% selon les jours et horaires choisis.\",\"breadcrumb\":{\"@id\":\"https:\/\/www.hotelgalli.it\/fr\/reservation-de-ferry\/#breadcrumb\"},\"inLanguage\":\"fr-FR\",\"potentialAction\":[{\"@type\":\"ReadAction\",\"target\":[\"https:\/\/www.hotelgalli.it\/fr\/reservation-de-ferry\/\"]}]},{\"@type\":\"ImageObject\",\"inLanguage\":\"fr-FR\",\"@id\":\"https:\/\/www.hotelgalli.it\/fr\/reservation-de-ferry\/#primaryimage\",\"url\":\"https:\/\/blunavytraghetti.com\/wp-content\/themes\/cosmo\/assets\/images\/logo-blunavy-traghetti.png\",\"contentUrl\":\"https:\/\/blunavytraghetti.com\/wp-content\/themes\/cosmo\/assets\/images\/logo-blunavy-traghetti.png\"},{\"@type\":\"BreadcrumbList\",\"@id\":\"https:\/\/www.hotelgalli.it\/fr\/reservation-de-ferry\/#breadcrumb\",\"itemListElement\":[{\"@type\":\"ListItem\",\"position\":1,\"name\":\"Home\",\"item\":\"https:\/\/www.hotelgalli.it\/fr\/\"},{\"@type\":\"ListItem\",\"position\":2,\"name\":\"R\u00e9servation de Ferry\"}]},{\"@type\":\"WebSite\",\"@id\":\"https:\/\/www.hotelgalli.it\/fr\/#website\",\"url\":\"https:\/\/www.hotelgalli.it\/fr\/\",\"name\":\"Hotel Galli Wellness & Spa\",\"description\":\"Fetovaia - Isola d&#039;Elba\",\"publisher\":{\"@id\":\"https:\/\/www.hotelgalli.it\/fr\/#organization\"},\"potentialAction\":[{\"@type\":\"SearchAction\",\"target\":{\"@type\":\"EntryPoint\",\"urlTemplate\":\"https:\/\/www.hotelgalli.it\/fr\/?s={search_term_string}\"},\"query-input\":{\"@type\":\"PropertyValueSpecification\",\"valueRequired\":true,\"valueName\":\"search_term_string\"}}],\"inLanguage\":\"fr-FR\"},{\"@type\":\"Organization\",\"@id\":\"https:\/\/www.hotelgalli.it\/fr\/#organization\",\"name\":\"Hotel Galli Wellness & Spa\",\"url\":\"https:\/\/www.hotelgalli.it\/fr\/\",\"logo\":{\"@type\":\"ImageObject\",\"inLanguage\":\"fr-FR\",\"@id\":\"https:\/\/www.hotelgalli.it\/fr\/#\/schema\/logo\/image\/\",\"url\":\"https:\/\/www.hotelgalli.it\/wp-content\/uploads\/hotel_galli_wellness_spa_web.png\",\"contentUrl\":\"https:\/\/www.hotelgalli.it\/wp-content\/uploads\/hotel_galli_wellness_spa_web.png\",\"width\":300,\"height\":101,\"caption\":\"Hotel Galli Wellness & Spa\"},\"image\":{\"@id\":\"https:\/\/www.hotelgalli.it\/fr\/#\/schema\/logo\/image\/\"},\"sameAs\":[\"https:\/\/www.facebook.com\/hotelgalli.fetovaia\/\",\"https:\/\/www.instagram.com\/hotelgalli_elba\/\"]}]}<\/script>\n<!-- \/ Yoast SEO plugin. -->","yoast_head_json":{"title":"R\u00e9servation de Ferry - Hotel Galli Wellness &amp; SPA - Fetovaia","description":"BLU NAVY appliquera \u00e0 nos clients une remise allant de 20% \u00e0 40% selon les jours et horaires choisis.","robots":{"index":"index","follow":"follow","max-snippet":"max-snippet:-1","max-image-preview":"max-image-preview:large","max-video-preview":"max-video-preview:-1"},"canonical":"https:\/\/www.hotelgalli.it\/fr\/reservation-de-ferry\/","og_locale":"fr_FR","og_type":"article","og_title":"R\u00e9servation de Ferry - Hotel Galli Wellness &amp; SPA - Fetovaia","og_description":"BLU NAVY appliquera \u00e0 nos clients une remise allant de 20% \u00e0 40% selon les jours et horaires choisis.","og_url":"https:\/\/www.hotelgalli.it\/fr\/reservation-de-ferry\/","og_site_name":"Hotel Galli Wellness &amp; SPA","article_publisher":"https:\/\/www.facebook.com\/hotelgalli.fetovaia\/","article_modified_time":"2026-02-11T14:02:50+00:00","og_image":[{"url":"https:\/\/blunavytraghetti.com\/wp-content\/themes\/cosmo\/assets\/images\/logo-blunavy-traghetti.png","type":"","width":"","height":""}],"twitter_card":"summary_large_image","twitter_misc":{"Dur\u00e9e de lecture estim\u00e9e":"1 minute"},"schema":{"@context":"https:\/\/schema.org","@graph":[{"@type":"WebPage","@id":"https:\/\/www.hotelgalli.it\/fr\/reservation-de-ferry\/","url":"https:\/\/www.hotelgalli.it\/fr\/reservation-de-ferry\/","name":"R\u00e9servation de Ferry - Hotel Galli Wellness &amp; SPA - Fetovaia","isPartOf":{"@id":"https:\/\/www.hotelgalli.it\/fr\/#website"},"primaryImageOfPage":{"@id":"https:\/\/www.hotelgalli.it\/fr\/reservation-de-ferry\/#primaryimage"},"image":{"@id":"https:\/\/www.hotelgalli.it\/fr\/reservation-de-ferry\/#primaryimage"},"thumbnailUrl":"https:\/\/blunavytraghetti.com\/wp-content\/themes\/cosmo\/assets\/images\/logo-blunavy-traghetti.png","datePublished":"2023-12-07T11:25:37+00:00","dateModified":"2026-02-11T14:02:50+00:00","description":"BLU NAVY appliquera \u00e0 nos clients une remise allant de 20% \u00e0 40% selon les jours et horaires choisis.","breadcrumb":{"@id":"https:\/\/www.hotelgalli.it\/fr\/reservation-de-ferry\/#breadcrumb"},"inLanguage":"fr-FR","potentialAction":[{"@type":"ReadAction","target":["https:\/\/www.hotelgalli.it\/fr\/reservation-de-ferry\/"]}]},{"@type":"ImageObject","inLanguage":"fr-FR","@id":"https:\/\/www.hotelgalli.it\/fr\/reservation-de-ferry\/#primaryimage","url":"https:\/\/blunavytraghetti.com\/wp-content\/themes\/cosmo\/assets\/images\/logo-blunavy-traghetti.png","contentUrl":"https:\/\/blunavytraghetti.com\/wp-content\/themes\/cosmo\/assets\/images\/logo-blunavy-traghetti.png"},{"@type":"BreadcrumbList","@id":"https:\/\/www.hotelgalli.it\/fr\/reservation-de-ferry\/#breadcrumb","itemListElement":[{"@type":"ListItem","position":1,"name":"Home","item":"https:\/\/www.hotelgalli.it\/fr\/"},{"@type":"ListItem","position":2,"name":"R\u00e9servation de Ferry"}]},{"@type":"WebSite","@id":"https:\/\/www.hotelgalli.it\/fr\/#website","url":"https:\/\/www.hotelgalli.it\/fr\/","name":"Hotel Galli Wellness & Spa","description":"Fetovaia - Isola d&#039;Elba","publisher":{"@id":"https:\/\/www.hotelgalli.it\/fr\/#organization"},"potentialAction":[{"@type":"SearchAction","target":{"@type":"EntryPoint","urlTemplate":"https:\/\/www.hotelgalli.it\/fr\/?s={search_term_string}"},"query-input":{"@type":"PropertyValueSpecification","valueRequired":true,"valueName":"search_term_string"}}],"inLanguage":"fr-FR"},{"@type":"Organization","@id":"https:\/\/www.hotelgalli.it\/fr\/#organization","name":"Hotel Galli Wellness & Spa","url":"https:\/\/www.hotelgalli.it\/fr\/","logo":{"@type":"ImageObject","inLanguage":"fr-FR","@id":"https:\/\/www.hotelgalli.it\/fr\/#\/schema\/logo\/image\/","url":"https:\/\/www.hotelgalli.it\/wp-content\/uploads\/hotel_galli_wellness_spa_web.png","contentUrl":"https:\/\/www.hotelgalli.it\/wp-content\/uploads\/hotel_galli_wellness_spa_web.png","width":300,"height":101,"caption":"Hotel Galli Wellness & Spa"},"image":{"@id":"https:\/\/www.hotelgalli.it\/fr\/#\/schema\/logo\/image\/"},"sameAs":["https:\/\/www.facebook.com\/hotelgalli.fetovaia\/","https:\/\/www.instagram.com\/hotelgalli_elba\/"]}]}},"_links":{"self":[{"href":"https:\/\/www.hotelgalli.it\/fr\/wp-json\/wp\/v2\/pages\/92683","targetHints":{"allow":["GET"]}}],"collection":[{"href":"https:\/\/www.hotelgalli.it\/fr\/wp-json\/wp\/v2\/pages"}],"about":[{"href":"https:\/\/www.hotelgalli.it\/fr\/wp-json\/wp\/v2\/types\/page"}],"author":[{"embeddable":true,"href":"https:\/\/www.hotelgalli.it\/fr\/wp-json\/wp\/v2\/users\/1"}],"replies":[{"embeddable":true,"href":"https:\/\/www.hotelgalli.it\/fr\/wp-json\/wp\/v2\/comments?post=92683"}],"version-history":[{"count":10,"href":"https:\/\/www.hotelgalli.it\/fr\/wp-json\/wp\/v2\/pages\/92683\/revisions"}],"predecessor-version":[{"id":97180,"href":"https:\/\/www.hotelgalli.it\/fr\/wp-json\/wp\/v2\/pages\/92683\/revisions\/97180"}],"wp:attachment":[{"href":"https:\/\/www.hotelgalli.it\/fr\/wp-json\/wp\/v2\/media?parent=92683"}],"curies":[{"name":"wp","href":"https:\/\/api.w.org\/{rel}","templated":true}]}}