{"id":92663,"date":"2023-11-27T15:08:57","date_gmt":"2023-11-27T14:08:57","guid":{"rendered":"https:\/\/www.hotelgalli.it\/servizi-e-condizioni\/"},"modified":"2026-02-11T15:11:45","modified_gmt":"2026-02-11T14:11:45","slug":"conditions","status":"publish","type":"page","link":"https:\/\/www.hotelgalli.it\/fr\/conditions\/","title":{"rendered":"Conditions"},"content":{"rendered":"\t\t<div data-elementor-type=\"wp-page\" data-elementor-id=\"92663\" class=\"elementor elementor-92663 elementor-89116\">\n\t\t\t\t<div class=\"elementor-element elementor-element-2792460 e-con-full e-flex e-con e-parent\" data-id=\"2792460\" data-element_type=\"container\" data-settings=\"{&quot;background_background&quot;:&quot;classic&quot;}\">\n\t\t<div class=\"elementor-element elementor-element-d4219c9 e-con-full e-flex e-con e-child\" data-id=\"d4219c9\" data-element_type=\"container\">\n\t\t\t\t<div class=\"elementor-element elementor-element-683fd53 elementor-widget elementor-widget-spacer\" data-id=\"683fd53\" data-element_type=\"widget\" data-widget_type=\"spacer.default\">\n\t\t\t\t<div class=\"elementor-widget-container\">\n\t\t\t\t\t\t\t<div class=\"elementor-spacer\">\n\t\t\t<div class=\"elementor-spacer-inner\"><\/div>\n\t\t<\/div>\n\t\t\t\t\t\t<\/div>\n\t\t\t\t<\/div>\n\t\t\t\t<\/div>\n\t\t\t\t<\/div>\n\t\t<div class=\"elementor-element elementor-element-e8f838a boxbook e-flex e-con-boxed e-con e-parent\" data-id=\"e8f838a\" data-element_type=\"container\" data-settings=\"{&quot;background_background&quot;:&quot;classic&quot;}\">\n\t\t\t\t\t<div class=\"e-con-inner\">\n\t\t<div class=\"elementor-element elementor-element-a590c24 e-con-full e-flex e-con e-child\" data-id=\"a590c24\" data-element_type=\"container\">\n\t\t<div class=\"elementor-element elementor-element-d1f4db3 e-con-full e-flex e-con e-child\" data-id=\"d1f4db3\" data-element_type=\"container\">\n\t\t<div class=\"elementor-element elementor-element-a7200da e-con-full e-flex e-con e-child\" data-id=\"a7200da\" data-element_type=\"container\">\n\t\t\t\t<div class=\"elementor-element elementor-element-097db2f elementor-widget__width-auto elementor-widget elementor-widget-shortcode\" data-id=\"097db2f\" data-element_type=\"widget\" data-widget_type=\"shortcode.default\">\n\t\t\t\t<div class=\"elementor-widget-container\">\n\t\t\t\t\t\t\t<div class=\"elementor-shortcode\"><\/div>\n\t\t\t\t\t\t<\/div>\n\t\t\t\t<\/div>\n\t\t\t\t<\/div>\n\t\t\t\t<\/div>\n\t\t\t\t<\/div>\n\t\t\t\t\t<\/div>\n\t\t\t\t<\/div>\n\t\t<div class=\"elementor-element elementor-element-ed31b28 e-flex e-con-boxed e-con e-parent\" data-id=\"ed31b28\" data-element_type=\"container\" data-settings=\"{&quot;background_background&quot;:&quot;classic&quot;}\">\n\t\t\t\t\t<div class=\"e-con-inner\">\n\t\t<div class=\"elementor-element elementor-element-89ce58d e-con-full e-flex e-con e-child\" data-id=\"89ce58d\" data-element_type=\"container\">\n\t\t\t\t<div class=\"elementor-element elementor-element-c729e34 horizontal-line-align-left vertical-line-align-bottom elementor-widget elementor-widget-tm-ele-section-title\" data-id=\"c729e34\" data-element_type=\"widget\" data-widget_type=\"tm-ele-section-title.default\">\n\t\t\t\t<div class=\"elementor-widget-container\">\n\t\t\t\t\t<div class=\"tm-sc-section-title section-title line-left-current-theme \">\r\n\t<div class=\"title-wrapper\">\r\n\t\t\t\t\t\t<h6 class=\"subtitle \">\r\n\r\n\t\t\r\n\t\tH\u00f4tel Galli\t<\/h6>\r\n\t\t\t\t<h2 class=\"title \">\r\n\r\n\t\t\r\n\t\t\t\t<span class=\"title-part1 \">Conditions<\/span>\r\n\t\t\t\t\r\n\t\t\r\n\t<\/h2>\r\n\t<div class=\"title-seperator-line\"><\/div>\t\t\t\t\t\t<\/div>\r\n<\/div>\t\t\t\t<\/div>\n\t\t\t\t<\/div>\n\t\t\t\t<div class=\"elementor-element elementor-element-3c47c6e elementor-widget elementor-widget-tm-ele-list\" data-id=\"3c47c6e\" data-element_type=\"widget\" data-widget_type=\"tm-ele-list.default\">\n\t\t\t\t<div class=\"elementor-widget-container\">\n\t\t\t\t\t<ul class=\"tm-sc-list listella\">\r\n\t<li class=\"\">\r\n\t\t\t\t<i aria-hidden=\"true\" class=\" flaticon-common-check-1\"><\/i>\t\t\t\t<span>\r\n\t<strong>PETIT D\u00c9JEUNER<\/strong>: servi de 7h30 \u00e0 10h30 dans notre salle climatis\u00e9e et \u00e0 l\u2019ext\u00e9rieur sur la terrasse, entour\u00e9 par la floraison de glycines et de bougainvill\u00e9es.<\/span><\/li>\t<li class=\"\">\r\n\t\t\t\t<i aria-hidden=\"true\" class=\" flaticon-common-check-1\"><\/i>\t\t\t\t<span>\r\n\t<strong>D\u00c9JEUNER<\/strong>: accord avec le self-service sur la plage \u00abPino Solitario\u00bb, \u00e0 seulement 200 m\u00e8tres de l\u2019h\u00f4tel.<\/span><\/li>\t<li class=\"\">\r\n\t\t\t\t<i aria-hidden=\"true\" class=\" flaticon-common-check-1\"><\/i>\t\t\t\t<span>\r\n\t<strong>DINER<\/strong>: pour ceux qui souhaitent rester \u00e0 Fetovaia, il y a deux restaurants partenaires facilement accessibles \u00e0 pied. Pour ceux qui veulent visiter les endroits proches et \u00e9loign\u00e9s de l\u2019\u00eele, nous serons heureux de vous recommander des restaurants affili\u00e9s avec 10% de r\u00e9duction.<\/span><\/li>\t<li class=\"\">\r\n\t\t\t\t<i aria-hidden=\"true\" class=\" flaticon-common-check-1\"><\/i>\t\t\t\t<span>\r\n\t<strong>FIDELITY CARD<\/strong>: \u00e0 votre arriv\u00e9e, vous recevrez notre carte de fid\u00e9lit\u00e9 qui vous permettra de recevoir un rabais de 10% sur toutes les activit\u00e9s convenues (Restaurants, Plage, Plong\u00e9e, Tennis).<\/span><\/li>\t<li class=\"\">\r\n\t\t\t\t<i aria-hidden=\"true\" class=\" flaticon-common-check-1\"><\/i>\t\t\t\t<span>\r\n\t<strong>NON FUMEUR<\/strong>: il est interdit de fumer dans les chambres. En plein air, sur le porche et sur les balcons, ce sera mieux pour tout le monde.<\/span><\/li>\t<li class=\"\">\r\n\t\t\t\t<i aria-hidden=\"true\" class=\" flaticon-common-check-1\"><\/i>\t\t\t\t<span>\r\n\t<strong>ANIMAUX<\/strong>: d\u00e9sol\u00e9 mais les animaux domestiques ne sont pas admis dans l\u2019h\u00f4tel.<\/span><\/li>\t<li class=\"\">\r\n\t\t\t\t<i aria-hidden=\"true\" class=\" flaticon-common-check-1\"><\/i>\t\t\t\t<span>\r\n\t<strong>SERVICES GRATUITS<\/strong>: code de r\u00e9duction pour le ferry, serviettes de plage, bain \u00e0 remous dans le jardin, connexion WiFi, utilisation de v\u00e9los, utilisation de l\u2019espace fitness, recharge pour les voitures \u00e9lectriques, carte de fid\u00e9lit\u00e9.<\/span><\/li>\t<li class=\"\">\r\n\t\t\t\t<i aria-hidden=\"true\" class=\" flaticon-common-check-1\"><\/i>\t\t\t\t<span>\r\n\t<strong>PLACE DE PARKING<\/strong>: gratuite et garantie dans nos parkings priv\u00e9s.<\/span><\/li>\t<li class=\"\">\r\n\t\t\t\t<i aria-hidden=\"true\" class=\" flaticon-common-check-1\"><\/i>\t\t\t\t<span>\r\n\t<strong>SERVICES DE PAIEMENT<\/strong>: salle de bain de courtoisie, bagagerie et place de parking disponibles sur r\u00e9servation des clients quittant l\u2019hotel l\u2019apr\u00e8s-midi, service de blanchisserie, VTT \u00e9lectriques, boissons au bar (toujours ouvert), parasols pour la plage, tennis.<\/span><\/li>\t<li class=\"\">\r\n\t\t\t\t<i aria-hidden=\"true\" class=\" flaticon-common-check-1\"><\/i>\t\t\t\t<span>\r\n\t<strong>CENTRE DE BIEN-\u00caTRE<\/strong>: l\u2019entr\u00e9e au SPA est payante, sur r\u00e9servation et \u00e0 usage exclusif.<\/span><\/li>\t<li class=\"\">\r\n\t\t\t\t<i aria-hidden=\"true\" class=\" flaticon-common-check-1\"><\/i>\t\t\t\t<span>\r\n\t<strong>CHECK-IN \/ CHECK-OUT<\/strong>: check in \u00e0 partir de 14h30, check out jusqu\u2019\u00e0 11h00. Les clients qui partent dans l\u2019apr\u00e8s-midi peuvent profiter de tous les services de l\u2019h\u00f4tel, d\u2019une place de parking, d\u2019une bagagerie et, sur r\u00e9servation, d\u2019une salle de bains avec douche avec serviettes, shampoing-douche et s\u00e8che-cheveux. Le service complet co\u00fbte 15,00 \u20ac (unique).<\/span><\/li>\t<li class=\"\">\r\n\t\t\t\t<i aria-hidden=\"true\" class=\" flaticon-common-check-1\"><\/i>\t\t\t\t<span>\r\n\t<strong>PAIEMENT ANTICIPE<\/strong>: au moment de la r\u00e9servation, un acompte de 30% du s\u00e9jour sera exig\u00e9 pour les r\u00e9servations par carte de cr\u00e9dit ou virement bancarie. Le paiement doit \u00eatre effectu\u00e9 imm\u00e9diatement apr\u00e8s la r\u00e9servation, par carte de cr\u00e9dit ou virement bancaire; en cas de virement bancaire, le bulletin de versement doit \u00eatre envoy\u00e9 par courrier \u00e9lectronique.<br \/>IBAN: IT 69 I 07048 70650 000000020073<br \/>BIC: ICRA IT RRT 40<br \/>BANQUE: Cr\u00e9dit coop\u00e9ratif de l\u2019\u00eele d\u2019Elbe.<\/span><\/li>\t<li class=\"\">\r\n\t\t\t\t<i aria-hidden=\"true\" class=\" flaticon-common-check-1\"><\/i>\t\t\t\t<span>\r\n\t<strong>SERVICE D'ASSURANCE H\u00d4TELIER CARE4U<\/strong>\u00a0: assurez vos vacances contre l'annulation, l'interruption et l'arriv\u00e9e tardive. R\u00e9servez en toute s\u00e9r\u00e9nit\u00e9\u00a0: prot\u00e9gez votre s\u00e9jour et obtenez un remboursement en cas d'impr\u00e9vu. <a href=\"https:\/\/www.care4uhotel.com\/en\/care4uhotel\">D\u00e9couvrez Care4UHotel<\/a><\/span><\/li><\/ul>\t\t\t\t<\/div>\n\t\t\t\t<\/div>\n\t\t\t\t<div class=\"elementor-element elementor-element-7c74c70 elementor-widget elementor-widget-image\" data-id=\"7c74c70\" data-element_type=\"widget\" data-widget_type=\"image.default\">\n\t\t\t\t<div class=\"elementor-widget-container\">\n\t\t\t\t\t\t\t\t\t\t\t\t\t\t\t\t<a href=\"https:\/\/www.care4uhotel.com\/en\/care4uhotel\" target=\"_blank\" rel=\"nofollow\">\n\t\t\t\t\t\t\t<img fetchpriority=\"high\" decoding=\"async\" width=\"2142\" height=\"280\" src=\"https:\/\/www.hotelgalli.it\/wp-content\/uploads\/banner_care4uhotel.png\" class=\"attachment-full size-full wp-image-97022\" alt=\"Care4UHotel\" srcset=\"https:\/\/www.hotelgalli.it\/wp-content\/uploads\/banner_care4uhotel.png 2142w, https:\/\/www.hotelgalli.it\/wp-content\/uploads\/banner_care4uhotel-300x39.png 300w, https:\/\/www.hotelgalli.it\/wp-content\/uploads\/banner_care4uhotel-1024x134.png 1024w, https:\/\/www.hotelgalli.it\/wp-content\/uploads\/banner_care4uhotel-768x100.png 768w, https:\/\/www.hotelgalli.it\/wp-content\/uploads\/banner_care4uhotel-1536x201.png 1536w, https:\/\/www.hotelgalli.it\/wp-content\/uploads\/banner_care4uhotel-2048x268.png 2048w\" sizes=\"(max-width: 2142px) 100vw, 2142px\" \/>\t\t\t\t\t\t\t\t<\/a>\n\t\t\t\t\t\t\t\t\t\t\t\t\t\t\t<\/div>\n\t\t\t\t<\/div>\n\t\t\t\t<\/div>\n\t\t\t\t\t<\/div>\n\t\t\t\t<\/div>\n\t\t<div class=\"elementor-element elementor-element-67a7c74e e-flex e-con-boxed e-con e-parent\" data-id=\"67a7c74e\" data-element_type=\"container\">\n\t\t\t\t\t<div class=\"e-con-inner\">\n\t\t<div class=\"elementor-element elementor-element-25ec1aae e-con-full e-flex e-con e-child\" data-id=\"25ec1aae\" data-element_type=\"container\">\n\t\t\t\t<div class=\"elementor-element elementor-element-3b96c29b horizontal-line-align-left vertical-line-align-bottom elementor-widget elementor-widget-tm-ele-section-title\" data-id=\"3b96c29b\" data-element_type=\"widget\" data-widget_type=\"tm-ele-section-title.default\">\n\t\t\t\t<div class=\"elementor-widget-container\">\n\t\t\t\t\t<div class=\"tm-sc-section-title section-title line-left-current-theme \">\r\n\t<div class=\"title-wrapper\">\r\n\t\t\t\t\t\t\t<h2 class=\"title \">\r\n\r\n\t\t\r\n\t\t\t\t<span class=\"title-part1 \">Conditions d'annulation<\/span>\r\n\t\t\t\t\r\n\t\t\r\n\t<\/h2>\r\n\t<div class=\"title-seperator-line\"><\/div>\t\t\t\t\t\t<\/div>\r\n<\/div>\t\t\t\t<\/div>\n\t\t\t\t<\/div>\n\t\t\t\t<div class=\"elementor-element elementor-element-5c7ffa69 elementor-widget elementor-widget-heading\" data-id=\"5c7ffa69\" data-element_type=\"widget\" data-widget_type=\"heading.default\">\n\t\t\t\t<div class=\"elementor-widget-container\">\n\t\t\t\t\t<h4 class=\"elementor-heading-title elementor-size-default\">Tarif pr\u00e9pay\u00e9<\/h4>\t\t\t\t<\/div>\n\t\t\t\t<\/div>\n\t\t\t\t<div class=\"elementor-element elementor-element-388eb9ae elementor-widget elementor-widget-text-editor\" data-id=\"388eb9ae\" data-element_type=\"widget\" data-widget_type=\"text-editor.default\">\n\t\t\t\t<div class=\"elementor-widget-container\">\n\t\t\t\t\t\t\t\t\t<p>Tarif standard avec acompte de 30 % du s\u00e9jour<\/p>\t\t\t\t\t\t\t\t<\/div>\n\t\t\t\t<\/div>\n\t\t\t\t<div class=\"elementor-element elementor-element-6fd3aff1 elementor-widget elementor-widget-tm-ele-list\" data-id=\"6fd3aff1\" data-element_type=\"widget\" data-widget_type=\"tm-ele-list.default\">\n\t\t\t\t<div class=\"elementor-widget-container\">\n\t\t\t\t\t<ul class=\"tm-sc-list listella\">\r\n\t<li class=\"\">\r\n\t\t\t\t<i aria-hidden=\"true\" class=\" flaticon-common-check-1\"><\/i>\t\t\t\t<span>\r\n\t<strong>ANNULATIONS<\/strong>:\u00a0L\u2019acompte de confirmation sera rembours\u00e9 si l\u2019annulation est communiqu\u00e9e pendant le d\u00e9lai d\u2019annulation gratuite pr\u00e9vu pour la saisonnalit\u00e9 et indiqu\u00e9 lors du devis et de la r\u00e9servation. Pass\u00e9 ce d\u00e9lai, l\u2019acompte de confirmation sera conserv\u00e9.<\/span><\/li>\t<li class=\"\">\r\n\t\t\t\t<i aria-hidden=\"true\" class=\" flaticon-common-check-1\"><\/i>\t\t\t\t<span>\r\n\t<strong>MODIFICATIONS<\/strong>: Les modifications de r\u00e9servation (d\u00e9part anticip\u00e9, arriv\u00e9e tardive) sont autoris\u00e9es si elles interviennent dans les d\u00e9lais pr\u00e9vus par la politique d'annulation gratuite. Toute modification communiqu\u00e9e apr\u00e8s ces d\u00e9lais ou sur place entra\u00eenera la facturation de 100 % du s\u00e9jour annul\u00e9.<\/span><\/li>\t<li class=\"\">\r\n\t\t\t\t<i aria-hidden=\"true\" class=\" flaticon-common-check-1\"><\/i>\t\t\t\t<span>\r\n\t<strong>NOUVELLE PR\u00c9SENCE<\/strong>: L'acompte sera int\u00e9gralement perdu.<\/span><\/li><\/ul>\t\t\t\t<\/div>\n\t\t\t\t<\/div>\n\t\t\t\t<div class=\"elementor-element elementor-element-6ca1cf5a elementor-widget elementor-widget-spacer\" data-id=\"6ca1cf5a\" data-element_type=\"widget\" data-widget_type=\"spacer.default\">\n\t\t\t\t<div class=\"elementor-widget-container\">\n\t\t\t\t\t\t\t<div class=\"elementor-spacer\">\n\t\t\t<div class=\"elementor-spacer-inner\"><\/div>\n\t\t<\/div>\n\t\t\t\t\t\t<\/div>\n\t\t\t\t<\/div>\n\t\t\t\t<div class=\"elementor-element elementor-element-2ac6b18c elementor-widget elementor-widget-heading\" data-id=\"2ac6b18c\" data-element_type=\"widget\" data-widget_type=\"heading.default\">\n\t\t\t\t<div class=\"elementor-widget-container\">\n\t\t\t\t\t<h4 class=\"elementor-heading-title elementor-size-default\">Tarif non remboursable<\/h4>\t\t\t\t<\/div>\n\t\t\t\t<\/div>\n\t\t\t\t<div class=\"elementor-element elementor-element-32aa00b3 elementor-widget elementor-widget-text-editor\" data-id=\"32aa00b3\" data-element_type=\"widget\" data-widget_type=\"text-editor.default\">\n\t\t\t\t<div class=\"elementor-widget-container\">\n\t\t\t\t\t\t\t\t\t<p>Tarif non remboursable avec paiement int\u00e9gral du s\u00e9jour \u00e0 l&#8217;avance.<\/p>\t\t\t\t\t\t\t\t<\/div>\n\t\t\t\t<\/div>\n\t\t\t\t<div class=\"elementor-element elementor-element-1c18cdd7 elementor-widget elementor-widget-tm-ele-list\" data-id=\"1c18cdd7\" data-element_type=\"widget\" data-widget_type=\"tm-ele-list.default\">\n\t\t\t\t<div class=\"elementor-widget-container\">\n\t\t\t\t\t<ul class=\"tm-sc-list listella\">\r\n\t<li class=\"\">\r\n\t\t\t\t<i aria-hidden=\"true\" class=\" flaticon-common-check-1\"><\/i>\t\t\t\t<span>\r\n\t<strong>ANNULATIONS<\/strong>: La totalit\u00e9 du montant du s\u00e9jour sera conserv\u00e9e.<\/span><\/li>\t<li class=\"\">\r\n\t\t\t\t<i aria-hidden=\"true\" class=\" flaticon-common-check-1\"><\/i>\t\t\t\t<span>\r\n\t<strong>MODIFICATIONS<\/strong>: Les modifications apport\u00e9es \u00e0 votre r\u00e9servation (d\u00e9part anticip\u00e9, arriv\u00e9e tardive) ne seront pas rembours\u00e9es.<\/span><\/li>\t<li class=\"\">\r\n\t\t\t\t<i aria-hidden=\"true\" class=\" flaticon-common-check-1\"><\/i>\t\t\t\t<span>\r\n\t<strong>NOUVELLE PR\u00c9SENCE<\/strong>: La totalit\u00e9 du montant du s\u00e9jour sera conserv\u00e9e.<\/span><\/li><\/ul>\t\t\t\t<\/div>\n\t\t\t\t<\/div>\n\t\t\t\t<\/div>\n\t\t\t\t\t<\/div>\n\t\t\t\t<\/div>\n\t\t\t\t<\/div>\n\t\t","protected":false},"excerpt":{"rendered":"<p>H\u00f4tel Galli Conditions PETIT D\u00c9JEUNER: servi de 7h30 \u00e0 10h30 dans notre salle climatis\u00e9e et \u00e0 l\u2019ext\u00e9rieur sur la terrasse,&#8230;<\/p>\n","protected":false},"author":1,"featured_media":0,"parent":0,"menu_order":15,"comment_status":"closed","ping_status":"closed","template":"","meta":{"_joinchat":[],"footnotes":""},"class_list":["post-92663","page","type-page","status-publish","hentry"],"yoast_head":"<!-- This site is optimized with the Yoast SEO plugin v26.8 - https:\/\/yoast.com\/product\/yoast-seo-wordpress\/ -->\n<title>Conditions - Hotel Galli Wellness &amp; SPA - Fetovaia, \u00cele d&#039;Elbe<\/title>\n<meta name=\"description\" content=\"Services gratuits: code de r\u00e9duction pour le ferry, serviettes de plage, bain \u00e0 remous dans le jardin, connexion WiFi, utilisation de v\u00e9los...\" \/>\n<meta name=\"robots\" content=\"index, follow, max-snippet:-1, max-image-preview:large, max-video-preview:-1\" \/>\n<link rel=\"canonical\" href=\"https:\/\/www.hotelgalli.it\/fr\/conditions\/\" \/>\n<meta property=\"og:locale\" content=\"fr_FR\" \/>\n<meta property=\"og:type\" content=\"article\" \/>\n<meta property=\"og:title\" content=\"Conditions - Hotel Galli Wellness &amp; SPA - Fetovaia, \u00cele d&#039;Elbe\" \/>\n<meta property=\"og:description\" content=\"Services gratuits: code de r\u00e9duction pour le ferry, serviettes de plage, bain \u00e0 remous dans le jardin, connexion WiFi, utilisation de v\u00e9los...\" \/>\n<meta property=\"og:url\" content=\"https:\/\/www.hotelgalli.it\/fr\/conditions\/\" \/>\n<meta property=\"og:site_name\" content=\"Hotel Galli Wellness &amp; SPA\" \/>\n<meta property=\"article:publisher\" content=\"https:\/\/www.facebook.com\/hotelgalli.fetovaia\/\" \/>\n<meta property=\"article:modified_time\" content=\"2026-02-11T14:11:45+00:00\" \/>\n<meta property=\"og:image\" content=\"https:\/\/www.hotelgalli.it\/wp-content\/uploads\/banner_care4uhotel.png\" \/>\n\t<meta property=\"og:image:width\" content=\"2142\" \/>\n\t<meta property=\"og:image:height\" content=\"280\" \/>\n\t<meta property=\"og:image:type\" content=\"image\/png\" \/>\n<meta name=\"twitter:card\" content=\"summary_large_image\" \/>\n<meta name=\"twitter:label1\" content=\"Dur\u00e9e de lecture estim\u00e9e\" \/>\n\t<meta name=\"twitter:data1\" content=\"3 minutes\" \/>\n<script type=\"application\/ld+json\" class=\"yoast-schema-graph\">{\"@context\":\"https:\/\/schema.org\",\"@graph\":[{\"@type\":\"WebPage\",\"@id\":\"https:\/\/www.hotelgalli.it\/fr\/conditions\/\",\"url\":\"https:\/\/www.hotelgalli.it\/fr\/conditions\/\",\"name\":\"Conditions - Hotel Galli Wellness &amp; SPA - Fetovaia, \u00cele d'Elbe\",\"isPartOf\":{\"@id\":\"https:\/\/www.hotelgalli.it\/fr\/#website\"},\"primaryImageOfPage\":{\"@id\":\"https:\/\/www.hotelgalli.it\/fr\/conditions\/#primaryimage\"},\"image\":{\"@id\":\"https:\/\/www.hotelgalli.it\/fr\/conditions\/#primaryimage\"},\"thumbnailUrl\":\"https:\/\/www.hotelgalli.it\/wp-content\/uploads\/banner_care4uhotel.png\",\"datePublished\":\"2023-11-27T14:08:57+00:00\",\"dateModified\":\"2026-02-11T14:11:45+00:00\",\"description\":\"Services gratuits: code de r\u00e9duction pour le ferry, serviettes de plage, bain \u00e0 remous dans le jardin, connexion WiFi, utilisation de v\u00e9los...\",\"breadcrumb\":{\"@id\":\"https:\/\/www.hotelgalli.it\/fr\/conditions\/#breadcrumb\"},\"inLanguage\":\"fr-FR\",\"potentialAction\":[{\"@type\":\"ReadAction\",\"target\":[\"https:\/\/www.hotelgalli.it\/fr\/conditions\/\"]}]},{\"@type\":\"ImageObject\",\"inLanguage\":\"fr-FR\",\"@id\":\"https:\/\/www.hotelgalli.it\/fr\/conditions\/#primaryimage\",\"url\":\"https:\/\/www.hotelgalli.it\/wp-content\/uploads\/banner_care4uhotel.png\",\"contentUrl\":\"https:\/\/www.hotelgalli.it\/wp-content\/uploads\/banner_care4uhotel.png\"},{\"@type\":\"BreadcrumbList\",\"@id\":\"https:\/\/www.hotelgalli.it\/fr\/conditions\/#breadcrumb\",\"itemListElement\":[{\"@type\":\"ListItem\",\"position\":1,\"name\":\"Home\",\"item\":\"https:\/\/www.hotelgalli.it\/fr\/\"},{\"@type\":\"ListItem\",\"position\":2,\"name\":\"Conditions\"}]},{\"@type\":\"WebSite\",\"@id\":\"https:\/\/www.hotelgalli.it\/fr\/#website\",\"url\":\"https:\/\/www.hotelgalli.it\/fr\/\",\"name\":\"Hotel Galli Wellness & Spa\",\"description\":\"Fetovaia - Isola d&#039;Elba\",\"publisher\":{\"@id\":\"https:\/\/www.hotelgalli.it\/fr\/#organization\"},\"potentialAction\":[{\"@type\":\"SearchAction\",\"target\":{\"@type\":\"EntryPoint\",\"urlTemplate\":\"https:\/\/www.hotelgalli.it\/fr\/?s={search_term_string}\"},\"query-input\":{\"@type\":\"PropertyValueSpecification\",\"valueRequired\":true,\"valueName\":\"search_term_string\"}}],\"inLanguage\":\"fr-FR\"},{\"@type\":\"Organization\",\"@id\":\"https:\/\/www.hotelgalli.it\/fr\/#organization\",\"name\":\"Hotel Galli Wellness & Spa\",\"url\":\"https:\/\/www.hotelgalli.it\/fr\/\",\"logo\":{\"@type\":\"ImageObject\",\"inLanguage\":\"fr-FR\",\"@id\":\"https:\/\/www.hotelgalli.it\/fr\/#\/schema\/logo\/image\/\",\"url\":\"https:\/\/www.hotelgalli.it\/wp-content\/uploads\/hotel_galli_wellness_spa_web.png\",\"contentUrl\":\"https:\/\/www.hotelgalli.it\/wp-content\/uploads\/hotel_galli_wellness_spa_web.png\",\"width\":300,\"height\":101,\"caption\":\"Hotel Galli Wellness & Spa\"},\"image\":{\"@id\":\"https:\/\/www.hotelgalli.it\/fr\/#\/schema\/logo\/image\/\"},\"sameAs\":[\"https:\/\/www.facebook.com\/hotelgalli.fetovaia\/\",\"https:\/\/www.instagram.com\/hotelgalli_elba\/\"]}]}<\/script>\n<!-- \/ Yoast SEO plugin. -->","yoast_head_json":{"title":"Conditions - Hotel Galli Wellness &amp; SPA - Fetovaia, \u00cele d'Elbe","description":"Services gratuits: code de r\u00e9duction pour le ferry, serviettes de plage, bain \u00e0 remous dans le jardin, connexion WiFi, utilisation de v\u00e9los...","robots":{"index":"index","follow":"follow","max-snippet":"max-snippet:-1","max-image-preview":"max-image-preview:large","max-video-preview":"max-video-preview:-1"},"canonical":"https:\/\/www.hotelgalli.it\/fr\/conditions\/","og_locale":"fr_FR","og_type":"article","og_title":"Conditions - Hotel Galli Wellness &amp; SPA - Fetovaia, \u00cele d'Elbe","og_description":"Services gratuits: code de r\u00e9duction pour le ferry, serviettes de plage, bain \u00e0 remous dans le jardin, connexion WiFi, utilisation de v\u00e9los...","og_url":"https:\/\/www.hotelgalli.it\/fr\/conditions\/","og_site_name":"Hotel Galli Wellness &amp; SPA","article_publisher":"https:\/\/www.facebook.com\/hotelgalli.fetovaia\/","article_modified_time":"2026-02-11T14:11:45+00:00","og_image":[{"width":2142,"height":280,"url":"https:\/\/www.hotelgalli.it\/wp-content\/uploads\/banner_care4uhotel.png","type":"image\/png"}],"twitter_card":"summary_large_image","twitter_misc":{"Dur\u00e9e de lecture estim\u00e9e":"3 minutes"},"schema":{"@context":"https:\/\/schema.org","@graph":[{"@type":"WebPage","@id":"https:\/\/www.hotelgalli.it\/fr\/conditions\/","url":"https:\/\/www.hotelgalli.it\/fr\/conditions\/","name":"Conditions - Hotel Galli Wellness &amp; SPA - Fetovaia, \u00cele d'Elbe","isPartOf":{"@id":"https:\/\/www.hotelgalli.it\/fr\/#website"},"primaryImageOfPage":{"@id":"https:\/\/www.hotelgalli.it\/fr\/conditions\/#primaryimage"},"image":{"@id":"https:\/\/www.hotelgalli.it\/fr\/conditions\/#primaryimage"},"thumbnailUrl":"https:\/\/www.hotelgalli.it\/wp-content\/uploads\/banner_care4uhotel.png","datePublished":"2023-11-27T14:08:57+00:00","dateModified":"2026-02-11T14:11:45+00:00","description":"Services gratuits: code de r\u00e9duction pour le ferry, serviettes de plage, bain \u00e0 remous dans le jardin, connexion WiFi, utilisation de v\u00e9los...","breadcrumb":{"@id":"https:\/\/www.hotelgalli.it\/fr\/conditions\/#breadcrumb"},"inLanguage":"fr-FR","potentialAction":[{"@type":"ReadAction","target":["https:\/\/www.hotelgalli.it\/fr\/conditions\/"]}]},{"@type":"ImageObject","inLanguage":"fr-FR","@id":"https:\/\/www.hotelgalli.it\/fr\/conditions\/#primaryimage","url":"https:\/\/www.hotelgalli.it\/wp-content\/uploads\/banner_care4uhotel.png","contentUrl":"https:\/\/www.hotelgalli.it\/wp-content\/uploads\/banner_care4uhotel.png"},{"@type":"BreadcrumbList","@id":"https:\/\/www.hotelgalli.it\/fr\/conditions\/#breadcrumb","itemListElement":[{"@type":"ListItem","position":1,"name":"Home","item":"https:\/\/www.hotelgalli.it\/fr\/"},{"@type":"ListItem","position":2,"name":"Conditions"}]},{"@type":"WebSite","@id":"https:\/\/www.hotelgalli.it\/fr\/#website","url":"https:\/\/www.hotelgalli.it\/fr\/","name":"Hotel Galli Wellness & Spa","description":"Fetovaia - Isola d&#039;Elba","publisher":{"@id":"https:\/\/www.hotelgalli.it\/fr\/#organization"},"potentialAction":[{"@type":"SearchAction","target":{"@type":"EntryPoint","urlTemplate":"https:\/\/www.hotelgalli.it\/fr\/?s={search_term_string}"},"query-input":{"@type":"PropertyValueSpecification","valueRequired":true,"valueName":"search_term_string"}}],"inLanguage":"fr-FR"},{"@type":"Organization","@id":"https:\/\/www.hotelgalli.it\/fr\/#organization","name":"Hotel Galli Wellness & Spa","url":"https:\/\/www.hotelgalli.it\/fr\/","logo":{"@type":"ImageObject","inLanguage":"fr-FR","@id":"https:\/\/www.hotelgalli.it\/fr\/#\/schema\/logo\/image\/","url":"https:\/\/www.hotelgalli.it\/wp-content\/uploads\/hotel_galli_wellness_spa_web.png","contentUrl":"https:\/\/www.hotelgalli.it\/wp-content\/uploads\/hotel_galli_wellness_spa_web.png","width":300,"height":101,"caption":"Hotel Galli Wellness & Spa"},"image":{"@id":"https:\/\/www.hotelgalli.it\/fr\/#\/schema\/logo\/image\/"},"sameAs":["https:\/\/www.facebook.com\/hotelgalli.fetovaia\/","https:\/\/www.instagram.com\/hotelgalli_elba\/"]}]}},"_links":{"self":[{"href":"https:\/\/www.hotelgalli.it\/fr\/wp-json\/wp\/v2\/pages\/92663","targetHints":{"allow":["GET"]}}],"collection":[{"href":"https:\/\/www.hotelgalli.it\/fr\/wp-json\/wp\/v2\/pages"}],"about":[{"href":"https:\/\/www.hotelgalli.it\/fr\/wp-json\/wp\/v2\/types\/page"}],"author":[{"embeddable":true,"href":"https:\/\/www.hotelgalli.it\/fr\/wp-json\/wp\/v2\/users\/1"}],"replies":[{"embeddable":true,"href":"https:\/\/www.hotelgalli.it\/fr\/wp-json\/wp\/v2\/comments?post=92663"}],"version-history":[{"count":49,"href":"https:\/\/www.hotelgalli.it\/fr\/wp-json\/wp\/v2\/pages\/92663\/revisions"}],"predecessor-version":[{"id":97195,"href":"https:\/\/www.hotelgalli.it\/fr\/wp-json\/wp\/v2\/pages\/92663\/revisions\/97195"}],"wp:attachment":[{"href":"https:\/\/www.hotelgalli.it\/fr\/wp-json\/wp\/v2\/media?parent=92663"}],"curies":[{"name":"wp","href":"https:\/\/api.w.org\/{rel}","templated":true}]}}