{"id":92634,"date":"2023-12-06T09:15:50","date_gmt":"2023-12-06T08:15:50","guid":{"rendered":"https:\/\/www.hotelgalli.it\/info-e-contatti\/"},"modified":"2025-05-16T10:14:46","modified_gmt":"2025-05-16T08:14:46","slug":"contacts","status":"publish","type":"page","link":"https:\/\/www.hotelgalli.it\/fr\/contacts\/","title":{"rendered":"Contacts"},"content":{"rendered":"\t\t<div data-elementor-type=\"wp-page\" data-elementor-id=\"92634\" class=\"elementor elementor-92634 elementor-89408\">\n\t\t\t\t\t\t<section class=\"elementor-section elementor-top-section elementor-element elementor-element-9c2cbcd elementor-section-stretched elementor-section-full_width elementor-section-height-default elementor-section-height-default tm-col-stretched-none tm-bg-color-over-image\" data-id=\"9c2cbcd\" data-element_type=\"section\" data-e-type=\"section\" data-settings=\"{&quot;stretch_section&quot;:&quot;section-stretched&quot;,&quot;background_background&quot;:&quot;classic&quot;}\">\n\t\t\t\t\t\t<div class=\"elementor-container elementor-column-gap-default\">\n\t\t\t\t\t<div class=\"elementor-column elementor-col-100 elementor-top-column elementor-element elementor-element-492a908 tm-bg-color-over-image\" data-id=\"492a908\" data-element_type=\"column\" data-e-type=\"column\">\n\t\t\t<div class=\"elementor-widget-wrap elementor-element-populated\">\n\t\t\t\t\t\t<div class=\"elementor-element elementor-element-87d993f elementor-widget elementor-widget-spacer\" data-id=\"87d993f\" data-element_type=\"widget\" data-e-type=\"widget\" data-widget_type=\"spacer.default\">\n\t\t\t\t<div class=\"elementor-widget-container\">\n\t\t\t\t\t\t\t<div class=\"elementor-spacer\">\n\t\t\t<div class=\"elementor-spacer-inner\"><\/div>\n\t\t<\/div>\n\t\t\t\t\t\t<\/div>\n\t\t\t\t<\/div>\n\t\t\t\t\t<\/div>\n\t\t<\/div>\n\t\t\t\t\t<\/div>\n\t\t<\/section>\n\t\t\t\t<section class=\"elementor-section elementor-top-section elementor-element elementor-element-6d804b5 elementor-section-stretched elementor-section-boxed elementor-section-height-default elementor-section-height-default tm-col-stretched-none tm-bg-color-over-image\" data-id=\"6d804b5\" data-element_type=\"section\" data-e-type=\"section\" data-settings=\"{&quot;stretch_section&quot;:&quot;section-stretched&quot;}\">\n\t\t\t\t\t\t\t<div class=\"elementor-background-overlay\"><\/div>\n\t\t\t\t\t\t\t<div class=\"elementor-container elementor-column-gap-extended\">\n\t\t\t\t\t<div class=\"elementor-column elementor-col-100 elementor-top-column elementor-element elementor-element-30a1abe tm-bg-color-over-image\" data-id=\"30a1abe\" data-element_type=\"column\" data-e-type=\"column\">\n\t\t\t<div class=\"elementor-widget-wrap elementor-element-populated\">\n\t\t\t\t\t\t<div class=\"elementor-element elementor-element-1bc8128 horizontal-line-align-left vertical-line-align-bottom elementor-widget elementor-widget-tm-ele-section-title\" data-id=\"1bc8128\" data-element_type=\"widget\" data-e-type=\"widget\" data-widget_type=\"tm-ele-section-title.default\">\n\t\t\t\t<div class=\"elementor-widget-container\">\n\t\t\t\t\t<div class=\"tm-sc-section-title section-title line-left-current-theme \">\r\n\t<div class=\"title-wrapper\">\r\n\t\t\t\t\t\t<h6 class=\"subtitle \">\r\n\r\n\t\t\r\n\t\tH\u00f4tel Galli\t<\/h6>\r\n\t\t\t\t<h2 class=\"title \">\r\n\r\n\t\t\r\n\t\t\t\t<span class=\"title-part1 \">Contacts<\/span>\r\n\t\t\t\t\r\n\t\t\r\n\t<\/h2>\r\n\t<div class=\"title-seperator-line\"><\/div>\t\t\t\t\t\t<\/div>\r\n<\/div>\t\t\t\t<\/div>\n\t\t\t\t<\/div>\n\t\t\t\t<div class=\"elementor-element elementor-element-5cbf2038 contlist elementor-widget elementor-widget-tm-ele-working-block\" data-id=\"5cbf2038\" data-element_type=\"widget\" data-e-type=\"widget\" data-widget_type=\"tm-ele-working-block.skin-style4\">\n\t\t\t\t<div class=\"elementor-widget-container\">\n\t\t\t\t\t\t<div class=\"tm-sc-features tm-features-grid\">\r\n\t\t<!-- Isotope Gallery Grid -->\r\n\t\t<div id=\"working-block-holder-741841\" class=\"isotope-layout grid-4 gutter-15 clearfix\">\r\n\t\t\t<div class=\"isotope-layout-inner\">\r\n\t\t\t\t<!-- the loop -->\r\n\t\t\t\t\t\t\t\t\t\t\t\t<div class=\"isotope-item working-block\">\r\n\t\t\t\t\t<!-- Features Block Style4-->\r\n<div class=\"working-block working-block-style4\">\r\n  <div class=\"inner-box\">\r\n    <div class=\"icon-box\">\r\n      <i aria-hidden=\"true\" class=\"lnr lnr-icon-map-marker\"><\/i>    <\/div>\r\n    <span class=\"count\"><\/span>\r\n    \r\n\t\t<h4 class=\"working-title\">\r\n\t\t\t\t\tAdresse\t\t\t<\/h4>\r\n\t    <div class=\"working-details\"><a target=\"_blank\" href=\"https:\/\/maps.app.goo.gl\/NKasodds64frqExbA\">Via Fetovaia n. 115, 57034<br \/>\nCampo nell\u2019Elba (LI)<\/a><\/div>\r\n      <\/div>\r\n<\/div>\t\t\t\t<\/div>\r\n\t\t\t\t\t\t\t\t\t\t\t\t<div class=\"isotope-item working-block\">\r\n\t\t\t\t\t<!-- Features Block Style4-->\r\n<div class=\"working-block working-block-style4\">\r\n  <div class=\"inner-box\">\r\n    <div class=\"icon-box\">\r\n      <i aria-hidden=\"true\" class=\" flaticon-archisky-phone\"><\/i>    <\/div>\r\n    <span class=\"count\"><\/span>\r\n    \r\n\t\t<h4 class=\"working-title\">\r\n\t\t\t\t\tT\u00e9l\u00e9phone\t\t\t<\/h4>\r\n\t    <div class=\"working-details\"><a target=\"_blank\" href=\"tel:+390565988035\">(+39) 0565 988035<\/a><\/div>\r\n      <\/div>\r\n<\/div>\t\t\t\t<\/div>\r\n\t\t\t\t\t\t\t\t\t\t\t\t<div class=\"isotope-item working-block\">\r\n\t\t\t\t\t<!-- Features Block Style4-->\r\n<div class=\"working-block working-block-style4\">\r\n  <div class=\"inner-box\">\r\n    <div class=\"icon-box\">\r\n      <i aria-hidden=\"true\" class=\" flaticon-common-chat\"><\/i>    <\/div>\r\n    <span class=\"count\"><\/span>\r\n    \r\n\t\t<h4 class=\"working-title\">\r\n\t\t\t\t\tWhatsapp\t\t\t<\/h4>\r\n\t    <div class=\"working-details\"><a target=\"_blank\" href=\"https:\/\/wa.me\/393382872349\">(+39) 338 2872349<\/a><\/div>\r\n      <\/div>\r\n<\/div>\t\t\t\t<\/div>\r\n\t\t\t\t\t\t\t\t\t\t\t\t<div class=\"isotope-item working-block\">\r\n\t\t\t\t\t<!-- Features Block Style4-->\r\n<div class=\"working-block working-block-style4\">\r\n  <div class=\"inner-box\">\r\n    <div class=\"icon-box\">\r\n      <i aria-hidden=\"true\" class=\" flaticon-common-envelope\"><\/i>    <\/div>\r\n    <span class=\"count\"><\/span>\r\n    \r\n\t\t<h4 class=\"working-title\">\r\n\t\t\t\t\tEmail\t\t\t<\/h4>\r\n\t    <div class=\"working-details\"><a target=\"_blank\" href=\"mailto:info@hotelgalli.it\">info@hotelgalli.it<\/a><\/div>\r\n      <\/div>\r\n<\/div>\t\t\t\t<\/div>\r\n\t\t\t\t\t\t\t\t<!-- end of the loop -->\r\n\t\t\t<\/div>\r\n\t\t<\/div>\r\n\t\t\t<\/div>\r\n\r\n\t\t\t\t<\/div>\n\t\t\t\t<\/div>\n\t\t\t\t\t<\/div>\n\t\t<\/div>\n\t\t\t\t\t<\/div>\n\t\t<\/section>\n\t\t\t\t<section class=\"elementor-section elementor-top-section elementor-element elementor-element-eccb549 elementor-section-stretched elementor-section-boxed elementor-section-height-default elementor-section-height-default tm-col-stretched-none tm-bg-color-over-image\" data-id=\"eccb549\" data-element_type=\"section\" data-e-type=\"section\" data-settings=\"{&quot;stretch_section&quot;:&quot;section-stretched&quot;,&quot;background_background&quot;:&quot;classic&quot;}\">\n\t\t\t\t\t\t\t<div class=\"elementor-background-overlay\"><\/div>\n\t\t\t\t\t\t\t<div class=\"elementor-container elementor-column-gap-extended\">\n\t\t\t\t\t<div class=\"elementor-column elementor-col-100 elementor-top-column elementor-element elementor-element-f1945a9 tm-bg-color-over-image\" data-id=\"f1945a9\" data-element_type=\"column\" data-e-type=\"column\">\n\t\t\t<div class=\"elementor-widget-wrap elementor-element-populated\">\n\t\t\t\t\t\t<div class=\"elementor-element elementor-element-378aa34 elementor-widget elementor-widget-tm-ele-text-editor\" data-id=\"378aa34\" data-element_type=\"widget\" data-e-type=\"widget\" data-widget_type=\"tm-ele-text-editor.default\">\n\t\t\t\t<div class=\"elementor-widget-container\">\n\t\t\t\t\t\t\t<div class=\"tm-text-editor\">\r\n\t\tVeuillez utiliser ce formulaire pour demander des renseignements \u00e0 caract\u00e8re g\u00e9n\u00e9ral, demander la disponibilit\u00e9 des chambres ou r\u00e9server votre s\u00e9jour.\nNous veillerons \u00e0 prendre en compte votre demande dans les meilleurs d\u00e9lais.\t\t<\/div>\r\n\t\t\t\t\t<\/div>\n\t\t\t\t<\/div>\n\t\t\t\t<div class=\"elementor-element elementor-element-fbb8ad1 elementor-widget elementor-widget-spacer\" data-id=\"fbb8ad1\" data-element_type=\"widget\" data-e-type=\"widget\" data-widget_type=\"spacer.default\">\n\t\t\t\t<div class=\"elementor-widget-container\">\n\t\t\t\t\t\t\t<div class=\"elementor-spacer\">\n\t\t\t<div class=\"elementor-spacer-inner\"><\/div>\n\t\t<\/div>\n\t\t\t\t\t\t<\/div>\n\t\t\t\t<\/div>\n\t\t\t\t<div class=\"elementor-element elementor-element-b084474 tm-contact-form-7-button-align-left tm-contact-form-7-button-custom elementor-widget elementor-widget-tm-ele-contact-form-7\" data-id=\"b084474\" data-element_type=\"widget\" data-e-type=\"widget\" data-widget_type=\"tm-ele-contact-form-7.default\">\n\t\t\t\t<div class=\"elementor-widget-container\">\n\t\t\t\t\t<div class=\"tm-contact-form-7-wrapper\">\r\n\t\t\t\t<div class=\"tm-contact-form tm-contact-form-7 tm-contact-form-b084474 placeholder-show tm-contact-form-align-default\">\n<div class=\"wpcf7 no-js\" id=\"wpcf7-f94212-o1\" lang=\"fr-FR\" dir=\"ltr\" data-wpcf7-id=\"94212\">\n<div class=\"screen-reader-response\"><p role=\"status\" aria-live=\"polite\" aria-atomic=\"true\"><\/p> <ul><\/ul><\/div>\n<form action=\"\/fr\/wp-json\/wp\/v2\/pages\/92634#wpcf7-f94212-o1\" method=\"post\" class=\"wpcf7-form init\" aria-label=\"Formulaire de contact\" novalidate=\"novalidate\" data-status=\"init\">\n<fieldset class=\"hidden-fields-container\"><input type=\"hidden\" name=\"_wpcf7\" value=\"94212\" \/><input type=\"hidden\" name=\"_wpcf7_version\" value=\"6.1.5\" \/><input type=\"hidden\" name=\"_wpcf7_locale\" value=\"fr_FR\" \/><input type=\"hidden\" name=\"_wpcf7_unit_tag\" value=\"wpcf7-f94212-o1\" \/><input type=\"hidden\" name=\"_wpcf7_container_post\" value=\"0\" \/><input type=\"hidden\" name=\"_wpcf7_posted_data_hash\" value=\"\" \/><input type=\"hidden\" name=\"_wpcf7_recaptcha_response\" value=\"\" \/>\n<\/fieldset>\n<div class=\"contact\">\n  <div class=\"row g-3\">\n    <div class=\"col-sm-6\">\n        <span class=\"wpcf7-form-control-wrap\" data-name=\"nome\"><input size=\"40\" maxlength=\"400\" class=\"wpcf7-form-control wpcf7-text wpcf7-validates-as-required form-control\" aria-required=\"true\" aria-invalid=\"false\" placeholder=\"Nam *\" value=\"\" type=\"text\" name=\"nome\" \/><\/span>\n    <\/div>\n    <div class=\"col-sm-6\">\n        <span class=\"wpcf7-form-control-wrap\" data-name=\"cognome\"><input size=\"40\" maxlength=\"400\" class=\"wpcf7-form-control wpcf7-text wpcf7-validates-as-required form-control\" aria-required=\"true\" aria-invalid=\"false\" placeholder=\"Nom de famille *\" value=\"\" type=\"text\" name=\"cognome\" \/><\/span>\n    <\/div>\n    <div class=\"col-sm-6\">\n        <span class=\"wpcf7-form-control-wrap\" data-name=\"mail\"><input size=\"40\" maxlength=\"400\" class=\"wpcf7-form-control wpcf7-email wpcf7-validates-as-required wpcf7-text wpcf7-validates-as-email form-control\" aria-required=\"true\" aria-invalid=\"false\" placeholder=\"Email *\" value=\"\" type=\"email\" name=\"mail\" \/><\/span>\n    <\/div>\n    <div class=\"col-sm-6\">\n        <span class=\"wpcf7-form-control-wrap\" data-name=\"telefono\"><input size=\"40\" maxlength=\"400\" class=\"wpcf7-form-control wpcf7-text wpcf7-validates-as-required form-control\" aria-required=\"true\" aria-invalid=\"false\" placeholder=\"T\u00e9l\u00e9phone *\" value=\"\" type=\"text\" name=\"telefono\" \/><\/span>\n    <\/div>\n    <div class=\"col-sm-6\">\n        <span class=\"wpcf7-form-control-wrap\" data-name=\"arrivo\"><input size=\"40\" maxlength=\"400\" class=\"wpcf7-form-control wpcf7-text wpcf7-validates-as-required form-control\" aria-required=\"true\" aria-invalid=\"false\" placeholder=\"Date d&#039;arriv\u00e9e *\" value=\"\" type=\"text\" name=\"arrivo\" \/><\/span>\n    <\/div>\n    <div class=\"col-sm-6\">\n        <span class=\"wpcf7-form-control-wrap\" data-name=\"partenza\"><input size=\"40\" maxlength=\"400\" class=\"wpcf7-form-control wpcf7-text wpcf7-validates-as-required form-control\" aria-required=\"true\" aria-invalid=\"false\" placeholder=\"Date de d\u00e9part *\" value=\"\" type=\"text\" name=\"partenza\" \/><\/span>\n    <\/div>\n    <div class=\"col-sm-4\">\n        <span class=\"wpcf7-form-control-wrap\" data-name=\"adulti\"><input class=\"wpcf7-form-control wpcf7-number wpcf7-validates-as-required wpcf7-validates-as-number form-control\" min=\"1\" aria-required=\"true\" aria-invalid=\"false\" placeholder=\"Adultes *\" value=\"\" type=\"number\" name=\"adulti\" \/><\/span>\n    <\/div>\n    <div class=\"col-sm-4\">\n        <span class=\"wpcf7-form-control-wrap\" data-name=\"bambini\"><input class=\"wpcf7-form-control wpcf7-number wpcf7-validates-as-required wpcf7-validates-as-number form-control\" min=\"0\" aria-required=\"true\" aria-invalid=\"false\" placeholder=\"Enfants\" value=\"\" type=\"number\" name=\"bambini\" \/><\/span>\n    <\/div>\n    <div class=\"col-sm-4\">\n        <span class=\"wpcf7-form-control-wrap\" data-name=\"eta\"><input size=\"40\" maxlength=\"400\" class=\"wpcf7-form-control wpcf7-text wpcf7-validates-as-required form-control\" aria-required=\"true\" aria-invalid=\"false\" placeholder=\"\u00c2ge des enfants\" value=\"\" type=\"text\" name=\"eta\" \/><\/span>\n    <\/div>\n    <div class=\"col-sm-12\">\n        <span class=\"wpcf7-form-control-wrap\" data-name=\"messaggio\"><textarea cols=\"40\" rows=\"7\" maxlength=\"2000\" class=\"wpcf7-form-control wpcf7-textarea wpcf7-validates-as-required form-control\" aria-required=\"true\" aria-invalid=\"false\" placeholder=\"Message\" name=\"messaggio\"><\/textarea><\/span>\n    <\/div>\n    <div class=\"col-sm-12\" style=\"font-size:0.8em; margin-top:30px; padding:0 30px;\">Nous vous informons que les donn\u00e9es que vous fournissez seront trait\u00e9es informatiquement dans le respect des principes \u00e9tablis par la l\u00e9gislation en vigueur sur la protection des donn\u00e9es (R\u00e8glement UE n\u00b0 679 de 2016) dans le seul but de vous fournir les informations demand\u00e9es, et \u00e9ventuellement de d\u00e9finir\/ confirmer la r\u00e9servation des chambres et autres services. Les informations compl\u00e8tes sur les modalit\u00e9s et finalit\u00e9s du traitement effectu\u00e9 sont contenues dans la page Politique de Confidentialit\u00e9. Cependant, vous pouvez par la suite, \u00e0 tout moment, demander la suppression de vos donn\u00e9es. N'oubliez pas \u00e9galement que pour exprimer votre consentement au traitement des donn\u00e9es personnelles, vous devez avoir au moins 16 ans.<\/div>\n   <div class=\"col-sm-12\" style=\"margin-bottom:30px;\"><span class=\"wpcf7-form-control-wrap\" data-name=\"privacy\"><span class=\"wpcf7-form-control wpcf7-acceptance\"><span class=\"wpcf7-list-item\"><label><input type=\"checkbox\" name=\"privacy\" value=\"1\" aria-invalid=\"false\" \/><span class=\"wpcf7-list-item-label\">Je prends note des informations ci-dessus *<\/span><\/label><\/span><\/span><\/span><\/div>\n    <div class=\"col-sm-12\">\n        <input class=\"wpcf7-form-control wpcf7-submit has-spinner btn btn-theme-colored2\" type=\"submit\" value=\"Envoyer la demande\" \/>\n    <\/div>\n  <\/div>\n<\/div><input type='hidden' class='wpcf7-pum' value='{\"closepopup\":false,\"closedelay\":0,\"openpopup\":false,\"openpopup_id\":0}' \/><div class=\"wpcf7-response-output\" aria-hidden=\"true\"><\/div>\n<\/form>\n<\/div>\n<\/div>\r\n\t\t\t<\/div>\t\t\t\t<\/div>\n\t\t\t\t<\/div>\n\t\t\t\t<div class=\"elementor-element elementor-element-7346b45 elementor-hidden-desktop elementor-hidden-tablet elementor-hidden-mobile elementor-widget elementor-widget-html\" data-id=\"7346b45\" data-element_type=\"widget\" data-e-type=\"widget\" data-widget_type=\"html.default\">\n\t\t\t\t<div class=\"elementor-widget-container\">\n\t\t\t\t\t<script id=\"fastreplymail-form\">\nwindow['FRM_config'] = {\n\"accentColor\": \"#e06537\",\n\"primaryColor\": \"#33aaff\",\n\"maxNights\": \"21\",\n\"maxAccommodations\": \"2\",\n\"maxAdults\": \"4\",\n\"maxChildren\": \"2\",\n\"maxChildAge\": \"16\",\n\"formId\": \"form_sito_web\",\n\"formName\": \"Form Sito Web\"\n};\n(function (f, a, s, t) {\nvar e = a.createElement('script');\nvar m = a.getElementById('fastreplymail-form');\ne.async = true;\ne.src = 'https:\/\/admin.fastreplymail.it\/widgets\/v1\/request-form\/embed.js?properties[]=' +\n(Array.isArray(s) ? s.join('&properties[]=') : s) + '&language=' + (t || 'it');\nm.parentNode.insertBefore(e, m);\n})(window, document, ['58915ecc-f005-4b4b-ab8d-c9ed15f084c8'], 'fr');\n<\/script>\t\t\t\t<\/div>\n\t\t\t\t<\/div>\n\t\t\t\t\t<\/div>\n\t\t<\/div>\n\t\t\t\t\t<\/div>\n\t\t<\/section>\n\t\t\t\t<\/div>\n\t\t","protected":false},"excerpt":{"rendered":"<p>H\u00f4tel Galli Contacts Adresse Via Fetovaia n. 115, 57034 Campo nell\u2019Elba (LI) T\u00e9l\u00e9phone (+39) 0565 988035 Whatsapp (+39) 338 2872349&#8230;<\/p>\n","protected":false},"author":1,"featured_media":0,"parent":0,"menu_order":14,"comment_status":"closed","ping_status":"closed","template":"","meta":{"_joinchat":[],"footnotes":""},"class_list":["post-92634","page","type-page","status-publish","hentry"],"yoast_head":"<!-- This site is optimized with the Yoast SEO plugin v27.4 - https:\/\/yoast.com\/product\/yoast-seo-wordpress\/ -->\n<title>Contacts - Hotel Galli Wellness &amp; SPA - Fetovaia, \u00cele d&#039;Elbe<\/title>\n<meta name=\"robots\" content=\"index, follow, max-snippet:-1, max-image-preview:large, max-video-preview:-1\" \/>\n<link rel=\"canonical\" href=\"https:\/\/www.hotelgalli.it\/fr\/contacts\/\" \/>\n<meta property=\"og:locale\" content=\"fr_FR\" \/>\n<meta property=\"og:type\" content=\"article\" \/>\n<meta property=\"og:title\" content=\"Contacts - Hotel Galli Wellness &amp; SPA - Fetovaia, \u00cele d&#039;Elbe\" \/>\n<meta property=\"og:description\" content=\"H\u00f4tel Galli Contacts Adresse Via Fetovaia n. 115, 57034 Campo nell\u2019Elba (LI) T\u00e9l\u00e9phone (+39) 0565 988035 Whatsapp (+39) 338 2872349...\" \/>\n<meta property=\"og:url\" content=\"https:\/\/www.hotelgalli.it\/fr\/contacts\/\" \/>\n<meta property=\"og:site_name\" content=\"Hotel Galli Wellness &amp; SPA\" \/>\n<meta property=\"article:publisher\" content=\"https:\/\/www.facebook.com\/hotelgalli.fetovaia\/\" \/>\n<meta property=\"article:modified_time\" content=\"2025-05-16T08:14:46+00:00\" \/>\n<meta name=\"twitter:card\" content=\"summary_large_image\" \/>\n<meta name=\"twitter:label1\" content=\"Dur\u00e9e de lecture estim\u00e9e\" \/>\n\t<meta name=\"twitter:data1\" content=\"1 minute\" \/>\n<script type=\"application\/ld+json\" class=\"yoast-schema-graph\">{\"@context\":\"https:\\\/\\\/schema.org\",\"@graph\":[{\"@type\":\"WebPage\",\"@id\":\"https:\\\/\\\/www.hotelgalli.it\\\/fr\\\/contacts\\\/\",\"url\":\"https:\\\/\\\/www.hotelgalli.it\\\/fr\\\/contacts\\\/\",\"name\":\"Contacts - Hotel Galli Wellness &amp; SPA - Fetovaia, \u00cele d'Elbe\",\"isPartOf\":{\"@id\":\"https:\\\/\\\/www.hotelgalli.it\\\/fr\\\/#website\"},\"datePublished\":\"2023-12-06T08:15:50+00:00\",\"dateModified\":\"2025-05-16T08:14:46+00:00\",\"breadcrumb\":{\"@id\":\"https:\\\/\\\/www.hotelgalli.it\\\/fr\\\/contacts\\\/#breadcrumb\"},\"inLanguage\":\"fr-FR\",\"potentialAction\":[{\"@type\":\"ReadAction\",\"target\":[\"https:\\\/\\\/www.hotelgalli.it\\\/fr\\\/contacts\\\/\"]}]},{\"@type\":\"BreadcrumbList\",\"@id\":\"https:\\\/\\\/www.hotelgalli.it\\\/fr\\\/contacts\\\/#breadcrumb\",\"itemListElement\":[{\"@type\":\"ListItem\",\"position\":1,\"name\":\"Home\",\"item\":\"https:\\\/\\\/www.hotelgalli.it\\\/fr\\\/\"},{\"@type\":\"ListItem\",\"position\":2,\"name\":\"Contacts\"}]},{\"@type\":\"WebSite\",\"@id\":\"https:\\\/\\\/www.hotelgalli.it\\\/fr\\\/#website\",\"url\":\"https:\\\/\\\/www.hotelgalli.it\\\/fr\\\/\",\"name\":\"Hotel Galli Wellness & Spa\",\"description\":\"Fetovaia - Isola d&#039;Elba\",\"publisher\":{\"@id\":\"https:\\\/\\\/www.hotelgalli.it\\\/fr\\\/#organization\"},\"potentialAction\":[{\"@type\":\"SearchAction\",\"target\":{\"@type\":\"EntryPoint\",\"urlTemplate\":\"https:\\\/\\\/www.hotelgalli.it\\\/fr\\\/?s={search_term_string}\"},\"query-input\":{\"@type\":\"PropertyValueSpecification\",\"valueRequired\":true,\"valueName\":\"search_term_string\"}}],\"inLanguage\":\"fr-FR\"},{\"@type\":\"Organization\",\"@id\":\"https:\\\/\\\/www.hotelgalli.it\\\/fr\\\/#organization\",\"name\":\"Hotel Galli Wellness & Spa\",\"url\":\"https:\\\/\\\/www.hotelgalli.it\\\/fr\\\/\",\"logo\":{\"@type\":\"ImageObject\",\"inLanguage\":\"fr-FR\",\"@id\":\"https:\\\/\\\/www.hotelgalli.it\\\/fr\\\/#\\\/schema\\\/logo\\\/image\\\/\",\"url\":\"https:\\\/\\\/www.hotelgalli.it\\\/wp-content\\\/uploads\\\/hotel_galli_wellness_spa_web.png\",\"contentUrl\":\"https:\\\/\\\/www.hotelgalli.it\\\/wp-content\\\/uploads\\\/hotel_galli_wellness_spa_web.png\",\"width\":300,\"height\":101,\"caption\":\"Hotel Galli Wellness & Spa\"},\"image\":{\"@id\":\"https:\\\/\\\/www.hotelgalli.it\\\/fr\\\/#\\\/schema\\\/logo\\\/image\\\/\"},\"sameAs\":[\"https:\\\/\\\/www.facebook.com\\\/hotelgalli.fetovaia\\\/\",\"https:\\\/\\\/www.instagram.com\\\/hotelgalli_elba\\\/\"]}]}<\/script>\n<!-- \/ Yoast SEO plugin. -->","yoast_head_json":{"title":"Contacts - Hotel Galli Wellness &amp; SPA - Fetovaia, \u00cele d'Elbe","robots":{"index":"index","follow":"follow","max-snippet":"max-snippet:-1","max-image-preview":"max-image-preview:large","max-video-preview":"max-video-preview:-1"},"canonical":"https:\/\/www.hotelgalli.it\/fr\/contacts\/","og_locale":"fr_FR","og_type":"article","og_title":"Contacts - Hotel Galli Wellness &amp; SPA - Fetovaia, \u00cele d'Elbe","og_description":"H\u00f4tel Galli Contacts Adresse Via Fetovaia n. 115, 57034 Campo nell\u2019Elba (LI) T\u00e9l\u00e9phone (+39) 0565 988035 Whatsapp (+39) 338 2872349...","og_url":"https:\/\/www.hotelgalli.it\/fr\/contacts\/","og_site_name":"Hotel Galli Wellness &amp; SPA","article_publisher":"https:\/\/www.facebook.com\/hotelgalli.fetovaia\/","article_modified_time":"2025-05-16T08:14:46+00:00","twitter_card":"summary_large_image","twitter_misc":{"Dur\u00e9e de lecture estim\u00e9e":"1 minute"},"schema":{"@context":"https:\/\/schema.org","@graph":[{"@type":"WebPage","@id":"https:\/\/www.hotelgalli.it\/fr\/contacts\/","url":"https:\/\/www.hotelgalli.it\/fr\/contacts\/","name":"Contacts - Hotel Galli Wellness &amp; SPA - Fetovaia, \u00cele d'Elbe","isPartOf":{"@id":"https:\/\/www.hotelgalli.it\/fr\/#website"},"datePublished":"2023-12-06T08:15:50+00:00","dateModified":"2025-05-16T08:14:46+00:00","breadcrumb":{"@id":"https:\/\/www.hotelgalli.it\/fr\/contacts\/#breadcrumb"},"inLanguage":"fr-FR","potentialAction":[{"@type":"ReadAction","target":["https:\/\/www.hotelgalli.it\/fr\/contacts\/"]}]},{"@type":"BreadcrumbList","@id":"https:\/\/www.hotelgalli.it\/fr\/contacts\/#breadcrumb","itemListElement":[{"@type":"ListItem","position":1,"name":"Home","item":"https:\/\/www.hotelgalli.it\/fr\/"},{"@type":"ListItem","position":2,"name":"Contacts"}]},{"@type":"WebSite","@id":"https:\/\/www.hotelgalli.it\/fr\/#website","url":"https:\/\/www.hotelgalli.it\/fr\/","name":"Hotel Galli Wellness & Spa","description":"Fetovaia - Isola d&#039;Elba","publisher":{"@id":"https:\/\/www.hotelgalli.it\/fr\/#organization"},"potentialAction":[{"@type":"SearchAction","target":{"@type":"EntryPoint","urlTemplate":"https:\/\/www.hotelgalli.it\/fr\/?s={search_term_string}"},"query-input":{"@type":"PropertyValueSpecification","valueRequired":true,"valueName":"search_term_string"}}],"inLanguage":"fr-FR"},{"@type":"Organization","@id":"https:\/\/www.hotelgalli.it\/fr\/#organization","name":"Hotel Galli Wellness & Spa","url":"https:\/\/www.hotelgalli.it\/fr\/","logo":{"@type":"ImageObject","inLanguage":"fr-FR","@id":"https:\/\/www.hotelgalli.it\/fr\/#\/schema\/logo\/image\/","url":"https:\/\/www.hotelgalli.it\/wp-content\/uploads\/hotel_galli_wellness_spa_web.png","contentUrl":"https:\/\/www.hotelgalli.it\/wp-content\/uploads\/hotel_galli_wellness_spa_web.png","width":300,"height":101,"caption":"Hotel Galli Wellness & Spa"},"image":{"@id":"https:\/\/www.hotelgalli.it\/fr\/#\/schema\/logo\/image\/"},"sameAs":["https:\/\/www.facebook.com\/hotelgalli.fetovaia\/","https:\/\/www.instagram.com\/hotelgalli_elba\/"]}]}},"_links":{"self":[{"href":"https:\/\/www.hotelgalli.it\/fr\/wp-json\/wp\/v2\/pages\/92634","targetHints":{"allow":["GET"]}}],"collection":[{"href":"https:\/\/www.hotelgalli.it\/fr\/wp-json\/wp\/v2\/pages"}],"about":[{"href":"https:\/\/www.hotelgalli.it\/fr\/wp-json\/wp\/v2\/types\/page"}],"author":[{"embeddable":true,"href":"https:\/\/www.hotelgalli.it\/fr\/wp-json\/wp\/v2\/users\/1"}],"replies":[{"embeddable":true,"href":"https:\/\/www.hotelgalli.it\/fr\/wp-json\/wp\/v2\/comments?post=92634"}],"version-history":[{"count":23,"href":"https:\/\/www.hotelgalli.it\/fr\/wp-json\/wp\/v2\/pages\/92634\/revisions"}],"predecessor-version":[{"id":96449,"href":"https:\/\/www.hotelgalli.it\/fr\/wp-json\/wp\/v2\/pages\/92634\/revisions\/96449"}],"wp:attachment":[{"href":"https:\/\/www.hotelgalli.it\/fr\/wp-json\/wp\/v2\/media?parent=92634"}],"curies":[{"name":"wp","href":"https:\/\/api.w.org\/{rel}","templated":true}]}}