{"id":92718,"date":"2023-12-20T11:20:26","date_gmt":"2023-12-20T10:20:26","guid":{"rendered":"https:\/\/www.hotelgalli.it\/offerte-speciali\/"},"modified":"2026-04-29T13:11:27","modified_gmt":"2026-04-29T11:11:27","slug":"sonderangebote","status":"publish","type":"page","link":"https:\/\/www.hotelgalli.it\/de\/sonderangebote\/","title":{"rendered":"Sonderangebote"},"content":{"rendered":"\t\t<div data-elementor-type=\"wp-page\" data-elementor-id=\"92718\" class=\"elementor elementor-92718 elementor-90293\">\n\t\t\t\t\t\t<section class=\"elementor-section elementor-top-section elementor-element elementor-element-9c2cbcd elementor-section-stretched elementor-section-full_width elementor-section-height-default elementor-section-height-default tm-col-stretched-none tm-bg-color-over-image\" data-id=\"9c2cbcd\" data-element_type=\"section\" data-e-type=\"section\" data-settings=\"{&quot;stretch_section&quot;:&quot;section-stretched&quot;,&quot;background_background&quot;:&quot;classic&quot;}\">\n\t\t\t\t\t\t<div class=\"elementor-container elementor-column-gap-default\">\n\t\t\t\t\t<div class=\"elementor-column elementor-col-100 elementor-top-column elementor-element elementor-element-492a908 tm-bg-color-over-image\" data-id=\"492a908\" data-element_type=\"column\" data-e-type=\"column\">\n\t\t\t<div class=\"elementor-widget-wrap elementor-element-populated\">\n\t\t\t\t\t\t<div class=\"elementor-element elementor-element-87d993f elementor-widget elementor-widget-spacer\" data-id=\"87d993f\" data-element_type=\"widget\" data-e-type=\"widget\" data-widget_type=\"spacer.default\">\n\t\t\t\t<div class=\"elementor-widget-container\">\n\t\t\t\t\t\t\t<div class=\"elementor-spacer\">\n\t\t\t<div class=\"elementor-spacer-inner\"><\/div>\n\t\t<\/div>\n\t\t\t\t\t\t<\/div>\n\t\t\t\t<\/div>\n\t\t\t\t\t<\/div>\n\t\t<\/div>\n\t\t\t\t\t<\/div>\n\t\t<\/section>\n\t\t\t\t<section class=\"elementor-section elementor-top-section elementor-element elementor-element-2f61b088 boxbook elementor-section-boxed elementor-section-height-default elementor-section-height-default tm-col-stretched-none tm-bg-color-over-image\" data-id=\"2f61b088\" data-element_type=\"section\" data-e-type=\"section\" data-settings=\"{&quot;background_background&quot;:&quot;classic&quot;}\">\n\t\t\t\t\t\t<div class=\"elementor-container elementor-column-gap-extended\">\n\t\t\t\t\t<div class=\"elementor-column elementor-col-100 elementor-top-column elementor-element elementor-element-50e86b59 tm-bg-color-over-image\" data-id=\"50e86b59\" data-element_type=\"column\" data-e-type=\"column\">\n\t\t\t<div class=\"elementor-widget-wrap elementor-element-populated\">\n\t\t\t\t\t\t<section class=\"elementor-section elementor-inner-section elementor-element elementor-element-74c633ee elementor-section-content-middle elementor-section-boxed elementor-section-height-default elementor-section-height-default tm-col-stretched-none tm-bg-color-over-image\" data-id=\"74c633ee\" data-element_type=\"section\" data-e-type=\"section\">\n\t\t\t\t\t\t<div class=\"elementor-container elementor-column-gap-default\">\n\t\t\t\t\t<div class=\"elementor-column elementor-col-100 elementor-inner-column elementor-element elementor-element-62efe77b tm-bg-color-over-image\" data-id=\"62efe77b\" data-element_type=\"column\" data-e-type=\"column\">\n\t\t\t<div class=\"elementor-widget-wrap elementor-element-populated\">\n\t\t\t\t\t\t<div class=\"elementor-element elementor-element-caeda3a elementor-widget__width-auto elementor-widget elementor-widget-shortcode\" data-id=\"caeda3a\" data-element_type=\"widget\" data-e-type=\"widget\" data-widget_type=\"shortcode.default\">\n\t\t\t\t<div class=\"elementor-widget-container\">\n\t\t\t\t\t\t\t<div class=\"elementor-shortcode\"><\/div>\n\t\t\t\t\t\t<\/div>\n\t\t\t\t<\/div>\n\t\t\t\t\t<\/div>\n\t\t<\/div>\n\t\t\t\t\t<\/div>\n\t\t<\/section>\n\t\t\t\t\t<\/div>\n\t\t<\/div>\n\t\t\t\t\t<\/div>\n\t\t<\/section>\n\t\t\t\t<section class=\"elementor-section elementor-top-section elementor-element elementor-element-6d804b5 elementor-section-stretched elementor-section-boxed elementor-section-height-default elementor-section-height-default tm-col-stretched-none tm-bg-color-over-image\" data-id=\"6d804b5\" data-element_type=\"section\" data-e-type=\"section\" data-settings=\"{&quot;stretch_section&quot;:&quot;section-stretched&quot;}\">\n\t\t\t\t\t\t\t<div class=\"elementor-background-overlay\"><\/div>\n\t\t\t\t\t\t\t<div class=\"elementor-container elementor-column-gap-extended\">\n\t\t\t\t\t<div class=\"elementor-column elementor-col-100 elementor-top-column elementor-element elementor-element-30a1abe tm-bg-color-over-image\" data-id=\"30a1abe\" data-element_type=\"column\" data-e-type=\"column\">\n\t\t\t<div class=\"elementor-widget-wrap elementor-element-populated\">\n\t\t\t\t\t\t<div class=\"elementor-element elementor-element-1bc8128 horizontal-line-align-left vertical-line-align-bottom elementor-widget elementor-widget-tm-ele-section-title\" data-id=\"1bc8128\" data-element_type=\"widget\" data-e-type=\"widget\" data-widget_type=\"tm-ele-section-title.default\">\n\t\t\t\t<div class=\"elementor-widget-container\">\n\t\t\t\t\t<div class=\"tm-sc-section-title section-title line-left-current-theme \">\r\n\t<div class=\"title-wrapper\">\r\n\t\t\t\t\t\t<h6 class=\"subtitle \">\r\n\r\n\t\t\r\n\t\tHotel Galli\t<\/h6>\r\n\t\t\t\t<h2 class=\"title \">\r\n\r\n\t\t\r\n\t\t\t\t<span class=\"title-part1 \">Sonderangebote<\/span>\r\n\t\t\t\t\r\n\t\t\r\n\t<\/h2>\r\n\t<div class=\"title-seperator-line\"><\/div>\t\t\t\t\t\t<\/div>\r\n<\/div>\t\t\t\t<\/div>\n\t\t\t\t<\/div>\n\t\t\t\t\t<\/div>\n\t\t<\/div>\n\t\t\t\t\t<\/div>\n\t\t<\/section>\n\t\t\t\t<section class=\"elementor-section elementor-top-section elementor-element elementor-element-c033eb2 elementor-section-stretched elementor-section-boxed elementor-section-height-default elementor-section-height-default tm-col-stretched-none tm-bg-color-over-image\" data-id=\"c033eb2\" data-element_type=\"section\" data-e-type=\"section\" data-settings=\"{&quot;stretch_section&quot;:&quot;section-stretched&quot;,&quot;background_background&quot;:&quot;classic&quot;}\">\n\t\t\t\t\t\t<div class=\"elementor-container elementor-column-gap-extended\">\n\t\t\t\t\t<div class=\"elementor-column elementor-col-100 elementor-top-column elementor-element elementor-element-804179d tm-bg-color-over-image\" data-id=\"804179d\" data-element_type=\"column\" data-e-type=\"column\">\n\t\t\t<div class=\"elementor-widget-wrap elementor-element-populated\">\n\t\t\t\t\t\t<div class=\"elementor-element elementor-element-7e1b0c1 elementor-widget elementor-widget-tm-ele-service-block\" data-id=\"7e1b0c1\" data-element_type=\"widget\" data-e-type=\"widget\" data-widget_type=\"tm-ele-service-block.skin-style9\">\n\t\t\t\t<div class=\"elementor-widget-container\">\n\t\t\t\t\t\t<div class=\"tm-sc-service tm-service-masonry\">\r\n\t\t<!-- Isotope Gallery Grid -->\r\n\t\t<div id=\"service-block-holder-866406\" class=\"isotope-layout masonry grid-2 gutter-10 clearfix\">\r\n\t\t\t<div class=\"isotope-layout-inner\">\r\n        \t\t<div class=\"isotope-item isotope-item-sizer\"><\/div>\r\n\t\t\t\t<!-- the loop -->\r\n\t\t\t\t\t\t\t\t\t\t\t\t<div class=\"isotope-item service-item \">\r\n\t\t\t\t\t<!-- Service Block Style9-->\r\n<div class=\"service-block-style9\">\r\n  <div class=\"inner-box\">\r\n    <div class=\"image-box\">\r\n      <div class=\"service-featured-img\">\n  <\/div>    <\/div>\r\n    <div class=\"content-box\">\r\n      \r\n\t\t<h4 class=\"service-title\">\r\n\t\t\t\t\tSonderangebot f\u00fcr Sie\t\t\t<\/h4>\r\n\t      <div class=\"service-details\"><p>M\u00f6chten Sie sich einen erholsamen Aufenthalt g\u00f6nnen? Kontaktieren Sie uns direkt f\u00fcr ein individuelles Angebot, in dem wir Ihre Bed\u00fcrfnisse detailliert beschreiben.<\/p><\/div>\r\n          <\/div>\r\n  <\/div>\r\n<\/div>\t\t\t\t<\/div>\r\n\t\t\t\t\t\t\t\t\t\t\t\t<div class=\"isotope-item service-item \">\r\n\t\t\t\t\t<!-- Service Block Style9-->\r\n<div class=\"service-block-style9\">\r\n  <div class=\"inner-box\">\r\n    <div class=\"image-box\">\r\n      <div class=\"service-featured-img\">\n      <img fetchpriority=\"high\" decoding=\"async\" src=\"https:\/\/www.hotelgalli.it\/wp-content\/uploads\/3-2.jpg\" width=\"735\" height=\"488\" alt=\"Image\">\n  <\/div>    <\/div>\r\n    <div class=\"content-box\">\r\n      \r\n\t\t<h4 class=\"service-title\">\r\n\t\t\t\t\tPakete f\u00fcr Paare\t\t\t<\/h4>\r\n\t      <div class=\"service-details\"><p><strong>WELLNESS PAUSE<\/strong><br \/>\n2 Stunden Spa zur exclusiven Nutzung mit 2  Massagen  von 20 Minuten und Kraeutertees Badem\u00e4ntel und Badetuecher, Spritz und Koestlichkeiten auf der Panoramaterrasse oder im Garten<br \/>\n<span class=\"darbro\">\u20ac 80 pro Person<\/span><\/p>\n<p><strong>ROMANTISCHES PAKET<\/strong><br \/>\n2 Stunden Spa zur exklusiven Nutzung mit zwei 20-min\u00fctiger Relax Massagen Badem\u00e4ntel und Badetuecher, zwei Gl\u00e4ser Prosecco und frisches Obst.<br \/>\n<span class=\"darbro\">\u20ac 70,00 pro Person<\/span><\/p><\/div>\r\n          <\/div>\r\n  <\/div>\r\n<\/div>\t\t\t\t<\/div>\r\n\t\t\t\t\t\t\t\t\t\t\t\t<div class=\"isotope-item service-item \">\r\n\t\t\t\t\t<!-- Service Block Style9-->\r\n<div class=\"service-block-style9\">\r\n  <div class=\"inner-box\">\r\n    <div class=\"image-box\">\r\n      <div class=\"service-featured-img\">\n  <\/div>    <\/div>\r\n    <div class=\"content-box\">\r\n      \r\n\t\t<h4 class=\"service-title\">\r\n\t\t\t\t\tE-Bike Paket\t\t\t<\/h4>\r\n\t      <div class=\"service-details\"><p>Entdecken Sie Elba mit dem Fahrrad! Kaufen Sie Ihr E-Bike-Paket bei der Buchung<br \/>\n<span class=\"darbro\">60 Minuten insgesamt 60 \u20ac<\/span><\/p>\n<p>100,00 \u20ac f\u00fcr eine Woche zur exklusiven Nutzung ohne zeitliche Begrenzung\n\n<\/div>\r\n          <\/div>\r\n  <\/div>\r\n<\/div>\t\t\t\t<\/div>\r\n\t\t\t\t\t\t\t\t\t\t\t\t<div class=\"isotope-item service-item \">\r\n\t\t\t\t\t<!-- Service Block Style9-->\r\n<div class=\"service-block-style9\">\r\n  <div class=\"inner-box\">\r\n    <div class=\"image-box\">\r\n      <div class=\"service-featured-img\">\n  <\/div>    <\/div>\r\n    <div class=\"content-box\">\r\n      \r\n\t\t<h4 class=\"service-title\">\r\n\t\t\t\t\tGeschenkgutschein\t\t\t<\/h4>\r\n\t      <div class=\"service-details\"><p>Sie m\u00f6chten ein Jubil\u00e4um, einen Geburtstag feiern oder einfach ein besonderes Geschenk machen?<\/strong><\/p>\n<p>Kaufen Sie eines unserer Wellnesspakete oder <a href=\"\/de\/info-und-kontakte\/\">kontaktieren Sie uns direkt<\/a> um gemeinsam Ihren pers\u00f6nlichen Gutschein zu erstellen.<\/p><\/div>\r\n          <\/div>\r\n  <\/div>\r\n<\/div>\t\t\t\t<\/div>\r\n\t\t\t\t\t\t\t\t\t\t\t\t<div class=\"isotope-item service-item \">\r\n\t\t\t\t\t<!-- Service Block Style9-->\r\n<div class=\"service-block-style9\">\r\n  <div class=\"inner-box\">\r\n    <div class=\"image-box\">\r\n      <div class=\"service-featured-img\">\n      <img decoding=\"async\" src=\"https:\/\/www.hotelgalli.it\/wp-content\/uploads\/IMG_8043-2-1100x550.jpeg\" width=\"1100\" height=\"550\" alt=\"Image\">\n  <\/div>    <\/div>\r\n    <div class=\"content-box\">\r\n      \r\n\t\t<h4 class=\"service-title\">\r\n\t\t\t\t\tSpa Eintrittspaket\t\t\t<\/h4>\r\n\t      <div class=\"service-details\"><p>6 Spa-Eing\u00e4nge zur exklusiven Nutzung f\u00fcr 2 Personen, je 1 h 30 min<br \/>\n<span class=\"darbro\">\u20ac 300 statt <del>\u20ac 360<\/del><\/span><\/p>\n<\/div>\r\n          <\/div>\r\n  <\/div>\r\n<\/div>\t\t\t\t<\/div>\r\n\t\t\t\t\t\t\t\t\t\t\t\t<div class=\"isotope-item service-item \">\r\n\t\t\t\t\t<!-- Service Block Style9-->\r\n<div class=\"service-block-style9\">\r\n  <div class=\"inner-box\">\r\n    <div class=\"image-box\">\r\n      <div class=\"service-featured-img\">\n  <\/div>    <\/div>\r\n    <div class=\"content-box\">\r\n      \r\n\t\t<h4 class=\"service-title\">\r\n\t\t\t\t\tMassage Paket\t\t\t<\/h4>\r\n\t      <div class=\"service-details\"><p>Kaufen Sie 3 Massagen Ihrer Wahl gleicher Art und Dauer im Voraus und erhalten Sie auf die dritte Massage 20 % Rabatt<\/p>\n<p><strong><\/div>\r\n          <\/div>\r\n  <\/div>\r\n<\/div>\t\t\t\t<\/div>\r\n\t\t\t\t\t\t\t\t\t\t\t\t<div class=\"isotope-item service-item \">\r\n\t\t\t\t\t<!-- Service Block Style9-->\r\n<div class=\"service-block-style9\">\r\n  <div class=\"inner-box\">\r\n    <div class=\"image-box\">\r\n      <div class=\"service-featured-img\">\n  <\/div>    <\/div>\r\n    <div class=\"content-box\">\r\n      \r\n\t\t<h4 class=\"service-title\">\r\n\t\t\t\t\tBeauty-Paket\t\t\t<\/h4>\r\n\t      <div class=\"service-details\"><p>Kaufen Sie Ihre Sch\u00f6nheitsbehandlungen im Voraus und Sie k\u00f6nnen sie auch separat buchen, wann immer Sie m\u00f6chten:<\/p>\n<p><strong>Total Beauty<\/strong><br \/>\nManik\u00fcre + Pedik\u00fcre + semi-permanenter Nagellack<p>90,00 \u20ac<\/span><\/p><\/div>\r\n          <\/div>\r\n  <\/div>\r\n<\/div>\t\t\t\t<\/div>\r\n\t\t\t\t\t\t\t\t<!-- end of the loop -->\r\n\t\t\t<\/div>\r\n\t\t<\/div>\r\n\t\t\t<\/div>\r\n\r\n\r\n\t\t\t\t<\/div>\n\t\t\t\t<\/div>\n\t\t\t\t\t<\/div>\n\t\t<\/div>\n\t\t\t\t\t<\/div>\n\t\t<\/section>\n\t\t\t\t<\/div>\n\t\t","protected":false},"excerpt":{"rendered":"<p>Hotel Galli Sonderangebote Sonderangebot f\u00fcr Sie M\u00f6chten Sie sich einen erholsamen Aufenthalt g\u00f6nnen? Kontaktieren Sie uns direkt f\u00fcr ein individuelles&#8230;<\/p>\n","protected":false},"author":1,"featured_media":0,"parent":0,"menu_order":18,"comment_status":"closed","ping_status":"closed","template":"","meta":{"_joinchat":[],"footnotes":""},"class_list":["post-92718","page","type-page","status-publish","hentry"],"yoast_head":"<!-- This site is optimized with the Yoast SEO plugin v27.4 - https:\/\/yoast.com\/product\/yoast-seo-wordpress\/ -->\n<title>Sonderangebote - Hotel Galli Wellness &amp; SPA - Fetovaia, Insel Elba<\/title>\n<meta name=\"robots\" content=\"index, follow, max-snippet:-1, max-image-preview:large, max-video-preview:-1\" \/>\n<link rel=\"canonical\" href=\"https:\/\/www.hotelgalli.it\/de\/sonderangebote\/\" \/>\n<meta property=\"og:locale\" content=\"de_DE\" \/>\n<meta property=\"og:type\" content=\"article\" \/>\n<meta property=\"og:title\" content=\"Sonderangebote - Hotel Galli Wellness &amp; SPA - Fetovaia, Insel Elba\" \/>\n<meta property=\"og:description\" content=\"Hotel Galli Sonderangebote Sonderangebot f\u00fcr Sie M\u00f6chten Sie sich einen erholsamen Aufenthalt g\u00f6nnen? Kontaktieren Sie uns direkt f\u00fcr ein individuelles...\" \/>\n<meta property=\"og:url\" content=\"https:\/\/www.hotelgalli.it\/de\/sonderangebote\/\" \/>\n<meta property=\"og:site_name\" content=\"Hotel Galli Wellness &amp; SPA\" \/>\n<meta property=\"article:publisher\" content=\"https:\/\/www.facebook.com\/hotelgalli.fetovaia\/\" \/>\n<meta property=\"article:modified_time\" content=\"2026-04-29T11:11:27+00:00\" \/>\n<meta property=\"og:image\" content=\"https:\/\/www.hotelgalli.it\/wp-content\/uploads\/3-2.jpg\" \/>\n<meta name=\"twitter:card\" content=\"summary_large_image\" \/>\n<meta name=\"twitter:label1\" content=\"Gesch\u00e4tzte Lesezeit\" \/>\n\t<meta name=\"twitter:data1\" content=\"1\u00a0Minute\" \/>\n<script type=\"application\/ld+json\" class=\"yoast-schema-graph\">{\"@context\":\"https:\\\/\\\/schema.org\",\"@graph\":[{\"@type\":\"WebPage\",\"@id\":\"https:\\\/\\\/www.hotelgalli.it\\\/de\\\/sonderangebote\\\/\",\"url\":\"https:\\\/\\\/www.hotelgalli.it\\\/de\\\/sonderangebote\\\/\",\"name\":\"Sonderangebote - Hotel Galli Wellness &amp; SPA - Fetovaia, Insel Elba\",\"isPartOf\":{\"@id\":\"https:\\\/\\\/www.hotelgalli.it\\\/de\\\/#website\"},\"primaryImageOfPage\":{\"@id\":\"https:\\\/\\\/www.hotelgalli.it\\\/de\\\/sonderangebote\\\/#primaryimage\"},\"image\":{\"@id\":\"https:\\\/\\\/www.hotelgalli.it\\\/de\\\/sonderangebote\\\/#primaryimage\"},\"thumbnailUrl\":\"https:\\\/\\\/www.hotelgalli.it\\\/wp-content\\\/uploads\\\/3-2.jpg\",\"datePublished\":\"2023-12-20T10:20:26+00:00\",\"dateModified\":\"2026-04-29T11:11:27+00:00\",\"breadcrumb\":{\"@id\":\"https:\\\/\\\/www.hotelgalli.it\\\/de\\\/sonderangebote\\\/#breadcrumb\"},\"inLanguage\":\"de\",\"potentialAction\":[{\"@type\":\"ReadAction\",\"target\":[\"https:\\\/\\\/www.hotelgalli.it\\\/de\\\/sonderangebote\\\/\"]}]},{\"@type\":\"ImageObject\",\"inLanguage\":\"de\",\"@id\":\"https:\\\/\\\/www.hotelgalli.it\\\/de\\\/sonderangebote\\\/#primaryimage\",\"url\":\"https:\\\/\\\/www.hotelgalli.it\\\/wp-content\\\/uploads\\\/3-2.jpg\",\"contentUrl\":\"https:\\\/\\\/www.hotelgalli.it\\\/wp-content\\\/uploads\\\/3-2.jpg\"},{\"@type\":\"BreadcrumbList\",\"@id\":\"https:\\\/\\\/www.hotelgalli.it\\\/de\\\/sonderangebote\\\/#breadcrumb\",\"itemListElement\":[{\"@type\":\"ListItem\",\"position\":1,\"name\":\"Home\",\"item\":\"https:\\\/\\\/www.hotelgalli.it\\\/de\\\/\"},{\"@type\":\"ListItem\",\"position\":2,\"name\":\"Sonderangebote\"}]},{\"@type\":\"WebSite\",\"@id\":\"https:\\\/\\\/www.hotelgalli.it\\\/de\\\/#website\",\"url\":\"https:\\\/\\\/www.hotelgalli.it\\\/de\\\/\",\"name\":\"Hotel Galli Wellness & Spa\",\"description\":\"Fetovaia - Isola d&#039;Elba\",\"publisher\":{\"@id\":\"https:\\\/\\\/www.hotelgalli.it\\\/de\\\/#organization\"},\"potentialAction\":[{\"@type\":\"SearchAction\",\"target\":{\"@type\":\"EntryPoint\",\"urlTemplate\":\"https:\\\/\\\/www.hotelgalli.it\\\/de\\\/?s={search_term_string}\"},\"query-input\":{\"@type\":\"PropertyValueSpecification\",\"valueRequired\":true,\"valueName\":\"search_term_string\"}}],\"inLanguage\":\"de\"},{\"@type\":\"Organization\",\"@id\":\"https:\\\/\\\/www.hotelgalli.it\\\/de\\\/#organization\",\"name\":\"Hotel Galli Wellness & Spa\",\"url\":\"https:\\\/\\\/www.hotelgalli.it\\\/de\\\/\",\"logo\":{\"@type\":\"ImageObject\",\"inLanguage\":\"de\",\"@id\":\"https:\\\/\\\/www.hotelgalli.it\\\/de\\\/#\\\/schema\\\/logo\\\/image\\\/\",\"url\":\"https:\\\/\\\/www.hotelgalli.it\\\/wp-content\\\/uploads\\\/hotel_galli_wellness_spa_web.png\",\"contentUrl\":\"https:\\\/\\\/www.hotelgalli.it\\\/wp-content\\\/uploads\\\/hotel_galli_wellness_spa_web.png\",\"width\":300,\"height\":101,\"caption\":\"Hotel Galli Wellness & Spa\"},\"image\":{\"@id\":\"https:\\\/\\\/www.hotelgalli.it\\\/de\\\/#\\\/schema\\\/logo\\\/image\\\/\"},\"sameAs\":[\"https:\\\/\\\/www.facebook.com\\\/hotelgalli.fetovaia\\\/\",\"https:\\\/\\\/www.instagram.com\\\/hotelgalli_elba\\\/\"]}]}<\/script>\n<!-- \/ Yoast SEO plugin. -->","yoast_head_json":{"title":"Sonderangebote - Hotel Galli Wellness &amp; SPA - Fetovaia, Insel Elba","robots":{"index":"index","follow":"follow","max-snippet":"max-snippet:-1","max-image-preview":"max-image-preview:large","max-video-preview":"max-video-preview:-1"},"canonical":"https:\/\/www.hotelgalli.it\/de\/sonderangebote\/","og_locale":"de_DE","og_type":"article","og_title":"Sonderangebote - Hotel Galli Wellness &amp; SPA - Fetovaia, Insel Elba","og_description":"Hotel Galli Sonderangebote Sonderangebot f\u00fcr Sie M\u00f6chten Sie sich einen erholsamen Aufenthalt g\u00f6nnen? Kontaktieren Sie uns direkt f\u00fcr ein individuelles...","og_url":"https:\/\/www.hotelgalli.it\/de\/sonderangebote\/","og_site_name":"Hotel Galli Wellness &amp; SPA","article_publisher":"https:\/\/www.facebook.com\/hotelgalli.fetovaia\/","article_modified_time":"2026-04-29T11:11:27+00:00","og_image":[{"url":"https:\/\/www.hotelgalli.it\/wp-content\/uploads\/3-2.jpg","type":"","width":"","height":""}],"twitter_card":"summary_large_image","twitter_misc":{"Gesch\u00e4tzte Lesezeit":"1\u00a0Minute"},"schema":{"@context":"https:\/\/schema.org","@graph":[{"@type":"WebPage","@id":"https:\/\/www.hotelgalli.it\/de\/sonderangebote\/","url":"https:\/\/www.hotelgalli.it\/de\/sonderangebote\/","name":"Sonderangebote - Hotel Galli Wellness &amp; SPA - Fetovaia, Insel Elba","isPartOf":{"@id":"https:\/\/www.hotelgalli.it\/de\/#website"},"primaryImageOfPage":{"@id":"https:\/\/www.hotelgalli.it\/de\/sonderangebote\/#primaryimage"},"image":{"@id":"https:\/\/www.hotelgalli.it\/de\/sonderangebote\/#primaryimage"},"thumbnailUrl":"https:\/\/www.hotelgalli.it\/wp-content\/uploads\/3-2.jpg","datePublished":"2023-12-20T10:20:26+00:00","dateModified":"2026-04-29T11:11:27+00:00","breadcrumb":{"@id":"https:\/\/www.hotelgalli.it\/de\/sonderangebote\/#breadcrumb"},"inLanguage":"de","potentialAction":[{"@type":"ReadAction","target":["https:\/\/www.hotelgalli.it\/de\/sonderangebote\/"]}]},{"@type":"ImageObject","inLanguage":"de","@id":"https:\/\/www.hotelgalli.it\/de\/sonderangebote\/#primaryimage","url":"https:\/\/www.hotelgalli.it\/wp-content\/uploads\/3-2.jpg","contentUrl":"https:\/\/www.hotelgalli.it\/wp-content\/uploads\/3-2.jpg"},{"@type":"BreadcrumbList","@id":"https:\/\/www.hotelgalli.it\/de\/sonderangebote\/#breadcrumb","itemListElement":[{"@type":"ListItem","position":1,"name":"Home","item":"https:\/\/www.hotelgalli.it\/de\/"},{"@type":"ListItem","position":2,"name":"Sonderangebote"}]},{"@type":"WebSite","@id":"https:\/\/www.hotelgalli.it\/de\/#website","url":"https:\/\/www.hotelgalli.it\/de\/","name":"Hotel Galli Wellness & Spa","description":"Fetovaia - Isola d&#039;Elba","publisher":{"@id":"https:\/\/www.hotelgalli.it\/de\/#organization"},"potentialAction":[{"@type":"SearchAction","target":{"@type":"EntryPoint","urlTemplate":"https:\/\/www.hotelgalli.it\/de\/?s={search_term_string}"},"query-input":{"@type":"PropertyValueSpecification","valueRequired":true,"valueName":"search_term_string"}}],"inLanguage":"de"},{"@type":"Organization","@id":"https:\/\/www.hotelgalli.it\/de\/#organization","name":"Hotel Galli Wellness & Spa","url":"https:\/\/www.hotelgalli.it\/de\/","logo":{"@type":"ImageObject","inLanguage":"de","@id":"https:\/\/www.hotelgalli.it\/de\/#\/schema\/logo\/image\/","url":"https:\/\/www.hotelgalli.it\/wp-content\/uploads\/hotel_galli_wellness_spa_web.png","contentUrl":"https:\/\/www.hotelgalli.it\/wp-content\/uploads\/hotel_galli_wellness_spa_web.png","width":300,"height":101,"caption":"Hotel Galli Wellness & Spa"},"image":{"@id":"https:\/\/www.hotelgalli.it\/de\/#\/schema\/logo\/image\/"},"sameAs":["https:\/\/www.facebook.com\/hotelgalli.fetovaia\/","https:\/\/www.instagram.com\/hotelgalli_elba\/"]}]}},"_links":{"self":[{"href":"https:\/\/www.hotelgalli.it\/de\/wp-json\/wp\/v2\/pages\/92718","targetHints":{"allow":["GET"]}}],"collection":[{"href":"https:\/\/www.hotelgalli.it\/de\/wp-json\/wp\/v2\/pages"}],"about":[{"href":"https:\/\/www.hotelgalli.it\/de\/wp-json\/wp\/v2\/types\/page"}],"author":[{"embeddable":true,"href":"https:\/\/www.hotelgalli.it\/de\/wp-json\/wp\/v2\/users\/1"}],"replies":[{"embeddable":true,"href":"https:\/\/www.hotelgalli.it\/de\/wp-json\/wp\/v2\/comments?post=92718"}],"version-history":[{"count":115,"href":"https:\/\/www.hotelgalli.it\/de\/wp-json\/wp\/v2\/pages\/92718\/revisions"}],"predecessor-version":[{"id":97866,"href":"https:\/\/www.hotelgalli.it\/de\/wp-json\/wp\/v2\/pages\/92718\/revisions\/97866"}],"wp:attachment":[{"href":"https:\/\/www.hotelgalli.it\/de\/wp-json\/wp\/v2\/media?parent=92718"}],"curies":[{"name":"wp","href":"https:\/\/api.w.org\/{rel}","templated":true}]}}