{"id":92650,"date":"2023-11-27T15:08:57","date_gmt":"2023-11-27T14:08:57","guid":{"rendered":"https:\/\/www.hotelgalli.it\/servizi-e-condizioni\/"},"modified":"2026-02-11T15:12:35","modified_gmt":"2026-02-11T14:12:35","slug":"bedingungen","status":"publish","type":"page","link":"https:\/\/www.hotelgalli.it\/de\/bedingungen\/","title":{"rendered":"Bedingungen"},"content":{"rendered":"\t\t<div data-elementor-type=\"wp-page\" data-elementor-id=\"92650\" class=\"elementor elementor-92650 elementor-89116\">\n\t\t\t\t<div class=\"elementor-element elementor-element-c3be80e e-con-full e-flex e-con e-parent\" data-id=\"c3be80e\" data-element_type=\"container\" data-settings=\"{&quot;background_background&quot;:&quot;classic&quot;}\">\n\t\t<div class=\"elementor-element elementor-element-5481768 e-con-full e-flex e-con e-child\" data-id=\"5481768\" data-element_type=\"container\">\n\t\t\t\t<div class=\"elementor-element elementor-element-8922543 elementor-widget elementor-widget-spacer\" data-id=\"8922543\" data-element_type=\"widget\" data-widget_type=\"spacer.default\">\n\t\t\t\t<div class=\"elementor-widget-container\">\n\t\t\t\t\t\t\t<div class=\"elementor-spacer\">\n\t\t\t<div class=\"elementor-spacer-inner\"><\/div>\n\t\t<\/div>\n\t\t\t\t\t\t<\/div>\n\t\t\t\t<\/div>\n\t\t\t\t<\/div>\n\t\t\t\t<\/div>\n\t\t<div class=\"elementor-element elementor-element-f8aca24 boxbook e-flex e-con-boxed e-con e-parent\" data-id=\"f8aca24\" data-element_type=\"container\" data-settings=\"{&quot;background_background&quot;:&quot;classic&quot;}\">\n\t\t\t\t\t<div class=\"e-con-inner\">\n\t\t<div class=\"elementor-element elementor-element-11683ec e-con-full e-flex e-con e-child\" data-id=\"11683ec\" data-element_type=\"container\">\n\t\t<div class=\"elementor-element elementor-element-aad76a8 e-con-full e-flex e-con e-child\" data-id=\"aad76a8\" data-element_type=\"container\">\n\t\t<div class=\"elementor-element elementor-element-c3733af e-con-full e-flex e-con e-child\" data-id=\"c3733af\" data-element_type=\"container\">\n\t\t\t\t<div class=\"elementor-element elementor-element-f265973 elementor-widget__width-auto elementor-widget elementor-widget-shortcode\" data-id=\"f265973\" data-element_type=\"widget\" data-widget_type=\"shortcode.default\">\n\t\t\t\t<div class=\"elementor-widget-container\">\n\t\t\t\t\t\t\t<div class=\"elementor-shortcode\"><\/div>\n\t\t\t\t\t\t<\/div>\n\t\t\t\t<\/div>\n\t\t\t\t<\/div>\n\t\t\t\t<\/div>\n\t\t\t\t<\/div>\n\t\t\t\t\t<\/div>\n\t\t\t\t<\/div>\n\t\t<div class=\"elementor-element elementor-element-b141db0 e-flex e-con-boxed e-con e-parent\" data-id=\"b141db0\" data-element_type=\"container\" data-settings=\"{&quot;background_background&quot;:&quot;classic&quot;}\">\n\t\t\t\t\t<div class=\"e-con-inner\">\n\t\t<div class=\"elementor-element elementor-element-f728296 e-con-full e-flex e-con e-child\" data-id=\"f728296\" data-element_type=\"container\">\n\t\t\t\t<div class=\"elementor-element elementor-element-1aad26b horizontal-line-align-left vertical-line-align-bottom elementor-widget elementor-widget-tm-ele-section-title\" data-id=\"1aad26b\" data-element_type=\"widget\" data-widget_type=\"tm-ele-section-title.default\">\n\t\t\t\t<div class=\"elementor-widget-container\">\n\t\t\t\t\t<div class=\"tm-sc-section-title section-title line-left-current-theme \">\r\n\t<div class=\"title-wrapper\">\r\n\t\t\t\t\t\t<h6 class=\"subtitle \">\r\n\r\n\t\t\r\n\t\tHotel Galli\t<\/h6>\r\n\t\t\t\t<h2 class=\"title \">\r\n\r\n\t\t\r\n\t\t\t\t<span class=\"title-part1 \">Bedingungen<\/span>\r\n\t\t\t\t\r\n\t\t\r\n\t<\/h2>\r\n\t<div class=\"title-seperator-line\"><\/div>\t\t\t\t\t\t<\/div>\r\n<\/div>\t\t\t\t<\/div>\n\t\t\t\t<\/div>\n\t\t\t\t<div class=\"elementor-element elementor-element-20ad2b9 elementor-widget elementor-widget-tm-ele-list\" data-id=\"20ad2b9\" data-element_type=\"widget\" data-widget_type=\"tm-ele-list.default\">\n\t\t\t\t<div class=\"elementor-widget-container\">\n\t\t\t\t\t<ul class=\"tm-sc-list listella\">\r\n\t<li class=\"\">\r\n\t\t\t\t<i aria-hidden=\"true\" class=\" flaticon-common-check-1\"><\/i>\t\t\t\t<span>\r\n\t<strong>FR\u00dcHST\u00dcCK<\/strong>: serviert von 7.30 bis 10.30 Uhr in unserem klimatisierten Raum und drau\u00dfen auf der Terrasse, umgeben von bl\u00fchenden Glyzinien und Bougainvillea.<\/span><\/li>\t<li class=\"\">\r\n\t\t\t\t<i aria-hidden=\"true\" class=\" flaticon-common-check-1\"><\/i>\t\t\t\t<span>\r\n\t<strong>MITTAGESSEN<\/strong>: Vereinbarung mit der Selbstbedienung am Strand \u201ePino Solitario\u201c, nur 200 Meter vom Hotel entfernt.<\/span><\/li>\t<li class=\"\">\r\n\t\t\t\t<i aria-hidden=\"true\" class=\" flaticon-common-check-1\"><\/i>\t\t\t\t<span>\r\n\t<strong>ABENDESSEN<\/strong>: wenn Sie in Fetovaia bleiben m\u00f6chten, Zwei Partnerrestaurants sind bequem zu Fu\u00df erreichbar. F\u00fcr diejenigen, die die nahen und fernen Orte der Insel besuchen m\u00f6chten, empfehlen wir gerne einige Restaurants mit Rabatt von 10%<\/span><\/li>\t<li class=\"\">\r\n\t\t\t\t<i aria-hidden=\"true\" class=\" flaticon-common-check-1\"><\/i>\t\t\t\t<span>\r\n\t<strong>FIDELITY CARD<\/strong>: bei Ihrer Ankunft erhalten Sie unsere Fidelity Card, mit der Sie 10% Rabatt auf alle vereinbarten Aktivit\u00e4ten erhalten (Restaurants, Strand, Tauchen, Tennis)<\/span><\/li>\t<li class=\"\">\r\n\t\t\t\t<i aria-hidden=\"true\" class=\" flaticon-common-check-1\"><\/i>\t\t\t\t<span>\r\n\t<strong>NICHTRAUCHER<\/strong>: rauchen ist in den Zimmern verboten. Im Freien, auf der Veranda und auf den Balkonen wird es f\u00fcr alle ges\u00fcnder.<\/span><\/li>\t<li class=\"\">\r\n\t\t\t\t<i aria-hidden=\"true\" class=\" flaticon-common-check-1\"><\/i>\t\t\t\t<span>\r\n\t<strong>HAUSTIERE<\/strong>: es tut uns leid, aber Haustiere sind im Hotel nicht gestattet.<\/span><\/li>\t<li class=\"\">\r\n\t\t\t\t<i aria-hidden=\"true\" class=\" flaticon-common-check-1\"><\/i>\t\t\t\t<span>\r\n\t<strong>KOSTENLOSE DIENSTLEISTUNGEN<\/strong>: Rabattcode f\u00fcr die F\u00e4hre, Whirlpool im Garten, WiFi-Verbindung, Strandt\u00fccher,\u00a0 Fitnessbereichs, Fidelity Card, Anschluss f\u00fcr Elektroauto-Nachf\u00fcllungen.<\/span><\/li>\t<li class=\"\">\r\n\t\t\t\t<i aria-hidden=\"true\" class=\" flaticon-common-check-1\"><\/i>\t\t\t\t<span>\r\n\t<strong>PARKPLATZ<\/strong>: kostenlos und garantiert auf unseren Privatparkpl\u00e4tzen.<\/span><\/li>\t<li class=\"\">\r\n\t\t\t\t<i aria-hidden=\"true\" class=\" flaticon-common-check-1\"><\/i>\t\t\t\t<span>\r\n\t<strong>ZAHLUNGSDIENSTLEISTUNGEN<\/strong>: H\u00f6flichkeitsservice (Badezimmer mit Dusche, Gep\u00e4ckaufbewahrung und Parkplatz) von Kunden die am Nachmittag abreisen, W\u00e4scheservice, E- Bike, Getr\u00e4nke in der Bar (immer ge\u00f6ffnet), Sonnenschirme f\u00fcr Ihre Ausfl\u00fcge, tennis.<\/span><\/li>\t<li class=\"\">\r\n\t\t\t\t<i aria-hidden=\"true\" class=\" flaticon-common-check-1\"><\/i>\t\t\t\t<span>\r\n\t<strong>WELLNESS CENTER<\/strong>: der Eintritt in das SPA ist nach vorheriger Reservierung und zur ausschlie\u00dflichen Nutzung kostenpflichtig.<\/span><\/li>\t<li class=\"\">\r\n\t\t\t\t<i aria-hidden=\"true\" class=\" flaticon-common-check-1\"><\/i>\t\t\t\t<span>\r\n\t<strong>CHECK-IN \/ CHECK-OUT<\/strong>: Check-in ab 14.30 Uhr, Check-out bis 11.00 Uhr. Wenn Sie am Nachmittag abreisen, k\u00f6nnen Sie alle Serviceleistungen des Hotels, einen Parkplatz, eine Gep\u00e4ckaufbewahrung und nach vorheriger Reservierung ein Badezimmer mit Dusche mit Handt\u00fcchern, Shampoo-Dusche und Haartrockner nutzen. Der Full-Service kostet 15,00 \u20ac (einmalig).<\/span><\/li>\t<li class=\"\">\r\n\t\t\t\t<i aria-hidden=\"true\" class=\" flaticon-common-check-1\"><\/i>\t\t\t\t<span>\r\n\t<strong>VORAUSZAHLUNG<\/strong>: zum Zeitpunkt der Buchung ist eine Vorauszahlung von 30% des Aufenthalts per Bank\u00fcberweisung oder Kreditkarte erforderlich. Die Zahlung muss sofort nach der Buchung per Kreditkarte oder \u00dcberweisung erfolgen. Im Falle einer Bank\u00dcberweisung muss der Einzahlungsschein per E-Mail verschickt werden.<br \/>IBAN: IT 69 I 07048 70650 000000020073<br \/>BIC: ICRA IT RRT 40<br \/>BANK: Credito Cooperativo dell\u2019Isola d\u2019Elba.<\/span><\/li>\t<li class=\"\">\r\n\t\t\t\t<i aria-hidden=\"true\" class=\" flaticon-common-check-1\"><\/i>\t\t\t\t<span>\r\n\t<strong>CARE4UHOTEL-VERSICHERUNGSSERVICE<\/strong>: Sichern Sie Ihren Urlaub gegen Stornierung, Reiseabbruch und versp\u00e4tete Ankunft ab. Buchen Sie sorgenfrei: Sch\u00fctzen Sie Ihren Aufenthalt und erhalten Sie im Falle unvorhergesehener Ereignisse eine R\u00fcckerstattung. <a href=\"https:\/\/www.care4uhotel.com\/de\/care4uhotel\">Entdecken Sie Care4UHotel<\/a><\/span><\/li><\/ul>\t\t\t\t<\/div>\n\t\t\t\t<\/div>\n\t\t\t\t<div class=\"elementor-element elementor-element-ee00a89 elementor-widget elementor-widget-image\" data-id=\"ee00a89\" data-element_type=\"widget\" data-widget_type=\"image.default\">\n\t\t\t\t<div class=\"elementor-widget-container\">\n\t\t\t\t\t\t\t\t\t\t\t\t\t\t\t\t<a href=\"https:\/\/www.care4uhotel.com\/de\/care4uhotel\" target=\"_blank\" rel=\"nofollow\">\n\t\t\t\t\t\t\t<img fetchpriority=\"high\" decoding=\"async\" width=\"2142\" height=\"280\" src=\"https:\/\/www.hotelgalli.it\/wp-content\/uploads\/banner_care4uhotel.png\" class=\"attachment-full size-full wp-image-97018\" alt=\"Care4UHotel\" srcset=\"https:\/\/www.hotelgalli.it\/wp-content\/uploads\/banner_care4uhotel.png 2142w, https:\/\/www.hotelgalli.it\/wp-content\/uploads\/banner_care4uhotel-300x39.png 300w, https:\/\/www.hotelgalli.it\/wp-content\/uploads\/banner_care4uhotel-1024x134.png 1024w, https:\/\/www.hotelgalli.it\/wp-content\/uploads\/banner_care4uhotel-768x100.png 768w, https:\/\/www.hotelgalli.it\/wp-content\/uploads\/banner_care4uhotel-1536x201.png 1536w, https:\/\/www.hotelgalli.it\/wp-content\/uploads\/banner_care4uhotel-2048x268.png 2048w\" sizes=\"(max-width: 2142px) 100vw, 2142px\" \/>\t\t\t\t\t\t\t\t<\/a>\n\t\t\t\t\t\t\t\t\t\t\t\t\t\t\t<\/div>\n\t\t\t\t<\/div>\n\t\t\t\t<\/div>\n\t\t\t\t\t<\/div>\n\t\t\t\t<\/div>\n\t\t<div class=\"elementor-element elementor-element-54a3415d e-flex e-con-boxed e-con e-parent\" data-id=\"54a3415d\" data-element_type=\"container\">\n\t\t\t\t\t<div class=\"e-con-inner\">\n\t\t<div class=\"elementor-element elementor-element-53f7489d e-con-full e-flex e-con e-child\" data-id=\"53f7489d\" data-element_type=\"container\">\n\t\t\t\t<div class=\"elementor-element elementor-element-33bb9a1a horizontal-line-align-left vertical-line-align-bottom elementor-widget elementor-widget-tm-ele-section-title\" data-id=\"33bb9a1a\" data-element_type=\"widget\" data-widget_type=\"tm-ele-section-title.default\">\n\t\t\t\t<div class=\"elementor-widget-container\">\n\t\t\t\t\t<div class=\"tm-sc-section-title section-title line-left-current-theme \">\r\n\t<div class=\"title-wrapper\">\r\n\t\t\t\t\t\t\t<h2 class=\"title \">\r\n\r\n\t\t\r\n\t\t\t\t<span class=\"title-part1 \">Stornierungsbedingungen<\/span>\r\n\t\t\t\t\r\n\t\t\r\n\t<\/h2>\r\n\t<div class=\"title-seperator-line\"><\/div>\t\t\t\t\t\t<\/div>\r\n<\/div>\t\t\t\t<\/div>\n\t\t\t\t<\/div>\n\t\t\t\t<div class=\"elementor-element elementor-element-101109aa elementor-widget elementor-widget-heading\" data-id=\"101109aa\" data-element_type=\"widget\" data-widget_type=\"heading.default\">\n\t\t\t\t<div class=\"elementor-widget-container\">\n\t\t\t\t\t<h4 class=\"elementor-heading-title elementor-size-default\">Vorausbezahlter Preis<\/h4>\t\t\t\t<\/div>\n\t\t\t\t<\/div>\n\t\t\t\t<div class=\"elementor-element elementor-element-243c44ed elementor-widget elementor-widget-text-editor\" data-id=\"243c44ed\" data-element_type=\"widget\" data-widget_type=\"text-editor.default\">\n\t\t\t\t<div class=\"elementor-widget-container\">\n\t\t\t\t\t\t\t\t\t<p>Standardpreis mit 30 % Anzahlung<\/p>\t\t\t\t\t\t\t\t<\/div>\n\t\t\t\t<\/div>\n\t\t\t\t<div class=\"elementor-element elementor-element-384fa19 elementor-widget elementor-widget-tm-ele-list\" data-id=\"384fa19\" data-element_type=\"widget\" data-widget_type=\"tm-ele-list.default\">\n\t\t\t\t<div class=\"elementor-widget-container\">\n\t\t\t\t\t<ul class=\"tm-sc-list listella\">\r\n\t<li class=\"\">\r\n\t\t\t\t<i aria-hidden=\"true\" class=\" flaticon-common-check-1\"><\/i>\t\t\t\t<span>\r\n\t<strong>STORNIERUNGEN<\/strong>: Die Anzahlung wird erstattet, wenn die Stornierung innerhalb der im Angebot und Buchungsvorgang angegebenen kostenlosen Stornierungsfrist mitgeteilt wird. Nach Ablauf dieser Frist wird die Anzahlung einbehalten.<\/span><\/li>\t<li class=\"\">\r\n\t\t\t\t<i aria-hidden=\"true\" class=\" flaticon-common-check-1\"><\/i>\t\t\t\t<span>\r\n\t<strong>\u00c4NDERUNGEN<\/strong>: \u00a0\u00c4nderungen der Reservierung (vorzeitige Abreise, versp\u00e4tete Anreise) sind innerhalb der kostenlosen Stornierungsfrist m\u00f6glich. \u00c4nderungen, die nach Ablauf dieser Frist oder vor Ort mitgeteilt werden, f\u00fchren zu einer Berechnung von 100 % des stornierten Aufenthalts.<\/span><\/li>\t<li class=\"\">\r\n\t\t\t\t<i aria-hidden=\"true\" class=\" flaticon-common-check-1\"><\/i>\t\t\t\t<span>\r\n\t<strong>NICHT ERSCHEINEN<\/strong>: \u00a0Die Anzahlung wird vollst\u00e4ndig einbehalten.<\/span><\/li><\/ul>\t\t\t\t<\/div>\n\t\t\t\t<\/div>\n\t\t\t\t<div class=\"elementor-element elementor-element-474aa7c7 elementor-widget elementor-widget-spacer\" data-id=\"474aa7c7\" data-element_type=\"widget\" data-widget_type=\"spacer.default\">\n\t\t\t\t<div class=\"elementor-widget-container\">\n\t\t\t\t\t\t\t<div class=\"elementor-spacer\">\n\t\t\t<div class=\"elementor-spacer-inner\"><\/div>\n\t\t<\/div>\n\t\t\t\t\t\t<\/div>\n\t\t\t\t<\/div>\n\t\t\t\t<div class=\"elementor-element elementor-element-6f300e11 elementor-widget elementor-widget-heading\" data-id=\"6f300e11\" data-element_type=\"widget\" data-widget_type=\"heading.default\">\n\t\t\t\t<div class=\"elementor-widget-container\">\n\t\t\t\t\t<h4 class=\"elementor-heading-title elementor-size-default\">Nicht erstattungsf\u00e4higer Preis<\/h4>\t\t\t\t<\/div>\n\t\t\t\t<\/div>\n\t\t\t\t<div class=\"elementor-element elementor-element-4a747b0c elementor-widget elementor-widget-text-editor\" data-id=\"4a747b0c\" data-element_type=\"widget\" data-widget_type=\"text-editor.default\">\n\t\t\t\t<div class=\"elementor-widget-container\">\n\t\t\t\t\t\t\t\t\t<p>Nicht erstattungsf\u00e4higer Tarif bei 100% Vorauszahlung.<\/p>\t\t\t\t\t\t\t\t<\/div>\n\t\t\t\t<\/div>\n\t\t\t\t<div class=\"elementor-element elementor-element-52cbaf5 elementor-widget elementor-widget-tm-ele-list\" data-id=\"52cbaf5\" data-element_type=\"widget\" data-widget_type=\"tm-ele-list.default\">\n\t\t\t\t<div class=\"elementor-widget-container\">\n\t\t\t\t\t<ul class=\"tm-sc-list listella\">\r\n\t<li class=\"\">\r\n\t\t\t\t<i aria-hidden=\"true\" class=\" flaticon-common-check-1\"><\/i>\t\t\t\t<span>\r\n\t<strong>STORNIERUNGEN<\/strong>: \u00a0Der volle Betrag wird einbehalten.<\/span><\/li>\t<li class=\"\">\r\n\t\t\t\t<i aria-hidden=\"true\" class=\" flaticon-common-check-1\"><\/i>\t\t\t\t<span>\r\n\t<strong>\u00c4NDERUNGEN<\/strong>: \u00a0\u00c4nderungen der Reservierung (vorzeitige Abreise, versp\u00e4tete Anreise) werden nicht erstattet.<\/span><\/li>\t<li class=\"\">\r\n\t\t\t\t<i aria-hidden=\"true\" class=\" flaticon-common-check-1\"><\/i>\t\t\t\t<span>\r\n\t<strong>NIEDERSCHEINEN<\/strong>: Der volle Betrag wird einbehalten.<\/span><\/li><\/ul>\t\t\t\t<\/div>\n\t\t\t\t<\/div>\n\t\t\t\t<\/div>\n\t\t\t\t\t<\/div>\n\t\t\t\t<\/div>\n\t\t\t\t<\/div>\n\t\t","protected":false},"excerpt":{"rendered":"<p>Hotel Galli Bedingungen FR\u00dcHST\u00dcCK: serviert von 7.30 bis 10.30 Uhr in unserem klimatisierten Raum und drau\u00dfen auf der Terrasse, umgeben&#8230;<\/p>\n","protected":false},"author":1,"featured_media":0,"parent":0,"menu_order":15,"comment_status":"closed","ping_status":"closed","template":"","meta":{"_joinchat":[],"footnotes":""},"class_list":["post-92650","page","type-page","status-publish","hentry"],"yoast_head":"<!-- This site is optimized with the Yoast SEO plugin v26.8 - https:\/\/yoast.com\/product\/yoast-seo-wordpress\/ -->\n<title>Bedingungen - Hotel Galli Wellness &amp; SPA - Fetovaia, Insel Elba<\/title>\n<meta name=\"description\" content=\"Kostenlose Dienstleistungen: Rabattcode f\u00fcr die F\u00e4hre, Whirlpool im Garten, WiFi-Verbindung, Nutzung von Fahrr\u00e4dern, privater Parkplatz, Strandt\u00fccher...\" \/>\n<meta name=\"robots\" content=\"index, follow, max-snippet:-1, max-image-preview:large, max-video-preview:-1\" \/>\n<link rel=\"canonical\" href=\"https:\/\/www.hotelgalli.it\/de\/bedingungen\/\" \/>\n<meta property=\"og:locale\" content=\"de_DE\" \/>\n<meta property=\"og:type\" content=\"article\" \/>\n<meta property=\"og:title\" content=\"Bedingungen - Hotel Galli Wellness &amp; SPA - Fetovaia, Insel Elba\" \/>\n<meta property=\"og:description\" content=\"Kostenlose Dienstleistungen: Rabattcode f\u00fcr die F\u00e4hre, Whirlpool im Garten, WiFi-Verbindung, Nutzung von Fahrr\u00e4dern, privater Parkplatz, Strandt\u00fccher...\" \/>\n<meta property=\"og:url\" content=\"https:\/\/www.hotelgalli.it\/de\/bedingungen\/\" \/>\n<meta property=\"og:site_name\" content=\"Hotel Galli Wellness &amp; SPA\" \/>\n<meta property=\"article:publisher\" content=\"https:\/\/www.facebook.com\/hotelgalli.fetovaia\/\" \/>\n<meta property=\"article:modified_time\" content=\"2026-02-11T14:12:35+00:00\" \/>\n<meta property=\"og:image\" content=\"https:\/\/www.hotelgalli.it\/wp-content\/uploads\/banner_care4uhotel.png\" \/>\n\t<meta property=\"og:image:width\" content=\"2142\" \/>\n\t<meta property=\"og:image:height\" content=\"280\" \/>\n\t<meta property=\"og:image:type\" content=\"image\/png\" \/>\n<meta name=\"twitter:card\" content=\"summary_large_image\" \/>\n<meta name=\"twitter:label1\" content=\"Gesch\u00e4tzte Lesezeit\" \/>\n\t<meta name=\"twitter:data1\" content=\"2\u00a0Minuten\" \/>\n<script type=\"application\/ld+json\" class=\"yoast-schema-graph\">{\"@context\":\"https:\/\/schema.org\",\"@graph\":[{\"@type\":\"WebPage\",\"@id\":\"https:\/\/www.hotelgalli.it\/de\/bedingungen\/\",\"url\":\"https:\/\/www.hotelgalli.it\/de\/bedingungen\/\",\"name\":\"Bedingungen - Hotel Galli Wellness &amp; SPA - Fetovaia, Insel Elba\",\"isPartOf\":{\"@id\":\"https:\/\/www.hotelgalli.it\/de\/#website\"},\"primaryImageOfPage\":{\"@id\":\"https:\/\/www.hotelgalli.it\/de\/bedingungen\/#primaryimage\"},\"image\":{\"@id\":\"https:\/\/www.hotelgalli.it\/de\/bedingungen\/#primaryimage\"},\"thumbnailUrl\":\"https:\/\/www.hotelgalli.it\/wp-content\/uploads\/banner_care4uhotel.png\",\"datePublished\":\"2023-11-27T14:08:57+00:00\",\"dateModified\":\"2026-02-11T14:12:35+00:00\",\"description\":\"Kostenlose Dienstleistungen: Rabattcode f\u00fcr die F\u00e4hre, Whirlpool im Garten, WiFi-Verbindung, Nutzung von Fahrr\u00e4dern, privater Parkplatz, Strandt\u00fccher...\",\"breadcrumb\":{\"@id\":\"https:\/\/www.hotelgalli.it\/de\/bedingungen\/#breadcrumb\"},\"inLanguage\":\"de\",\"potentialAction\":[{\"@type\":\"ReadAction\",\"target\":[\"https:\/\/www.hotelgalli.it\/de\/bedingungen\/\"]}]},{\"@type\":\"ImageObject\",\"inLanguage\":\"de\",\"@id\":\"https:\/\/www.hotelgalli.it\/de\/bedingungen\/#primaryimage\",\"url\":\"https:\/\/www.hotelgalli.it\/wp-content\/uploads\/banner_care4uhotel.png\",\"contentUrl\":\"https:\/\/www.hotelgalli.it\/wp-content\/uploads\/banner_care4uhotel.png\"},{\"@type\":\"BreadcrumbList\",\"@id\":\"https:\/\/www.hotelgalli.it\/de\/bedingungen\/#breadcrumb\",\"itemListElement\":[{\"@type\":\"ListItem\",\"position\":1,\"name\":\"Home\",\"item\":\"https:\/\/www.hotelgalli.it\/de\/\"},{\"@type\":\"ListItem\",\"position\":2,\"name\":\"Bedingungen\"}]},{\"@type\":\"WebSite\",\"@id\":\"https:\/\/www.hotelgalli.it\/de\/#website\",\"url\":\"https:\/\/www.hotelgalli.it\/de\/\",\"name\":\"Hotel Galli Wellness & Spa\",\"description\":\"Fetovaia - Isola d&#039;Elba\",\"publisher\":{\"@id\":\"https:\/\/www.hotelgalli.it\/de\/#organization\"},\"potentialAction\":[{\"@type\":\"SearchAction\",\"target\":{\"@type\":\"EntryPoint\",\"urlTemplate\":\"https:\/\/www.hotelgalli.it\/de\/?s={search_term_string}\"},\"query-input\":{\"@type\":\"PropertyValueSpecification\",\"valueRequired\":true,\"valueName\":\"search_term_string\"}}],\"inLanguage\":\"de\"},{\"@type\":\"Organization\",\"@id\":\"https:\/\/www.hotelgalli.it\/de\/#organization\",\"name\":\"Hotel Galli Wellness & Spa\",\"url\":\"https:\/\/www.hotelgalli.it\/de\/\",\"logo\":{\"@type\":\"ImageObject\",\"inLanguage\":\"de\",\"@id\":\"https:\/\/www.hotelgalli.it\/de\/#\/schema\/logo\/image\/\",\"url\":\"https:\/\/www.hotelgalli.it\/wp-content\/uploads\/hotel_galli_wellness_spa_web.png\",\"contentUrl\":\"https:\/\/www.hotelgalli.it\/wp-content\/uploads\/hotel_galli_wellness_spa_web.png\",\"width\":300,\"height\":101,\"caption\":\"Hotel Galli Wellness & Spa\"},\"image\":{\"@id\":\"https:\/\/www.hotelgalli.it\/de\/#\/schema\/logo\/image\/\"},\"sameAs\":[\"https:\/\/www.facebook.com\/hotelgalli.fetovaia\/\",\"https:\/\/www.instagram.com\/hotelgalli_elba\/\"]}]}<\/script>\n<!-- \/ Yoast SEO plugin. -->","yoast_head_json":{"title":"Bedingungen - Hotel Galli Wellness &amp; SPA - Fetovaia, Insel Elba","description":"Kostenlose Dienstleistungen: Rabattcode f\u00fcr die F\u00e4hre, Whirlpool im Garten, WiFi-Verbindung, Nutzung von Fahrr\u00e4dern, privater Parkplatz, Strandt\u00fccher...","robots":{"index":"index","follow":"follow","max-snippet":"max-snippet:-1","max-image-preview":"max-image-preview:large","max-video-preview":"max-video-preview:-1"},"canonical":"https:\/\/www.hotelgalli.it\/de\/bedingungen\/","og_locale":"de_DE","og_type":"article","og_title":"Bedingungen - Hotel Galli Wellness &amp; SPA - Fetovaia, Insel Elba","og_description":"Kostenlose Dienstleistungen: Rabattcode f\u00fcr die F\u00e4hre, Whirlpool im Garten, WiFi-Verbindung, Nutzung von Fahrr\u00e4dern, privater Parkplatz, Strandt\u00fccher...","og_url":"https:\/\/www.hotelgalli.it\/de\/bedingungen\/","og_site_name":"Hotel Galli Wellness &amp; SPA","article_publisher":"https:\/\/www.facebook.com\/hotelgalli.fetovaia\/","article_modified_time":"2026-02-11T14:12:35+00:00","og_image":[{"width":2142,"height":280,"url":"https:\/\/www.hotelgalli.it\/wp-content\/uploads\/banner_care4uhotel.png","type":"image\/png"}],"twitter_card":"summary_large_image","twitter_misc":{"Gesch\u00e4tzte Lesezeit":"2\u00a0Minuten"},"schema":{"@context":"https:\/\/schema.org","@graph":[{"@type":"WebPage","@id":"https:\/\/www.hotelgalli.it\/de\/bedingungen\/","url":"https:\/\/www.hotelgalli.it\/de\/bedingungen\/","name":"Bedingungen - Hotel Galli Wellness &amp; SPA - Fetovaia, Insel Elba","isPartOf":{"@id":"https:\/\/www.hotelgalli.it\/de\/#website"},"primaryImageOfPage":{"@id":"https:\/\/www.hotelgalli.it\/de\/bedingungen\/#primaryimage"},"image":{"@id":"https:\/\/www.hotelgalli.it\/de\/bedingungen\/#primaryimage"},"thumbnailUrl":"https:\/\/www.hotelgalli.it\/wp-content\/uploads\/banner_care4uhotel.png","datePublished":"2023-11-27T14:08:57+00:00","dateModified":"2026-02-11T14:12:35+00:00","description":"Kostenlose Dienstleistungen: Rabattcode f\u00fcr die F\u00e4hre, Whirlpool im Garten, WiFi-Verbindung, Nutzung von Fahrr\u00e4dern, privater Parkplatz, Strandt\u00fccher...","breadcrumb":{"@id":"https:\/\/www.hotelgalli.it\/de\/bedingungen\/#breadcrumb"},"inLanguage":"de","potentialAction":[{"@type":"ReadAction","target":["https:\/\/www.hotelgalli.it\/de\/bedingungen\/"]}]},{"@type":"ImageObject","inLanguage":"de","@id":"https:\/\/www.hotelgalli.it\/de\/bedingungen\/#primaryimage","url":"https:\/\/www.hotelgalli.it\/wp-content\/uploads\/banner_care4uhotel.png","contentUrl":"https:\/\/www.hotelgalli.it\/wp-content\/uploads\/banner_care4uhotel.png"},{"@type":"BreadcrumbList","@id":"https:\/\/www.hotelgalli.it\/de\/bedingungen\/#breadcrumb","itemListElement":[{"@type":"ListItem","position":1,"name":"Home","item":"https:\/\/www.hotelgalli.it\/de\/"},{"@type":"ListItem","position":2,"name":"Bedingungen"}]},{"@type":"WebSite","@id":"https:\/\/www.hotelgalli.it\/de\/#website","url":"https:\/\/www.hotelgalli.it\/de\/","name":"Hotel Galli Wellness & Spa","description":"Fetovaia - Isola d&#039;Elba","publisher":{"@id":"https:\/\/www.hotelgalli.it\/de\/#organization"},"potentialAction":[{"@type":"SearchAction","target":{"@type":"EntryPoint","urlTemplate":"https:\/\/www.hotelgalli.it\/de\/?s={search_term_string}"},"query-input":{"@type":"PropertyValueSpecification","valueRequired":true,"valueName":"search_term_string"}}],"inLanguage":"de"},{"@type":"Organization","@id":"https:\/\/www.hotelgalli.it\/de\/#organization","name":"Hotel Galli Wellness & Spa","url":"https:\/\/www.hotelgalli.it\/de\/","logo":{"@type":"ImageObject","inLanguage":"de","@id":"https:\/\/www.hotelgalli.it\/de\/#\/schema\/logo\/image\/","url":"https:\/\/www.hotelgalli.it\/wp-content\/uploads\/hotel_galli_wellness_spa_web.png","contentUrl":"https:\/\/www.hotelgalli.it\/wp-content\/uploads\/hotel_galli_wellness_spa_web.png","width":300,"height":101,"caption":"Hotel Galli Wellness & Spa"},"image":{"@id":"https:\/\/www.hotelgalli.it\/de\/#\/schema\/logo\/image\/"},"sameAs":["https:\/\/www.facebook.com\/hotelgalli.fetovaia\/","https:\/\/www.instagram.com\/hotelgalli_elba\/"]}]}},"_links":{"self":[{"href":"https:\/\/www.hotelgalli.it\/de\/wp-json\/wp\/v2\/pages\/92650","targetHints":{"allow":["GET"]}}],"collection":[{"href":"https:\/\/www.hotelgalli.it\/de\/wp-json\/wp\/v2\/pages"}],"about":[{"href":"https:\/\/www.hotelgalli.it\/de\/wp-json\/wp\/v2\/types\/page"}],"author":[{"embeddable":true,"href":"https:\/\/www.hotelgalli.it\/de\/wp-json\/wp\/v2\/users\/1"}],"replies":[{"embeddable":true,"href":"https:\/\/www.hotelgalli.it\/de\/wp-json\/wp\/v2\/comments?post=92650"}],"version-history":[{"count":61,"href":"https:\/\/www.hotelgalli.it\/de\/wp-json\/wp\/v2\/pages\/92650\/revisions"}],"predecessor-version":[{"id":97198,"href":"https:\/\/www.hotelgalli.it\/de\/wp-json\/wp\/v2\/pages\/92650\/revisions\/97198"}],"wp:attachment":[{"href":"https:\/\/www.hotelgalli.it\/de\/wp-json\/wp\/v2\/media?parent=92650"}],"curies":[{"name":"wp","href":"https:\/\/api.w.org\/{rel}","templated":true}]}}