{"id":92181,"date":"2023-11-24T15:09:37","date_gmt":"2023-11-24T14:09:37","guid":{"rendered":"https:\/\/www.hotelgalli.it\/food-solutions\/"},"modified":"2026-03-12T15:21:28","modified_gmt":"2026-03-12T14:21:28","slug":"food-solutions","status":"publish","type":"page","link":"https:\/\/www.hotelgalli.it\/de\/food-solutions\/","title":{"rendered":"Food Solutions"},"content":{"rendered":"\t\t<div data-elementor-type=\"wp-page\" data-elementor-id=\"92181\" class=\"elementor elementor-92181 elementor-89005\">\n\t\t\t\t\t\t<section class=\"elementor-section elementor-top-section elementor-element elementor-element-9c2cbcd elementor-section-stretched elementor-section-full_width elementor-section-height-default elementor-section-height-default tm-col-stretched-none tm-bg-color-over-image\" data-id=\"9c2cbcd\" data-element_type=\"section\" data-settings=\"{&quot;stretch_section&quot;:&quot;section-stretched&quot;,&quot;background_background&quot;:&quot;classic&quot;}\">\n\t\t\t\t\t\t<div class=\"elementor-container elementor-column-gap-default\">\n\t\t\t\t\t<div class=\"elementor-column elementor-col-100 elementor-top-column elementor-element elementor-element-492a908 tm-bg-color-over-image\" data-id=\"492a908\" data-element_type=\"column\">\n\t\t\t<div class=\"elementor-widget-wrap elementor-element-populated\">\n\t\t\t\t\t\t<div class=\"elementor-element elementor-element-87d993f elementor-widget elementor-widget-spacer\" data-id=\"87d993f\" data-element_type=\"widget\" data-widget_type=\"spacer.default\">\n\t\t\t\t<div class=\"elementor-widget-container\">\n\t\t\t\t\t\t\t<div class=\"elementor-spacer\">\n\t\t\t<div class=\"elementor-spacer-inner\"><\/div>\n\t\t<\/div>\n\t\t\t\t\t\t<\/div>\n\t\t\t\t<\/div>\n\t\t\t\t\t<\/div>\n\t\t<\/div>\n\t\t\t\t\t<\/div>\n\t\t<\/section>\n\t\t\t\t<section class=\"elementor-section elementor-top-section elementor-element elementor-element-2f61b088 boxbook elementor-section-boxed elementor-section-height-default elementor-section-height-default tm-col-stretched-none tm-bg-color-over-image\" data-id=\"2f61b088\" data-element_type=\"section\" data-settings=\"{&quot;background_background&quot;:&quot;classic&quot;}\">\n\t\t\t\t\t\t<div class=\"elementor-container elementor-column-gap-extended\">\n\t\t\t\t\t<div class=\"elementor-column elementor-col-100 elementor-top-column elementor-element elementor-element-50e86b59 tm-bg-color-over-image\" data-id=\"50e86b59\" data-element_type=\"column\">\n\t\t\t<div class=\"elementor-widget-wrap elementor-element-populated\">\n\t\t\t\t\t\t<section class=\"elementor-section elementor-inner-section elementor-element elementor-element-74c633ee elementor-section-content-middle elementor-section-boxed elementor-section-height-default elementor-section-height-default tm-col-stretched-none tm-bg-color-over-image\" data-id=\"74c633ee\" data-element_type=\"section\">\n\t\t\t\t\t\t<div class=\"elementor-container elementor-column-gap-default\">\n\t\t\t\t\t<div class=\"elementor-column elementor-col-100 elementor-inner-column elementor-element elementor-element-62efe77b tm-bg-color-over-image\" data-id=\"62efe77b\" data-element_type=\"column\">\n\t\t\t<div class=\"elementor-widget-wrap elementor-element-populated\">\n\t\t\t\t\t\t<div class=\"elementor-element elementor-element-caeda3a elementor-widget__width-auto elementor-widget elementor-widget-shortcode\" data-id=\"caeda3a\" data-element_type=\"widget\" data-widget_type=\"shortcode.default\">\n\t\t\t\t<div class=\"elementor-widget-container\">\n\t\t\t\t\t\t\t<div class=\"elementor-shortcode\"><\/div>\n\t\t\t\t\t\t<\/div>\n\t\t\t\t<\/div>\n\t\t\t\t\t<\/div>\n\t\t<\/div>\n\t\t\t\t\t<\/div>\n\t\t<\/section>\n\t\t\t\t\t<\/div>\n\t\t<\/div>\n\t\t\t\t\t<\/div>\n\t\t<\/section>\n\t\t\t\t<section class=\"elementor-section elementor-top-section elementor-element elementor-element-6d804b5 elementor-section-stretched elementor-section-boxed elementor-section-height-default elementor-section-height-default tm-col-stretched-none tm-bg-color-over-image\" data-id=\"6d804b5\" data-element_type=\"section\" data-settings=\"{&quot;stretch_section&quot;:&quot;section-stretched&quot;}\">\n\t\t\t\t\t\t\t<div class=\"elementor-background-overlay\"><\/div>\n\t\t\t\t\t\t\t<div class=\"elementor-container elementor-column-gap-extended\">\n\t\t\t\t\t<div class=\"elementor-column elementor-col-100 elementor-top-column elementor-element elementor-element-30a1abe tm-bg-color-over-image\" data-id=\"30a1abe\" data-element_type=\"column\">\n\t\t\t<div class=\"elementor-widget-wrap elementor-element-populated\">\n\t\t\t\t\t\t<div class=\"elementor-element elementor-element-1bc8128 horizontal-line-align-left vertical-line-align-bottom elementor-widget elementor-widget-tm-ele-section-title\" data-id=\"1bc8128\" data-element_type=\"widget\" data-widget_type=\"tm-ele-section-title.default\">\n\t\t\t\t<div class=\"elementor-widget-container\">\n\t\t\t\t\t<div class=\"tm-sc-section-title section-title line-left-current-theme \">\r\n\t<div class=\"title-wrapper\">\r\n\t\t\t\t\t\t<h6 class=\"subtitle \">\r\n\r\n\t\t\r\n\t\tHotel Galli\t<\/h6>\r\n\t\t\t\t<h2 class=\"title \">\r\n\r\n\t\t\r\n\t\t\t\t<span class=\"title-part1 \">Food Solutions<\/span>\r\n\t\t\t\t\r\n\t\t\r\n\t<\/h2>\r\n\t<div class=\"title-seperator-line\"><\/div>\t\t\t\t\t\t<\/div>\r\n<\/div>\t\t\t\t<\/div>\n\t\t\t\t<\/div>\n\t\t\t\t<div class=\"elementor-element elementor-element-71e332b elementor-widget elementor-widget-tm-ele-text-editor\" data-id=\"71e332b\" data-element_type=\"widget\" data-widget_type=\"tm-ele-text-editor.default\">\n\t\t\t\t<div class=\"elementor-widget-container\">\n\t\t\t\t\t\t\t<div class=\"tm-text-editor\">\r\n\t\tDAS HOTEL GALLI BIETET ZIMMER MIT FR\u00dcHST\u00dcCK.\t\t<\/div>\r\n\t\t\t\t\t<\/div>\n\t\t\t\t<\/div>\n\t\t\t\t<div class=\"elementor-element elementor-element-2c357ea elementor-widget elementor-widget-tm-ele-list\" data-id=\"2c357ea\" data-element_type=\"widget\" data-widget_type=\"tm-ele-list.default\">\n\t\t\t\t<div class=\"elementor-widget-container\">\n\t\t\t\t\t<ul class=\"tm-sc-list listella\">\r\n\t<li class=\"\">\r\n\t\t\t\t<i aria-hidden=\"true\" class=\" flaticon-common-check-1\"><\/i>\t\t\t\t<span>\r\n\tDas <strong>FR\u00dcHST\u00dcCK<\/strong> wird von 7.30 bis 10.30 Uhr in unserem klimatisierten Raum und drau\u00dfen auf der Terrasse serviert, umgeben von bl\u00fchenden Glyzinien und Bougainvillea. Die Auswahl der Produkte ist vielf\u00e4ltig und befriedigt die Liebhaber von s\u00fc\u00df und salzig. Unsere G\u00e4ste finden eine gro\u00dfe Auswahl an Wurst und K\u00e4se, s\u00fc\u00dfe und herzhafte hausgemachte Kuchen, Elbanischer Honig, Auswahl an Croissants und vieles mehr. F\u00fcr Nahrungsmittelintoleranz und Z\u00f6liakie reicht es aus, das Management bei der Buchung zu informieren.<\/span><\/li>\t<li class=\"\">\r\n\t\t\t\t<i aria-hidden=\"true\" class=\" flaticon-common-check-1\"><\/i>\t\t\t\t<span>\r\n\tF\u00fcr das <strong>MITTAGESSEN<\/strong> bekommen Sie Rabatt im Self-Service \u201ePino Solitario\u201c am Strand, nur 200 Meter vom Hotel entfernt mit einer Terrasse mit Blick auf die Bucht von Fetovaia. Diese bieten eine gro\u00dfe Auswahl an Gerichten, auch zum mitnehmen, ausserdem bieten sie glutenfreie Gerichte und gehen auch auf spezielle Bed\u00fcrfnisse bei Kindern ein.\u00a0<\/span><\/li>\t<li class=\"\">\r\n\t\t\t\t<i aria-hidden=\"true\" class=\" flaticon-common-check-1\"><\/i>\t\t\t\t<span>\r\n\tZum <strong>ABENDESSEN<\/strong> haben wir Vereinbarungen mit mehreren Restaurants in der Umgebung und auf der Insel getroffen, die Ihnen 10 % Rabatt gew\u00e4hren. In Fetovaia nehmen folgende Restaurants teil:<strong>\u201eFood &amp; Drink Calamara\u201c<\/strong>: Direkt auf den Felsen von Fetovaia gelegen, bietet dieses Restaurant Fischspezialit\u00e4ten an und ist wetterabh\u00e4ngig ge\u00f6ffnet.<strong>\u201eRistorante Montemerlo\u201c<\/strong>: Men\u00fc f\u00fcr 30 \u20ac pro Person (ohne Getr\u00e4nke), optional mit Kindermen\u00fc und reduzierter Speisekarte. Ge\u00f6ffnet ab dem 23. April.<strong>\u201eIl Canaletto e la Terrazza\u201c<\/strong>: Men\u00fc f\u00fcr 32 \u20ac pro Person, Kindermen\u00fc und reduzierte Speisekarte (ohne Getr\u00e4nke). Ge\u00f6ffnet ab Mitte Mai.<strong>Die Speisekarten liegen t\u00e4glich an der Rezeption aus. Tischreservierungen sind \u00fcber uns m\u00f6glich.<\/strong><\/span><\/li><\/ul>\t\t\t\t<\/div>\n\t\t\t\t<\/div>\n\t\t\t\t<div class=\"elementor-element elementor-element-2eb8a36 elementor-widget elementor-widget-tm-ele-text-editor\" data-id=\"2eb8a36\" data-element_type=\"widget\" data-widget_type=\"tm-ele-text-editor.default\">\n\t\t\t\t<div class=\"elementor-widget-container\">\n\t\t\t\t\t\t\t<div class=\"tm-text-editor\">\r\n\t\t<p>Es besteht die M\u00f6glichkeit, Ihre Speisen zum Mitnehmen im Hotel zu verzehren; Wir versorgen Sie mit allem, was Sie brauchen.<\/p><p>Nach der Ankunft im Hotel erhalten Sie eine 10% Rabattkarte.<\/p>\t\t<\/div>\r\n\t\t\t\t\t<\/div>\n\t\t\t\t<\/div>\n\t\t\t\t\t<\/div>\n\t\t<\/div>\n\t\t\t\t\t<\/div>\n\t\t<\/section>\n\t\t\t\t<section class=\"elementor-section elementor-top-section elementor-element elementor-element-2a3e4c45 elementor-section-stretched elementor-section-boxed elementor-section-height-default elementor-section-height-default tm-col-stretched-none tm-bg-color-over-image\" data-id=\"2a3e4c45\" data-element_type=\"section\" data-settings=\"{&quot;stretch_section&quot;:&quot;section-stretched&quot;,&quot;background_background&quot;:&quot;classic&quot;}\">\n\t\t\t\t\t\t<div class=\"elementor-container elementor-column-gap-extended\">\n\t\t\t\t\t<div class=\"elementor-column elementor-col-100 elementor-top-column elementor-element elementor-element-1db0fb1d tm-bg-color-over-image\" data-id=\"1db0fb1d\" data-element_type=\"column\">\n\t\t\t<div class=\"elementor-widget-wrap elementor-element-populated\">\n\t\t\t\t\t\t<div class=\"elementor-element elementor-element-37ddbddd elementor-widget elementor-widget-tm-ele-image-gallery\" data-id=\"37ddbddd\" data-element_type=\"widget\" data-widget_type=\"tm-ele-image-gallery.default\">\n\t\t\t\t<div class=\"elementor-widget-container\">\n\t\t\t\t\t\t<div class=\"tm-sc-gallery tm-sc-gallery-carousel lightgallery-lightbox \">\r\n\t\t<!-- Isotope Gallery Grid -->\r\n\t\t<div id=\"gallery-holder-928103\" class=\"owl-carousel owl-theme tm-owl-carousel-5col\" data-nav=\"true\" data-duration=\"6000\" data-smartspeed=\"300\" data-margin=\"30\">\r\n\t\t\t<!-- the loop -->\r\n\t\t\t\t\t\t<!-- Isotope Item Start -->\r\n\t\t\t<div class=\"tm-carousel-item\">\r\n\t\t\t\t<div class=\"tm-gallery-item\">\n\t<div class=\"tm-gallery-inner\">\n\t\t<a class=\"lightgallery-trigger\" data-exthumbimage=\"https:\/\/www.hotelgalli.it\/wp-content\/uploads\/colazione_01.jpg\" title=\"\" data-src=\"https:\/\/www.hotelgalli.it\/wp-content\/uploads\/colazione_01.jpg\" href=\"https:\/\/www.hotelgalli.it\/wp-content\/uploads\/colazione_01.jpg\"><img decoding=\"async\" class=\"thumb\" src=\" https:\/\/www.hotelgalli.it\/wp-content\/uploads\/colazione_01.jpg \" alt=\"\"><\/a>\t<\/div>\n<\/div>\t\t\t<\/div>\r\n\t\t\t<!-- Isotope Item End -->\r\n\t\t\t\t\t\t<!-- Isotope Item Start -->\r\n\t\t\t<div class=\"tm-carousel-item\">\r\n\t\t\t\t<div class=\"tm-gallery-item\">\n\t<div class=\"tm-gallery-inner\">\n\t\t<a class=\"lightgallery-trigger\" data-exthumbimage=\"https:\/\/www.hotelgalli.it\/wp-content\/uploads\/colazione_02.jpg\" title=\"\" data-src=\"https:\/\/www.hotelgalli.it\/wp-content\/uploads\/colazione_02.jpg\" href=\"https:\/\/www.hotelgalli.it\/wp-content\/uploads\/colazione_02.jpg\"><img decoding=\"async\" class=\"thumb\" src=\" https:\/\/www.hotelgalli.it\/wp-content\/uploads\/colazione_02.jpg \" alt=\"\"><\/a>\t<\/div>\n<\/div>\t\t\t<\/div>\r\n\t\t\t<!-- Isotope Item End -->\r\n\t\t\t\t\t\t<!-- Isotope Item Start -->\r\n\t\t\t<div class=\"tm-carousel-item\">\r\n\t\t\t\t<div class=\"tm-gallery-item\">\n\t<div class=\"tm-gallery-inner\">\n\t\t<a class=\"lightgallery-trigger\" data-exthumbimage=\"https:\/\/www.hotelgalli.it\/wp-content\/uploads\/colazione_03.jpg\" title=\"\" data-src=\"https:\/\/www.hotelgalli.it\/wp-content\/uploads\/colazione_03.jpg\" href=\"https:\/\/www.hotelgalli.it\/wp-content\/uploads\/colazione_03.jpg\"><img decoding=\"async\" class=\"thumb\" src=\" https:\/\/www.hotelgalli.it\/wp-content\/uploads\/colazione_03.jpg \" alt=\"\"><\/a>\t<\/div>\n<\/div>\t\t\t<\/div>\r\n\t\t\t<!-- Isotope Item End -->\r\n\t\t\t\t\t\t<!-- Isotope Item Start -->\r\n\t\t\t<div class=\"tm-carousel-item\">\r\n\t\t\t\t<div class=\"tm-gallery-item\">\n\t<div class=\"tm-gallery-inner\">\n\t\t<a class=\"lightgallery-trigger\" data-exthumbimage=\"https:\/\/www.hotelgalli.it\/wp-content\/uploads\/colazione_04.jpg\" title=\"\" data-src=\"https:\/\/www.hotelgalli.it\/wp-content\/uploads\/colazione_04.jpg\" href=\"https:\/\/www.hotelgalli.it\/wp-content\/uploads\/colazione_04.jpg\"><img decoding=\"async\" class=\"thumb\" src=\" https:\/\/www.hotelgalli.it\/wp-content\/uploads\/colazione_04.jpg \" alt=\"\"><\/a>\t<\/div>\n<\/div>\t\t\t<\/div>\r\n\t\t\t<!-- Isotope Item End -->\r\n\t\t\t\t\t\t<!-- Isotope Item Start -->\r\n\t\t\t<div class=\"tm-carousel-item\">\r\n\t\t\t\t<div class=\"tm-gallery-item\">\n\t<div class=\"tm-gallery-inner\">\n\t\t<a class=\"lightgallery-trigger\" data-exthumbimage=\"https:\/\/www.hotelgalli.it\/wp-content\/uploads\/colazione_05.jpg\" title=\"\" data-src=\"https:\/\/www.hotelgalli.it\/wp-content\/uploads\/colazione_05.jpg\" href=\"https:\/\/www.hotelgalli.it\/wp-content\/uploads\/colazione_05.jpg\"><img decoding=\"async\" class=\"thumb\" src=\" https:\/\/www.hotelgalli.it\/wp-content\/uploads\/colazione_05.jpg \" alt=\"\"><\/a>\t<\/div>\n<\/div>\t\t\t<\/div>\r\n\t\t\t<!-- Isotope Item End -->\r\n\t\t\t\t\t\t<!-- Isotope Item Start -->\r\n\t\t\t<div class=\"tm-carousel-item\">\r\n\t\t\t\t<div class=\"tm-gallery-item\">\n\t<div class=\"tm-gallery-inner\">\n\t\t<a class=\"lightgallery-trigger\" data-exthumbimage=\"https:\/\/www.hotelgalli.it\/wp-content\/uploads\/colazione_06.jpg\" title=\"\" data-src=\"https:\/\/www.hotelgalli.it\/wp-content\/uploads\/colazione_06.jpg\" href=\"https:\/\/www.hotelgalli.it\/wp-content\/uploads\/colazione_06.jpg\"><img decoding=\"async\" class=\"thumb\" src=\" https:\/\/www.hotelgalli.it\/wp-content\/uploads\/colazione_06.jpg \" alt=\"\"><\/a>\t<\/div>\n<\/div>\t\t\t<\/div>\r\n\t\t\t<!-- Isotope Item End -->\r\n\t\t\t\t\t\t<!-- Isotope Item Start -->\r\n\t\t\t<div class=\"tm-carousel-item\">\r\n\t\t\t\t<div class=\"tm-gallery-item\">\n\t<div class=\"tm-gallery-inner\">\n\t\t<a class=\"lightgallery-trigger\" data-exthumbimage=\"https:\/\/www.hotelgalli.it\/wp-content\/uploads\/colazione_07.jpg\" title=\"\" data-src=\"https:\/\/www.hotelgalli.it\/wp-content\/uploads\/colazione_07.jpg\" href=\"https:\/\/www.hotelgalli.it\/wp-content\/uploads\/colazione_07.jpg\"><img decoding=\"async\" class=\"thumb\" src=\" https:\/\/www.hotelgalli.it\/wp-content\/uploads\/colazione_07.jpg \" alt=\"\"><\/a>\t<\/div>\n<\/div>\t\t\t<\/div>\r\n\t\t\t<!-- Isotope Item End -->\r\n\t\t\t\t\t\t<!-- Isotope Item Start -->\r\n\t\t\t<div class=\"tm-carousel-item\">\r\n\t\t\t\t<div class=\"tm-gallery-item\">\n\t<div class=\"tm-gallery-inner\">\n\t\t<a class=\"lightgallery-trigger\" data-exthumbimage=\"https:\/\/www.hotelgalli.it\/wp-content\/uploads\/colazione_08.jpg\" title=\"\" data-src=\"https:\/\/www.hotelgalli.it\/wp-content\/uploads\/colazione_08.jpg\" href=\"https:\/\/www.hotelgalli.it\/wp-content\/uploads\/colazione_08.jpg\"><img decoding=\"async\" class=\"thumb\" src=\" https:\/\/www.hotelgalli.it\/wp-content\/uploads\/colazione_08.jpg \" alt=\"\"><\/a>\t<\/div>\n<\/div>\t\t\t<\/div>\r\n\t\t\t<!-- Isotope Item End -->\r\n\t\t\t\t\t\t<!-- Isotope Item Start -->\r\n\t\t\t<div class=\"tm-carousel-item\">\r\n\t\t\t\t<div class=\"tm-gallery-item\">\n\t<div class=\"tm-gallery-inner\">\n\t\t<a class=\"lightgallery-trigger\" data-exthumbimage=\"https:\/\/www.hotelgalli.it\/wp-content\/uploads\/colazione_09.jpg\" title=\"\" data-src=\"https:\/\/www.hotelgalli.it\/wp-content\/uploads\/colazione_09.jpg\" href=\"https:\/\/www.hotelgalli.it\/wp-content\/uploads\/colazione_09.jpg\"><img decoding=\"async\" class=\"thumb\" src=\" https:\/\/www.hotelgalli.it\/wp-content\/uploads\/colazione_09.jpg \" alt=\"\"><\/a>\t<\/div>\n<\/div>\t\t\t<\/div>\r\n\t\t\t<!-- Isotope Item End -->\r\n\t\t\t\t\t\t<!-- Isotope Item Start -->\r\n\t\t\t<div class=\"tm-carousel-item\">\r\n\t\t\t\t<div class=\"tm-gallery-item\">\n\t<div class=\"tm-gallery-inner\">\n\t\t<a class=\"lightgallery-trigger\" data-exthumbimage=\"https:\/\/www.hotelgalli.it\/wp-content\/uploads\/colazione_10.jpg\" title=\"\" data-src=\"https:\/\/www.hotelgalli.it\/wp-content\/uploads\/colazione_10.jpg\" href=\"https:\/\/www.hotelgalli.it\/wp-content\/uploads\/colazione_10.jpg\"><img decoding=\"async\" class=\"thumb\" src=\" https:\/\/www.hotelgalli.it\/wp-content\/uploads\/colazione_10.jpg \" alt=\"\"><\/a>\t<\/div>\n<\/div>\t\t\t<\/div>\r\n\t\t\t<!-- Isotope Item End -->\r\n\t\t\t\t\t\t<!-- Isotope Item Start -->\r\n\t\t\t<div class=\"tm-carousel-item\">\r\n\t\t\t\t<div class=\"tm-gallery-item\">\n\t<div class=\"tm-gallery-inner\">\n\t\t<a class=\"lightgallery-trigger\" data-exthumbimage=\"https:\/\/www.hotelgalli.it\/wp-content\/uploads\/colazione_11.jpg\" title=\"\" data-src=\"https:\/\/www.hotelgalli.it\/wp-content\/uploads\/colazione_11.jpg\" href=\"https:\/\/www.hotelgalli.it\/wp-content\/uploads\/colazione_11.jpg\"><img decoding=\"async\" class=\"thumb\" src=\" https:\/\/www.hotelgalli.it\/wp-content\/uploads\/colazione_11.jpg \" alt=\"\"><\/a>\t<\/div>\n<\/div>\t\t\t<\/div>\r\n\t\t\t<!-- Isotope Item End -->\r\n\t\t\t\t\t\t<!-- Isotope Item Start -->\r\n\t\t\t<div class=\"tm-carousel-item\">\r\n\t\t\t\t<div class=\"tm-gallery-item\">\n\t<div class=\"tm-gallery-inner\">\n\t\t<a class=\"lightgallery-trigger\" data-exthumbimage=\"https:\/\/www.hotelgalli.it\/wp-content\/uploads\/colazione_12.jpg\" title=\"\" data-src=\"https:\/\/www.hotelgalli.it\/wp-content\/uploads\/colazione_12.jpg\" href=\"https:\/\/www.hotelgalli.it\/wp-content\/uploads\/colazione_12.jpg\"><img decoding=\"async\" class=\"thumb\" src=\" https:\/\/www.hotelgalli.it\/wp-content\/uploads\/colazione_12.jpg \" alt=\"\"><\/a>\t<\/div>\n<\/div>\t\t\t<\/div>\r\n\t\t\t<!-- Isotope Item End -->\r\n\t\t\t\t\t\t<!-- end of the loop -->\r\n\t\t<\/div>\r\n\t\t<!-- End Isotope Gallery Grid -->\r\n\t<\/div>\r\n\t\t\t\t<\/div>\n\t\t\t\t<\/div>\n\t\t\t\t\t<\/div>\n\t\t<\/div>\n\t\t\t\t\t<\/div>\n\t\t<\/section>\n\t\t\t\t<\/div>\n\t\t","protected":false},"excerpt":{"rendered":"<p>Hotel Galli Food Solutions DAS HOTEL GALLI BIETET ZIMMER MIT FR\u00dcHST\u00dcCK. Das FR\u00dcHST\u00dcCK wird von 7.30 bis 10.30 Uhr in&#8230;<\/p>\n","protected":false},"author":1,"featured_media":0,"parent":0,"menu_order":3,"comment_status":"closed","ping_status":"closed","template":"","meta":{"_joinchat":[],"footnotes":""},"class_list":["post-92181","page","type-page","status-publish","hentry"],"yoast_head":"<!-- This site is optimized with the Yoast SEO plugin v26.8 - https:\/\/yoast.com\/product\/yoast-seo-wordpress\/ -->\n<title>Food Solutions - Hotel Galli Wellness &amp; SPA - Fetovaia, Insel Elba<\/title>\n<meta name=\"description\" content=\"Das Fr\u00fchst\u00fcck wird in unserem klimatisierten Raum und drau\u00dfen auf der Terrasse serviert, umgeben von bl\u00fchenden Glyzinien und Bougainvillea.\" \/>\n<meta name=\"robots\" content=\"index, follow, max-snippet:-1, max-image-preview:large, max-video-preview:-1\" \/>\n<link rel=\"canonical\" href=\"https:\/\/www.hotelgalli.it\/de\/food-solutions\/\" \/>\n<meta property=\"og:locale\" content=\"de_DE\" \/>\n<meta property=\"og:type\" content=\"article\" \/>\n<meta property=\"og:title\" content=\"Food Solutions - Hotel Galli Wellness &amp; SPA - Fetovaia, Insel Elba\" \/>\n<meta property=\"og:description\" content=\"Das Fr\u00fchst\u00fcck wird in unserem klimatisierten Raum und drau\u00dfen auf der Terrasse serviert, umgeben von bl\u00fchenden Glyzinien und Bougainvillea.\" \/>\n<meta property=\"og:url\" content=\"https:\/\/www.hotelgalli.it\/de\/food-solutions\/\" \/>\n<meta property=\"og:site_name\" content=\"Hotel Galli Wellness &amp; SPA\" \/>\n<meta property=\"article:publisher\" content=\"https:\/\/www.facebook.com\/hotelgalli.fetovaia\/\" \/>\n<meta property=\"article:modified_time\" content=\"2026-03-12T14:21:28+00:00\" \/>\n<meta name=\"twitter:card\" content=\"summary_large_image\" \/>\n<meta name=\"twitter:label1\" content=\"Gesch\u00e4tzte Lesezeit\" \/>\n\t<meta name=\"twitter:data1\" content=\"1\u00a0Minute\" \/>\n<script type=\"application\/ld+json\" class=\"yoast-schema-graph\">{\"@context\":\"https:\/\/schema.org\",\"@graph\":[{\"@type\":\"WebPage\",\"@id\":\"https:\/\/www.hotelgalli.it\/de\/food-solutions\/\",\"url\":\"https:\/\/www.hotelgalli.it\/de\/food-solutions\/\",\"name\":\"Food Solutions - Hotel Galli Wellness &amp; SPA - Fetovaia, Insel Elba\",\"isPartOf\":{\"@id\":\"https:\/\/www.hotelgalli.it\/de\/#website\"},\"datePublished\":\"2023-11-24T14:09:37+00:00\",\"dateModified\":\"2026-03-12T14:21:28+00:00\",\"description\":\"Das Fr\u00fchst\u00fcck wird in unserem klimatisierten Raum und drau\u00dfen auf der Terrasse serviert, umgeben von bl\u00fchenden Glyzinien und Bougainvillea.\",\"breadcrumb\":{\"@id\":\"https:\/\/www.hotelgalli.it\/de\/food-solutions\/#breadcrumb\"},\"inLanguage\":\"de\",\"potentialAction\":[{\"@type\":\"ReadAction\",\"target\":[\"https:\/\/www.hotelgalli.it\/de\/food-solutions\/\"]}]},{\"@type\":\"BreadcrumbList\",\"@id\":\"https:\/\/www.hotelgalli.it\/de\/food-solutions\/#breadcrumb\",\"itemListElement\":[{\"@type\":\"ListItem\",\"position\":1,\"name\":\"Home\",\"item\":\"https:\/\/www.hotelgalli.it\/de\/\"},{\"@type\":\"ListItem\",\"position\":2,\"name\":\"Food Solutions\"}]},{\"@type\":\"WebSite\",\"@id\":\"https:\/\/www.hotelgalli.it\/de\/#website\",\"url\":\"https:\/\/www.hotelgalli.it\/de\/\",\"name\":\"Hotel Galli Wellness & Spa\",\"description\":\"Fetovaia - Isola d&#039;Elba\",\"publisher\":{\"@id\":\"https:\/\/www.hotelgalli.it\/de\/#organization\"},\"potentialAction\":[{\"@type\":\"SearchAction\",\"target\":{\"@type\":\"EntryPoint\",\"urlTemplate\":\"https:\/\/www.hotelgalli.it\/de\/?s={search_term_string}\"},\"query-input\":{\"@type\":\"PropertyValueSpecification\",\"valueRequired\":true,\"valueName\":\"search_term_string\"}}],\"inLanguage\":\"de\"},{\"@type\":\"Organization\",\"@id\":\"https:\/\/www.hotelgalli.it\/de\/#organization\",\"name\":\"Hotel Galli Wellness & Spa\",\"url\":\"https:\/\/www.hotelgalli.it\/de\/\",\"logo\":{\"@type\":\"ImageObject\",\"inLanguage\":\"de\",\"@id\":\"https:\/\/www.hotelgalli.it\/de\/#\/schema\/logo\/image\/\",\"url\":\"https:\/\/www.hotelgalli.it\/wp-content\/uploads\/hotel_galli_wellness_spa_web.png\",\"contentUrl\":\"https:\/\/www.hotelgalli.it\/wp-content\/uploads\/hotel_galli_wellness_spa_web.png\",\"width\":300,\"height\":101,\"caption\":\"Hotel Galli Wellness & Spa\"},\"image\":{\"@id\":\"https:\/\/www.hotelgalli.it\/de\/#\/schema\/logo\/image\/\"},\"sameAs\":[\"https:\/\/www.facebook.com\/hotelgalli.fetovaia\/\",\"https:\/\/www.instagram.com\/hotelgalli_elba\/\"]}]}<\/script>\n<!-- \/ Yoast SEO plugin. -->","yoast_head_json":{"title":"Food Solutions - Hotel Galli Wellness &amp; SPA - Fetovaia, Insel Elba","description":"Das Fr\u00fchst\u00fcck wird in unserem klimatisierten Raum und drau\u00dfen auf der Terrasse serviert, umgeben von bl\u00fchenden Glyzinien und Bougainvillea.","robots":{"index":"index","follow":"follow","max-snippet":"max-snippet:-1","max-image-preview":"max-image-preview:large","max-video-preview":"max-video-preview:-1"},"canonical":"https:\/\/www.hotelgalli.it\/de\/food-solutions\/","og_locale":"de_DE","og_type":"article","og_title":"Food Solutions - Hotel Galli Wellness &amp; SPA - Fetovaia, Insel Elba","og_description":"Das Fr\u00fchst\u00fcck wird in unserem klimatisierten Raum und drau\u00dfen auf der Terrasse serviert, umgeben von bl\u00fchenden Glyzinien und Bougainvillea.","og_url":"https:\/\/www.hotelgalli.it\/de\/food-solutions\/","og_site_name":"Hotel Galli Wellness &amp; SPA","article_publisher":"https:\/\/www.facebook.com\/hotelgalli.fetovaia\/","article_modified_time":"2026-03-12T14:21:28+00:00","twitter_card":"summary_large_image","twitter_misc":{"Gesch\u00e4tzte Lesezeit":"1\u00a0Minute"},"schema":{"@context":"https:\/\/schema.org","@graph":[{"@type":"WebPage","@id":"https:\/\/www.hotelgalli.it\/de\/food-solutions\/","url":"https:\/\/www.hotelgalli.it\/de\/food-solutions\/","name":"Food Solutions - Hotel Galli Wellness &amp; SPA - Fetovaia, Insel Elba","isPartOf":{"@id":"https:\/\/www.hotelgalli.it\/de\/#website"},"datePublished":"2023-11-24T14:09:37+00:00","dateModified":"2026-03-12T14:21:28+00:00","description":"Das Fr\u00fchst\u00fcck wird in unserem klimatisierten Raum und drau\u00dfen auf der Terrasse serviert, umgeben von bl\u00fchenden Glyzinien und Bougainvillea.","breadcrumb":{"@id":"https:\/\/www.hotelgalli.it\/de\/food-solutions\/#breadcrumb"},"inLanguage":"de","potentialAction":[{"@type":"ReadAction","target":["https:\/\/www.hotelgalli.it\/de\/food-solutions\/"]}]},{"@type":"BreadcrumbList","@id":"https:\/\/www.hotelgalli.it\/de\/food-solutions\/#breadcrumb","itemListElement":[{"@type":"ListItem","position":1,"name":"Home","item":"https:\/\/www.hotelgalli.it\/de\/"},{"@type":"ListItem","position":2,"name":"Food Solutions"}]},{"@type":"WebSite","@id":"https:\/\/www.hotelgalli.it\/de\/#website","url":"https:\/\/www.hotelgalli.it\/de\/","name":"Hotel Galli Wellness & Spa","description":"Fetovaia - Isola d&#039;Elba","publisher":{"@id":"https:\/\/www.hotelgalli.it\/de\/#organization"},"potentialAction":[{"@type":"SearchAction","target":{"@type":"EntryPoint","urlTemplate":"https:\/\/www.hotelgalli.it\/de\/?s={search_term_string}"},"query-input":{"@type":"PropertyValueSpecification","valueRequired":true,"valueName":"search_term_string"}}],"inLanguage":"de"},{"@type":"Organization","@id":"https:\/\/www.hotelgalli.it\/de\/#organization","name":"Hotel Galli Wellness & Spa","url":"https:\/\/www.hotelgalli.it\/de\/","logo":{"@type":"ImageObject","inLanguage":"de","@id":"https:\/\/www.hotelgalli.it\/de\/#\/schema\/logo\/image\/","url":"https:\/\/www.hotelgalli.it\/wp-content\/uploads\/hotel_galli_wellness_spa_web.png","contentUrl":"https:\/\/www.hotelgalli.it\/wp-content\/uploads\/hotel_galli_wellness_spa_web.png","width":300,"height":101,"caption":"Hotel Galli Wellness & Spa"},"image":{"@id":"https:\/\/www.hotelgalli.it\/de\/#\/schema\/logo\/image\/"},"sameAs":["https:\/\/www.facebook.com\/hotelgalli.fetovaia\/","https:\/\/www.instagram.com\/hotelgalli_elba\/"]}]}},"_links":{"self":[{"href":"https:\/\/www.hotelgalli.it\/de\/wp-json\/wp\/v2\/pages\/92181","targetHints":{"allow":["GET"]}}],"collection":[{"href":"https:\/\/www.hotelgalli.it\/de\/wp-json\/wp\/v2\/pages"}],"about":[{"href":"https:\/\/www.hotelgalli.it\/de\/wp-json\/wp\/v2\/types\/page"}],"author":[{"embeddable":true,"href":"https:\/\/www.hotelgalli.it\/de\/wp-json\/wp\/v2\/users\/1"}],"replies":[{"embeddable":true,"href":"https:\/\/www.hotelgalli.it\/de\/wp-json\/wp\/v2\/comments?post=92181"}],"version-history":[{"count":40,"href":"https:\/\/www.hotelgalli.it\/de\/wp-json\/wp\/v2\/pages\/92181\/revisions"}],"predecessor-version":[{"id":97313,"href":"https:\/\/www.hotelgalli.it\/de\/wp-json\/wp\/v2\/pages\/92181\/revisions\/97313"}],"wp:attachment":[{"href":"https:\/\/www.hotelgalli.it\/de\/wp-json\/wp\/v2\/media?parent=92181"}],"curies":[{"name":"wp","href":"https:\/\/api.w.org\/{rel}","templated":true}]}}